{"id":11321,"date":"2025-03-13T06:17:13","date_gmt":"2025-03-13T06:17:13","guid":{"rendered":"https:\/\/toprisesafety.com\/?post_type=product&#038;p=11321"},"modified":"2025-03-17T04:38:35","modified_gmt":"2025-03-17T04:38:35","slug":"rubber-boots-for-men","status":"publish","type":"product","link":"https:\/\/toprisesafety.com\/fr\/produit\/rubber-boots-for-men\/","title":{"rendered":"Bottes en caoutchouc pour hommes"},"content":{"rendered":"<h2>Bottes en caoutchouc pour hommes<\/h2>\n<ul>\n<li>Embout en acier standard et conception de la semelle interm\u00e9diaire : prot\u00e8ge efficacement les pieds contre les fortes pressions et les objets tranchants.<\/li>\n<li>Semelle antid\u00e9rapante : assure une marche stable dans les environnements humides et glissants et renforce la s\u00e9curit\u00e9.<\/li>\n<li>Mat\u00e9riau PVC : imperm\u00e9able, r\u00e9sistant \u00e0 l'usure, adapt\u00e9 aux environnements de travail humides ou boueux.<\/li>\n<li>Confort : conception l\u00e9g\u00e8re, ne fatigue pas les pieds, convient \u00e0 un usage prolong\u00e9.<\/li>\n<li>Polyvalent : Particuli\u00e8rement adapt\u00e9 aux lieux de travail \u00e0 haute intensit\u00e9 tels que les chantiers de construction, l'agriculture et les jardins, il offre une protection int\u00e9grale des pieds.<\/li>\n<\/ul>\n<table>\n<tbody>\n<tr>\n<td width=\"284\">Art No.<\/td>\n<td width=\"284\">RB05-G<\/td>\n<\/tr>\n<tr>\n<td width=\"284\">Style<\/td>\n<td width=\"284\">Bottes en caoutchouc r\u00e9sistantes<\/td>\n<\/tr>\n<tr>\n<td width=\"284\">Mat\u00e9riau<\/td>\n<td width=\"284\">PVC + doublure en tissu facile \u00e0 s\u00e9cher<\/td>\n<\/tr>\n<tr>\n<td width=\"284\">Caract\u00e9ristiques<\/td>\n<td width=\"284\">Embout en acier 200J, semelle interm\u00e9diaire en acier pour le choix<\/td>\n<\/tr>\n<tr>\n<td width=\"284\">Couleur<\/td>\n<td width=\"284\">Noir\/rouge ou sur mesure<\/td>\n<\/tr>\n<tr>\n<td width=\"284\">Taille<\/td>\n<td width=\"284\">38-46 pour le choix<\/td>\n<\/tr>\n<tr>\n<td width=\"284\">MOQ<\/td>\n<td width=\"284\">500 paires<\/td>\n<\/tr>\n<tr>\n<td width=\"284\">Avantage<\/td>\n<td width=\"284\">Personnalisation de l'assistance<\/td>\n<\/tr>\n<\/tbody>\n<\/table>\n<p>TOPRISE prend en charge diff\u00e9rents styles de bottes en pvc et de bottes en caoutchouc personnalis\u00e9es ; cliquez pour <a href=\"https:\/\/toprisesafety.com\/fr\/categorie-produit\/personal-protective-equipment\/foot-protection\/pvc-boots\/\">voir d'autres mod\u00e8les de bottes en pvc et de bottes en caoutchouc.<\/a><\/p>\n<p>Si vous ne trouvez pas les bottes en pvc et les bottes en caoutchouc dont vous avez besoin <a href=\"https:\/\/toprisesafety.com\/fr\/contact-us\/\">nous contacter<\/a>; nous prenons en charge la personnalisation sp\u00e9ciale.<\/p>","protected":false},"excerpt":{"rendered":"<p>No. d'art : RB05-G<\/p>\n<p>Taille : EUR : 38-46<\/p>\n<p>Mati\u00e8re : PVC + doublure en tissu facile \u00e0 s\u00e9cher<\/p>\n<p>Couleur : noir, vert, jaune, blanc, etc.<\/p>","protected":false},"featured_media":11324,"template":"","meta":{"_acf_changed":false},"product_brand":[],"product_cat":[342,344],"product_tag":[],"class_list":{"0":"post-11321","1":"product","2":"type-product","3":"status-publish","4":"has-post-thumbnail","6":"product_cat-foot-protection","7":"product_cat-pvc-boots","9":"first","10":"instock","11":"shipping-taxable","12":"product-type-simple"},"acf":[],"_links":{"self":[{"href":"https:\/\/toprisesafety.com\/fr\/wp-json\/wp\/v2\/product\/11321"}],"collection":[{"href":"https:\/\/toprisesafety.com\/fr\/wp-json\/wp\/v2\/product"}],"about":[{"href":"https:\/\/toprisesafety.com\/fr\/wp-json\/wp\/v2\/types\/product"}],"wp:featuredmedia":[{"embeddable":true,"href":"https:\/\/toprisesafety.com\/fr\/wp-json\/wp\/v2\/media\/11324"}],"wp:attachment":[{"href":"https:\/\/toprisesafety.com\/fr\/wp-json\/wp\/v2\/media?parent=11321"}],"wp:term":[{"taxonomy":"product_brand","embeddable":true,"href":"https:\/\/toprisesafety.com\/fr\/wp-json\/wp\/v2\/product_brand?post=11321"},{"taxonomy":"product_cat","embeddable":true,"href":"https:\/\/toprisesafety.com\/fr\/wp-json\/wp\/v2\/product_cat?post=11321"},{"taxonomy":"product_tag","embeddable":true,"href":"https:\/\/toprisesafety.com\/fr\/wp-json\/wp\/v2\/product_tag?post=11321"}],"curies":[{"name":"wp","href":"https:\/\/api.w.org\/{rel}","templated":true}]}}