{"id":11224,"date":"2025-03-11T06:40:38","date_gmt":"2025-03-11T06:40:38","guid":{"rendered":"https:\/\/toprisesafety.com\/?post_type=product&#038;p=11224"},"modified":"2025-03-11T07:01:05","modified_gmt":"2025-03-11T07:01:05","slug":"mens-military-tactical-work-boots","status":"publish","type":"product","link":"https:\/\/toprisesafety.com\/fr\/produit\/mens-military-tactical-work-boots\/","title":{"rendered":"Bottes militaires tactiques pour hommes"},"content":{"rendered":"<h2>Bottes militaires tactiques pour hommes<\/h2>\n<p>Caract\u00e9ristiques :<\/p>\n<ul>\n<li>High-quality suede leather: durable and breathable, suitable for a variety of harsh environments.<\/li>\n<li>PU injection molded sole: lightweight and wear-resistant, providing excellent anti-slip performance.<\/li>\n<li>Comfortable shock absorption design: reduce foot pressure, suitable for long time use.<\/li>\n<li>Fashion camouflage pattern: modern appearance, practical and stylish.<\/li>\n<li>Support customization: Meet individual needs, customize appearance and function.<\/li>\n<li>Multifunctional application: suitable for military police, outdoor activities and other occasions.<\/li>\n<\/ul>\n<table>\n<tbody>\n<tr>\n<td width=\"279\">Art No.<\/td>\n<td width=\"280\">SB15<\/td>\n<\/tr>\n<tr>\n<td width=\"279\">Mat\u00e9riau<\/td>\n<td width=\"280\">Cuir de daim + semelle inject\u00e9e en PU<\/td>\n<\/tr>\n<tr>\n<td width=\"279\">Atelier<\/td>\n<td width=\"280\">Semelle en PU inject\u00e9<\/td>\n<\/tr>\n<tr>\n<td width=\"279\">Taille<\/td>\n<td width=\"280\">36-46<\/td>\n<\/tr>\n<tr>\n<td width=\"279\">Logo<\/td>\n<td width=\"280\">Le logo du client est disponible<\/td>\n<\/tr>\n<tr>\n<td width=\"279\">Personnalisation<\/td>\n<td width=\"280\">Embout en acier, semelle interm\u00e9diaire en acier ou semelle interm\u00e9diaire en kevlar, etc.<\/td>\n<\/tr>\n<tr>\n<td width=\"279\">Emballage<\/td>\n<td width=\"280\">1PR\/Color box, 10PRS\/CTN<\/td>\n<\/tr>\n<\/tbody>\n<\/table>\n<p>TOPRISE prend en charge diff\u00e9rents styles de personnalisation des chaussures de s\u00e9curit\u00e9 ; cliquez pour voir <a href=\"https:\/\/toprisesafety.com\/fr\/categorie-produit\/personal-protective-equipment\/foot-protection\/safety-shoes\/\">plus de styles de chaussures de s\u00e9curit\u00e9<\/a>.<\/p>\n<p>Si vous ne trouvez pas les chaussures de s\u00e9curit\u00e9 dont vous avez besoin, contactez-nous ; nous sommes en mesure de r\u00e9aliser des personnalisations sp\u00e9ciales.<\/p>","protected":false},"excerpt":{"rendered":"<p>Art No.: SB18<\/p>\n<p>Taille : 36-46<\/p>\n<p>Material: Suede leather+ PU injection sole<\/p>\n<p>Ex\u00e9cution : Semelle inject\u00e9e en PU<\/p>\n<p>MOQ:1000PRS<\/p>\n<p>Nous pouvons prendre en charge diff\u00e9rentes normes de bottes de s\u00e9curit\u00e9.<\/p>","protected":false},"featured_media":11225,"template":"","meta":{"_acf_changed":false},"product_brand":[],"product_cat":[343,342],"product_tag":[],"class_list":{"0":"post-11224","1":"product","2":"type-product","3":"status-publish","4":"has-post-thumbnail","6":"product_cat-safety-shoes","7":"product_cat-foot-protection","9":"first","10":"instock","11":"shipping-taxable","12":"product-type-simple"},"acf":[],"_links":{"self":[{"href":"https:\/\/toprisesafety.com\/fr\/wp-json\/wp\/v2\/product\/11224"}],"collection":[{"href":"https:\/\/toprisesafety.com\/fr\/wp-json\/wp\/v2\/product"}],"about":[{"href":"https:\/\/toprisesafety.com\/fr\/wp-json\/wp\/v2\/types\/product"}],"wp:featuredmedia":[{"embeddable":true,"href":"https:\/\/toprisesafety.com\/fr\/wp-json\/wp\/v2\/media\/11225"}],"wp:attachment":[{"href":"https:\/\/toprisesafety.com\/fr\/wp-json\/wp\/v2\/media?parent=11224"}],"wp:term":[{"taxonomy":"product_brand","embeddable":true,"href":"https:\/\/toprisesafety.com\/fr\/wp-json\/wp\/v2\/product_brand?post=11224"},{"taxonomy":"product_cat","embeddable":true,"href":"https:\/\/toprisesafety.com\/fr\/wp-json\/wp\/v2\/product_cat?post=11224"},{"taxonomy":"product_tag","embeddable":true,"href":"https:\/\/toprisesafety.com\/fr\/wp-json\/wp\/v2\/product_tag?post=11224"}],"curies":[{"name":"wp","href":"https:\/\/api.w.org\/{rel}","templated":true}]}}