{"id":11220,"date":"2025-03-11T06:36:05","date_gmt":"2025-03-11T06:36:05","guid":{"rendered":"https:\/\/toprisesafety.com\/?post_type=product&#038;p=11220"},"modified":"2025-03-11T07:30:16","modified_gmt":"2025-03-11T07:30:16","slug":"chelsea-work-boots","status":"publish","type":"product","link":"https:\/\/toprisesafety.com\/fr\/produit\/chelsea-work-boots\/","title":{"rendered":"Bottes de travail Chelsea"},"content":{"rendered":"<h2>Bottes de travail Chelsea<\/h2>\n<p>Les avantages de ces chaussures de travail Chelsea :<\/p>\n<ul>\n<li>Semelles en TPU inject\u00e9 : Technologie de moulage par injection TPU, l\u00e9g\u00e8re et durable, avec une excellente r\u00e9sistance \u00e0 l'usure et des performances antid\u00e9rapantes.<\/li>\n<li>T\u00eate et fond en acier standard : \u00c9quip\u00e9 d'une t\u00eate et d'un fond en acier, conforme aux normes de s\u00e9curit\u00e9, il prot\u00e8ge efficacement le pied contre les objets lourds et les objets pointus.<\/li>\n<li>Mat\u00e9riau en cuir lisse : L'utilisation d'un cuir lisse, d'une texture de haute qualit\u00e9, durable et facile \u00e0 nettoyer, offre une exp\u00e9rience de port confortable.<\/li>\n<li>Conception facile \u00e0 porter et \u00e0 enlever : conception lat\u00e9rale \u00e9lastique, facile \u00e0 porter et \u00e0 enlever, am\u00e9liorant l'efficacit\u00e9 du travail.<\/li>\n<\/ul>\n<table>\n<tbody>\n<tr>\n<td width=\"279\">Art No.<\/td>\n<td width=\"280\">SB17<\/td>\n<\/tr>\n<tr>\n<td width=\"279\">Mat\u00e9riau<\/td>\n<td width=\"280\">Cuir v\u00e9ritable + semelle inject\u00e9e TPU<\/td>\n<\/tr>\n<tr>\n<td width=\"279\">Atelier<\/td>\n<td width=\"280\">Semelle inject\u00e9e en TPU<\/td>\n<\/tr>\n<tr>\n<td width=\"279\">Taille<\/td>\n<td width=\"280\">39-46<\/td>\n<\/tr>\n<tr>\n<td width=\"279\">Logo<\/td>\n<td width=\"280\">Le logo du client est disponible<\/td>\n<\/tr>\n<tr>\n<td width=\"279\">Personnalisation<\/td>\n<td width=\"280\">Embout en acier, semelle interm\u00e9diaire en acier ou semelle interm\u00e9diaire en kevlar, etc.<\/td>\n<\/tr>\n<tr>\n<td width=\"279\">Emballage<\/td>\n<td width=\"280\">1PR\/Color box, 10PRS\/CTN<\/td>\n<\/tr>\n<\/tbody>\n<\/table>\n<p>TOPRISE prend en charge diff\u00e9rents styles de personnalisation des chaussures de s\u00e9curit\u00e9 ; cliquez pour voir <a href=\"https:\/\/toprisesafety.com\/fr\/categorie-produit\/personal-protective-equipment\/foot-protection\/safety-shoes\/\">plus de styles de chaussures de s\u00e9curit\u00e9<\/a>.<\/p>\n<p>Si vous ne trouvez pas les chaussures de s\u00e9curit\u00e9 dont vous avez besoin, contactez-nous ; nous sommes en mesure de r\u00e9aliser des personnalisations sp\u00e9ciales.<\/p>","protected":false},"excerpt":{"rendered":"<p>No. d'art : SB17<\/p>\n<p>Taille : 39-46<\/p>\n<p>Mati\u00e8re : Cuir v\u00e9ritable + semelle inject\u00e9e TPU<\/p>\n<p>Ex\u00e9cution : Semelle inject\u00e9e TPU<\/p>\n<p>MOQ:1000PRS<\/p>\n<p>Nous pouvons prendre en charge diff\u00e9rentes normes de bottes de s\u00e9curit\u00e9.<\/p>","protected":false},"featured_media":11222,"template":"","meta":{"_acf_changed":false},"product_brand":[],"product_cat":[343,342],"product_tag":[],"class_list":{"0":"post-11220","1":"product","2":"type-product","3":"status-publish","4":"has-post-thumbnail","6":"product_cat-safety-shoes","7":"product_cat-foot-protection","9":"first","10":"instock","11":"shipping-taxable","12":"product-type-simple"},"acf":[],"_links":{"self":[{"href":"https:\/\/toprisesafety.com\/fr\/wp-json\/wp\/v2\/product\/11220","targetHints":{"allow":["GET"]}}],"collection":[{"href":"https:\/\/toprisesafety.com\/fr\/wp-json\/wp\/v2\/product"}],"about":[{"href":"https:\/\/toprisesafety.com\/fr\/wp-json\/wp\/v2\/types\/product"}],"wp:featuredmedia":[{"embeddable":true,"href":"https:\/\/toprisesafety.com\/fr\/wp-json\/wp\/v2\/media\/11222"}],"wp:attachment":[{"href":"https:\/\/toprisesafety.com\/fr\/wp-json\/wp\/v2\/media?parent=11220"}],"wp:term":[{"taxonomy":"product_brand","embeddable":true,"href":"https:\/\/toprisesafety.com\/fr\/wp-json\/wp\/v2\/product_brand?post=11220"},{"taxonomy":"product_cat","embeddable":true,"href":"https:\/\/toprisesafety.com\/fr\/wp-json\/wp\/v2\/product_cat?post=11220"},{"taxonomy":"product_tag","embeddable":true,"href":"https:\/\/toprisesafety.com\/fr\/wp-json\/wp\/v2\/product_tag?post=11220"}],"curies":[{"name":"wp","href":"https:\/\/api.w.org\/{rel}","templated":true}]}}