{"id":11215,"date":"2025-03-11T06:32:30","date_gmt":"2025-03-11T06:32:30","guid":{"rendered":"https:\/\/toprisesafety.com\/?post_type=product&#038;p=11215"},"modified":"2025-03-11T07:31:03","modified_gmt":"2025-03-11T07:31:03","slug":"cowboy-boots","status":"publish","type":"product","link":"https:\/\/toprisesafety.com\/fr\/produit\/cowboy-boots\/","title":{"rendered":"Bottes de cow-boy"},"content":{"rendered":"<h2>Bottes de cow-boy<\/h2>\n<p>Caract\u00e9ristiques de ces bottes de cow-boy :<\/p>\n<ul>\n<li>Style denim classique : Broderie unique, \u00e9l\u00e9gante et pratique, convenant \u00e0 toutes sortes d'occasions d\u00e9contract\u00e9es.<\/li>\n<li>Coupe confortable : Cuir souple pour un confort tout temps.<\/li>\n<li>Semelle r\u00e9sistante \u00e0 l'usure : La semelle est fabriqu\u00e9e en caoutchouc tr\u00e8s r\u00e9sistant, durable et antid\u00e9rapante, assurant une marche r\u00e9guli\u00e8re.<\/li>\n<li>Facile \u00e0 porter et \u00e0 enlever : conception simple de l'anneau de traction, facile \u00e0 porter et \u00e0 enlever, pratique et rapide.<\/li>\n<li>R\u00e9tro classique : la combinaison d'\u00e9l\u00e9ments traditionnels de cow-boy, r\u00e9tro \u00e0 la mode, convient \u00e0 une vari\u00e9t\u00e9 de styles de cow-boy.<\/li>\n<li>Il s'adapte \u00e0 un large \u00e9ventail d'occasions : qu'il s'agisse de v\u00eatements quotidiens ou d'activit\u00e9s de plein air, il peut \u00eatre facilement assorti pour ajouter de la personnalit\u00e9 et du charme.<\/li>\n<\/ul>\n<table>\n<tbody>\n<tr>\n<td width=\"279\">Art No.<\/td>\n<td width=\"280\">SB15<\/td>\n<\/tr>\n<tr>\n<td width=\"279\">Mat\u00e9riau<\/td>\n<td width=\"280\">Cuir de buffle + semelle inject\u00e9e en PU<\/td>\n<\/tr>\n<tr>\n<td width=\"279\">Atelier<\/td>\n<td width=\"280\">Semelle en PU inject\u00e9<\/td>\n<\/tr>\n<tr>\n<td width=\"279\">Taille<\/td>\n<td width=\"280\">36-48<\/td>\n<\/tr>\n<tr>\n<td width=\"279\">Logo<\/td>\n<td width=\"280\">Le logo du client est disponible<\/td>\n<\/tr>\n<tr>\n<td width=\"279\">Personnalisation<\/td>\n<td width=\"280\">Embout en acier, semelle interm\u00e9diaire en acier ou semelle interm\u00e9diaire en kevlar, etc.<\/td>\n<\/tr>\n<tr>\n<td width=\"279\">Emballage<\/td>\n<td width=\"280\">1PR\/Color box, 10PRS\/CTN<\/td>\n<\/tr>\n<\/tbody>\n<\/table>\n<p>TOPRISE prend en charge diff\u00e9rents styles de personnalisation des chaussures de s\u00e9curit\u00e9 ; cliquez pour voir <a href=\"https:\/\/toprisesafety.com\/fr\/categorie-produit\/personal-protective-equipment\/foot-protection\/safety-shoes\/\">plus de styles de chaussures de s\u00e9curit\u00e9<\/a>.<\/p>\n<p>Si vous ne trouvez pas les chaussures de s\u00e9curit\u00e9 dont vous avez besoin, contactez-nous ; nous sommes en mesure de r\u00e9aliser des personnalisations sp\u00e9ciales.<\/p>","protected":false},"excerpt":{"rendered":"<p>No. d'art : SB16<\/p>\n<p>Taille : 36-48<\/p>\n<p>Mati\u00e8re : Cuir de cheval fou + semelle en caoutchouc<\/p>\n<p>Ex\u00e9cution : coll\u00e9e<\/p>\n<p>MOQ:1000PRS<\/p>\n<p>Nous pouvons prendre en charge diff\u00e9rentes normes de bottes de s\u00e9curit\u00e9.<\/p>","protected":false},"featured_media":11216,"template":"","meta":{"_acf_changed":false},"product_brand":[],"product_cat":[342,343],"product_tag":[],"class_list":{"0":"post-11215","1":"product","2":"type-product","3":"status-publish","4":"has-post-thumbnail","6":"product_cat-foot-protection","7":"product_cat-safety-shoes","9":"first","10":"instock","11":"shipping-taxable","12":"product-type-simple"},"acf":[],"_links":{"self":[{"href":"https:\/\/toprisesafety.com\/fr\/wp-json\/wp\/v2\/product\/11215"}],"collection":[{"href":"https:\/\/toprisesafety.com\/fr\/wp-json\/wp\/v2\/product"}],"about":[{"href":"https:\/\/toprisesafety.com\/fr\/wp-json\/wp\/v2\/types\/product"}],"wp:featuredmedia":[{"embeddable":true,"href":"https:\/\/toprisesafety.com\/fr\/wp-json\/wp\/v2\/media\/11216"}],"wp:attachment":[{"href":"https:\/\/toprisesafety.com\/fr\/wp-json\/wp\/v2\/media?parent=11215"}],"wp:term":[{"taxonomy":"product_brand","embeddable":true,"href":"https:\/\/toprisesafety.com\/fr\/wp-json\/wp\/v2\/product_brand?post=11215"},{"taxonomy":"product_cat","embeddable":true,"href":"https:\/\/toprisesafety.com\/fr\/wp-json\/wp\/v2\/product_cat?post=11215"},{"taxonomy":"product_tag","embeddable":true,"href":"https:\/\/toprisesafety.com\/fr\/wp-json\/wp\/v2\/product_tag?post=11215"}],"curies":[{"name":"wp","href":"https:\/\/api.w.org\/{rel}","templated":true}]}}