{"id":11207,"date":"2025-03-11T06:21:14","date_gmt":"2025-03-11T06:21:14","guid":{"rendered":"https:\/\/toprisesafety.com\/?post_type=product&#038;p=11207"},"modified":"2025-03-11T07:31:53","modified_gmt":"2025-03-11T07:31:53","slug":"best-safety-boots","status":"publish","type":"product","link":"https:\/\/toprisesafety.com\/fr\/produit\/best-safety-boots\/","title":{"rendered":"Meilleures bottes de s\u00e9curit\u00e9"},"content":{"rendered":"<h2>Best Safety Boots Features:<\/h2>\n<ul>\n<li>Standard steel head: provides strong protection to prevent heavy objects from smashing toes.<\/li>\n<li>Standard steel sole: effectively prevent sharp objects from penetrating the sole.<\/li>\n<li>Optional KEVLAR sole: lightweight and durable, excellent puncture resistance.<\/li>\n<li>Non-slip soles: Ensure safety in a variety of working environments.<\/li>\n<li>Elevated design: Protects the ankle from external impact injury.<\/li>\n<li>Strong waterproof performance: adapt to wet environments with a waterproof design.<\/li>\n<li>Wide range of application scenarios: suitable for high-intensity workplaces such as buildings and factories.<\/li>\n<\/ul>\n<table>\n<tbody>\n<tr>\n<td width=\"279\">Art No.<\/td>\n<td width=\"280\">SB15<\/td>\n<\/tr>\n<tr>\n<td width=\"279\">Mat\u00e9riau<\/td>\n<td width=\"280\">Genuine leather + PU injection sole<\/td>\n<\/tr>\n<tr>\n<td width=\"279\">Atelier<\/td>\n<td width=\"280\">Semelle en PU inject\u00e9<\/td>\n<\/tr>\n<tr>\n<td width=\"279\">Taille<\/td>\n<td width=\"280\">36-48<\/td>\n<\/tr>\n<tr>\n<td width=\"279\">Logo<\/td>\n<td width=\"280\">Le logo du client est disponible<\/td>\n<\/tr>\n<tr>\n<td width=\"279\">Personnalisation<\/td>\n<td width=\"280\">Embout en acier, semelle interm\u00e9diaire en acier ou semelle interm\u00e9diaire en kevlar, etc.<\/td>\n<\/tr>\n<tr>\n<td width=\"279\">Emballage<\/td>\n<td width=\"280\">1PR\/Color box, 10PRS\/CTN<\/td>\n<\/tr>\n<\/tbody>\n<\/table>\n<p>TOPRISE prend en charge diff\u00e9rents styles de personnalisation des chaussures de s\u00e9curit\u00e9 ; cliquez pour voir <a href=\"https:\/\/toprisesafety.com\/fr\/categorie-produit\/personal-protective-equipment\/foot-protection\/safety-shoes\/\">plus de styles de chaussures de s\u00e9curit\u00e9<\/a>.<\/p>\n<p>Si vous ne trouvez pas les chaussures de s\u00e9curit\u00e9 dont vous avez besoin, contactez-nous ; nous sommes en mesure de r\u00e9aliser des personnalisations sp\u00e9ciales.<\/p>","protected":false},"excerpt":{"rendered":"<p>Art No.: SB15<\/p>\n<p>Taille : 36-48<\/p>\n<p>Material: Genuine leather+ PU injection sole<\/p>\n<p>Ex\u00e9cution : Semelle inject\u00e9e en PU<\/p>\n<p>MOQ:1000PRS<\/p>\n<p>Nous pouvons prendre en charge diff\u00e9rentes normes de bottes de s\u00e9curit\u00e9.<\/p>","protected":false},"featured_media":11211,"template":"","meta":{"_acf_changed":false},"product_brand":[],"product_cat":[343,342],"product_tag":[],"class_list":{"0":"post-11207","1":"product","2":"type-product","3":"status-publish","4":"has-post-thumbnail","6":"product_cat-safety-shoes","7":"product_cat-foot-protection","9":"first","10":"instock","11":"shipping-taxable","12":"product-type-simple"},"acf":[],"_links":{"self":[{"href":"https:\/\/toprisesafety.com\/fr\/wp-json\/wp\/v2\/product\/11207"}],"collection":[{"href":"https:\/\/toprisesafety.com\/fr\/wp-json\/wp\/v2\/product"}],"about":[{"href":"https:\/\/toprisesafety.com\/fr\/wp-json\/wp\/v2\/types\/product"}],"wp:featuredmedia":[{"embeddable":true,"href":"https:\/\/toprisesafety.com\/fr\/wp-json\/wp\/v2\/media\/11211"}],"wp:attachment":[{"href":"https:\/\/toprisesafety.com\/fr\/wp-json\/wp\/v2\/media?parent=11207"}],"wp:term":[{"taxonomy":"product_brand","embeddable":true,"href":"https:\/\/toprisesafety.com\/fr\/wp-json\/wp\/v2\/product_brand?post=11207"},{"taxonomy":"product_cat","embeddable":true,"href":"https:\/\/toprisesafety.com\/fr\/wp-json\/wp\/v2\/product_cat?post=11207"},{"taxonomy":"product_tag","embeddable":true,"href":"https:\/\/toprisesafety.com\/fr\/wp-json\/wp\/v2\/product_tag?post=11207"}],"curies":[{"name":"wp","href":"https:\/\/api.w.org\/{rel}","templated":true}]}}