{"id":11169,"date":"2025-03-04T07:09:04","date_gmt":"2025-03-04T07:09:04","guid":{"rendered":"https:\/\/toprisesafety.com\/?post_type=product&#038;p=11169"},"modified":"2025-03-11T06:58:19","modified_gmt":"2025-03-11T06:58:19","slug":"leather-combat-boots","status":"publish","type":"product","link":"https:\/\/toprisesafety.com\/fr\/produit\/leather-combat-boots\/","title":{"rendered":"Bottes de combat en cuir"},"content":{"rendered":"<h2>Bottes de combat en cuir<\/h2>\n<ul>\n<li><b><\/b><strong><b>Mat\u00e9riau en cuir de haute qualit\u00e9<\/b><\/strong>Il a une bonne durabilit\u00e9 et un bon confort, peut s'adapter \u00e0 divers environnements complexes et offre une excellente perm\u00e9abilit\u00e9 \u00e0 l'air.<\/li>\n<li><b><\/b><strong><b>Semelles en caoutchouc<\/b><\/strong>: Les semelles en caoutchouc offrent une excellente r\u00e9sistance au glissement et \u00e0 l'usure, garantissant la stabilit\u00e9 dans toutes les conditions de terrain.<\/li>\n<li><b><\/b><strong><b>Acier<\/b><\/strong><strong><b>embout et semelle interm\u00e9diaire en acier<\/b><\/strong>Ils sont adapt\u00e9s aux environnements de travail \u00e0 haut risque et emp\u00eachent les chocs et les pressions externes, prot\u00e8gent les pieds des blessures.<\/li>\n<li><b><\/b><strong><b>Design classique<\/b><\/strong>: Conception simple, \u00e0 la fois \u00e9l\u00e9gante et fonctionnelle, convenant \u00e0 diverses occasions pour assurer \u00e0 la fois confort et s\u00e9curit\u00e9.<\/li>\n<li><b><\/b><strong><b>Personnalisation de l'assistance<\/b><\/strong>: Fournir une personnalisation en fonction des besoins du client pour r\u00e9pondre aux besoins de diff\u00e9rents sc\u00e9narios et am\u00e9liorer le confort et la fonctionnalit\u00e9.<\/li>\n<\/ul>\n<table>\n<tbody>\n<tr>\n<td width=\"279\">Art No.<\/td>\n<td width=\"280\">SB14<\/td>\n<\/tr>\n<tr>\n<td width=\"279\">Mat\u00e9riau<\/td>\n<td width=\"280\">Cuir v\u00e9ritable + semelle en caoutchouc<\/td>\n<\/tr>\n<tr>\n<td width=\"279\">Atelier<\/td>\n<td width=\"280\">Coll\u00e9<\/td>\n<\/tr>\n<tr>\n<td width=\"279\">Taille<\/td>\n<td width=\"280\">36-46<\/td>\n<\/tr>\n<tr>\n<td width=\"279\">Logo<\/td>\n<td width=\"280\">Le logo du client est disponible<\/td>\n<\/tr>\n<tr>\n<td width=\"279\">Personnalisation<\/td>\n<td width=\"280\">Embout en acier, semelle interm\u00e9diaire en acier ou semelle interm\u00e9diaire en kevlar, etc.<\/td>\n<\/tr>\n<tr>\n<td width=\"279\">Emballage<\/td>\n<td width=\"280\">1PR\/Color box, 10PRS\/CTN<\/td>\n<\/tr>\n<\/tbody>\n<\/table>\n<p data-pm-slice=\"1 1 []\">TOPRISE prend en charge diff\u00e9rents styles de personnalisation des chaussures de s\u00e9curit\u00e9 ; cliquez pour voir <a href=\"https:\/\/toprisesafety.com\/fr\/categorie-produit\/personal-protective-equipment\/foot-protection\/safety-shoes\/\">plus de styles de chaussures de s\u00e9curit\u00e9. <\/a><\/p>\n<p data-pm-slice=\"1 1 []\">Si vous ne trouvez pas les chaussures de s\u00e9curit\u00e9 dont vous avez besoin, contactez-nous ; nous sommes en mesure de r\u00e9aliser des personnalisations sp\u00e9ciales.<\/p>","protected":false},"excerpt":{"rendered":"<p>No. d'art : SB14<\/p>\n<p>Taille : 36-46<\/p>\n<p>Mati\u00e8re : cuir v\u00e9ritable + semelle en caoutchouc<\/p>\n<p>Ex\u00e9cution : Coll\u00e9<\/p>\n<p>MOQ:500PRS<\/p>","protected":false},"featured_media":11170,"template":"","meta":{"_acf_changed":false},"product_brand":[],"product_cat":[342,343],"product_tag":[],"class_list":{"0":"post-11169","1":"product","2":"type-product","3":"status-publish","4":"has-post-thumbnail","6":"product_cat-foot-protection","7":"product_cat-safety-shoes","9":"first","10":"instock","11":"shipping-taxable","12":"product-type-simple"},"acf":[],"_links":{"self":[{"href":"https:\/\/toprisesafety.com\/fr\/wp-json\/wp\/v2\/product\/11169"}],"collection":[{"href":"https:\/\/toprisesafety.com\/fr\/wp-json\/wp\/v2\/product"}],"about":[{"href":"https:\/\/toprisesafety.com\/fr\/wp-json\/wp\/v2\/types\/product"}],"wp:featuredmedia":[{"embeddable":true,"href":"https:\/\/toprisesafety.com\/fr\/wp-json\/wp\/v2\/media\/11170"}],"wp:attachment":[{"href":"https:\/\/toprisesafety.com\/fr\/wp-json\/wp\/v2\/media?parent=11169"}],"wp:term":[{"taxonomy":"product_brand","embeddable":true,"href":"https:\/\/toprisesafety.com\/fr\/wp-json\/wp\/v2\/product_brand?post=11169"},{"taxonomy":"product_cat","embeddable":true,"href":"https:\/\/toprisesafety.com\/fr\/wp-json\/wp\/v2\/product_cat?post=11169"},{"taxonomy":"product_tag","embeddable":true,"href":"https:\/\/toprisesafety.com\/fr\/wp-json\/wp\/v2\/product_tag?post=11169"}],"curies":[{"name":"wp","href":"https:\/\/api.w.org\/{rel}","templated":true}]}}