{"id":11158,"date":"2025-03-04T05:37:59","date_gmt":"2025-03-04T05:37:59","guid":{"rendered":"https:\/\/toprisesafety.com\/?post_type=product&#038;p=11158"},"modified":"2025-03-11T07:52:33","modified_gmt":"2025-03-11T07:52:33","slug":"goodyear-welt-safety-shoes","status":"publish","type":"product","link":"https:\/\/toprisesafety.com\/fr\/produit\/goodyear-welt-safety-shoes\/","title":{"rendered":"Chaussures de s\u00e9curit\u00e9 Goodyear Welt"},"content":{"rendered":"<h2>Chaussures de s\u00e9curit\u00e9 Goodyear Welt<\/h2>\n<ul>\n<li><b><\/b><strong><b>Two layers of cowbark<\/b><\/strong>: wear-resistant, waterproof, provide high quality comfort, increase the service life of shoes.<\/li>\n<li><b><\/b><strong><b>Rubber sole<\/b><\/strong>: Skid resistant design, suitable for a variety of working environments, increased stability and safety.<\/li>\n<li><b><\/b><strong><b>Goodyear process<\/b><\/strong>: To ensure that the shoes are more durable, strong, and suitable for long periods of intense use.<\/li>\n<li><b><\/b><strong><b>Steel head steel bottom<\/b><\/strong>: provides strong protection against impact and compression, suitable for high-risk workplaces.<\/li>\n<li><b><\/b><strong><b>Personnalisation de l'assistance<\/b><\/strong>: Provide personalized customization according to requirements to meet different working environments and personal needs.<\/li>\n<\/ul>\n<table>\n<tbody>\n<tr>\n<td width=\"279\">Art No.<\/td>\n<td width=\"280\">SB12<\/td>\n<\/tr>\n<tr>\n<td width=\"279\">Mat\u00e9riau<\/td>\n<td width=\"280\">Nubuck upper + PU injection sole<\/td>\n<\/tr>\n<tr>\n<td width=\"279\">Atelier<\/td>\n<td width=\"280\">Injection de PU<\/td>\n<\/tr>\n<tr>\n<td width=\"279\">Taille<\/td>\n<td width=\"280\">40-46<\/td>\n<\/tr>\n<tr>\n<td width=\"279\">Niveau de qualit\u00e9<\/td>\n<td width=\"280\">SB, SBP,S1,S2,S3<\/td>\n<\/tr>\n<tr>\n<td width=\"279\">Normes de qualit\u00e9<\/td>\n<td width=\"280\">CE EN 20345<\/td>\n<\/tr>\n<tr>\n<td width=\"279\">Logo<\/td>\n<td width=\"280\">Le logo du client est disponible<\/td>\n<\/tr>\n<tr>\n<td width=\"279\">Personnalisation<\/td>\n<td width=\"280\">Embout en acier, semelle interm\u00e9diaire en acier ou semelle interm\u00e9diaire en kevlar, etc.<\/td>\n<\/tr>\n<tr>\n<td width=\"279\">Emballage<\/td>\n<td width=\"280\">1PR\/Color box, 10PRS\/CTN<\/td>\n<\/tr>\n<\/tbody>\n<\/table>\n<p>TOPRISE prend en charge diff\u00e9rents styles de personnalisation des chaussures de s\u00e9curit\u00e9 ; cliquez pour voir <a href=\"https:\/\/toprisesafety.com\/fr\/categorie-produit\/personal-protective-equipment\/foot-protection\/safety-shoes\/\">plus de styles de chaussures de s\u00e9curit\u00e9<\/a>.<\/p>\n<p>Si vous ne trouvez pas les chaussures de s\u00e9curit\u00e9 dont vous avez besoin, contactez-nous ; nous sommes en mesure de r\u00e9aliser des personnalisations sp\u00e9ciales.<\/p>","protected":false},"excerpt":{"rendered":"<p>Art No.: SB12<\/p>\n<p>Size: 40-46<\/p>\n<p>Material:Nubuck leather\u00a0+\u00a0rubber sole<\/p>\n<p>Workmanship: Goodyear welt<\/p>\n<p>MOQ:500PRS<\/p>\n<p>Nous pouvons prendre en charge diff\u00e9rentes normes en mati\u00e8re de chaussures de s\u00e9curit\u00e9<\/p>","protected":false},"featured_media":11159,"template":"","meta":{"_acf_changed":false},"product_brand":[],"product_cat":[342,343],"product_tag":[],"class_list":{"0":"post-11158","1":"product","2":"type-product","3":"status-publish","4":"has-post-thumbnail","6":"product_cat-foot-protection","7":"product_cat-safety-shoes","9":"first","10":"instock","11":"shipping-taxable","12":"product-type-simple"},"acf":[],"_links":{"self":[{"href":"https:\/\/toprisesafety.com\/fr\/wp-json\/wp\/v2\/product\/11158"}],"collection":[{"href":"https:\/\/toprisesafety.com\/fr\/wp-json\/wp\/v2\/product"}],"about":[{"href":"https:\/\/toprisesafety.com\/fr\/wp-json\/wp\/v2\/types\/product"}],"wp:featuredmedia":[{"embeddable":true,"href":"https:\/\/toprisesafety.com\/fr\/wp-json\/wp\/v2\/media\/11159"}],"wp:attachment":[{"href":"https:\/\/toprisesafety.com\/fr\/wp-json\/wp\/v2\/media?parent=11158"}],"wp:term":[{"taxonomy":"product_brand","embeddable":true,"href":"https:\/\/toprisesafety.com\/fr\/wp-json\/wp\/v2\/product_brand?post=11158"},{"taxonomy":"product_cat","embeddable":true,"href":"https:\/\/toprisesafety.com\/fr\/wp-json\/wp\/v2\/product_cat?post=11158"},{"taxonomy":"product_tag","embeddable":true,"href":"https:\/\/toprisesafety.com\/fr\/wp-json\/wp\/v2\/product_tag?post=11158"}],"curies":[{"name":"wp","href":"https:\/\/api.w.org\/{rel}","templated":true}]}}