{"id":11148,"date":"2025-03-04T04:42:36","date_gmt":"2025-03-04T04:42:36","guid":{"rendered":"https:\/\/toprisesafety.com\/?post_type=product&#038;p=11148"},"modified":"2025-03-11T07:55:27","modified_gmt":"2025-03-11T07:55:27","slug":"slip-resistant-work-shoes","status":"publish","type":"product","link":"https:\/\/toprisesafety.com\/fr\/produit\/slip-resistant-work-shoes\/","title":{"rendered":"Chaussures de travail antid\u00e9rapantes"},"content":{"rendered":"<h2>Chaussures de travail antid\u00e9rapantes<\/h2>\n<ul>\n<li><b><\/b><strong><b>Excellente protection<\/b><\/strong>Les chaussures de s\u00e9curit\u00e9 sont con\u00e7ues pour \u00eatre utilis\u00e9es dans les secteurs suivants : t\u00eate en acier antichoc, fond en acier antiperforation, conform\u00e9ment aux normes de s\u00e9curit\u00e9 internationales, afin d'offrir une excellente protection des pieds. Elles conviennent aux secteurs de la construction, de la fabrication, de la logistique et \u00e0 d'autres secteurs \u00e0 haut risque.<\/li>\n<li><b><\/b><strong><b>R\u00e9sistant \u00e0 l'usure et durable<\/b><\/strong>: Le daim nubuck est robuste et r\u00e9sistant \u00e0 l'usure, il offre une excellente r\u00e9sistance \u00e0 la d\u00e9chirure et est respirant, ce qui permet de travailler confortablement pendant de longues heures.<\/li>\n<li><b><\/b><strong><b>L\u00e9ger et amorti<\/b><\/strong>: Semelle en PU moul\u00e9e par injection, l\u00e9g\u00e8re et r\u00e9sistante \u00e0 l'usure, amortissante, r\u00e9duisant la fatigue du pied, am\u00e9liorant l'efficacit\u00e9 du travail.<\/li>\n<li><b><\/b><strong><b>Antid\u00e9rapant et r\u00e9sistant \u00e0 l'huile<\/b><\/strong>: Les semelles \u00e0 texture profonde offrent une excellente adh\u00e9rence, s'adaptent aux sols glissants et gras et r\u00e9duisent le risque de blessure.<\/li>\n<li><b><\/b><strong><b>Coupe confortable<\/b><\/strong>: Cuir nubuck souple, bonne perm\u00e9abilit\u00e9 \u00e0 l'air, combin\u00e9 \u00e0 un design ergonomique, pour un port \u00e0 long terme plus confortable.<\/li>\n<li><b><\/b><strong><b>Moulage int\u00e9gr\u00e9, durable et fiable<\/b><\/strong>: Le processus de moulage par injection du PU garantit que la semelle et le corps de la chaussure sont fermement combin\u00e9s, ne sont pas faciles \u00e0 d\u00e9coller, am\u00e9liorent la dur\u00e9e de vie, r\u00e9duisent les co\u00fbts d'approvisionnement de l'entreprise.<\/li>\n<li><b><\/b><strong><b>Prise en charge de la personnalisation OEM<\/b><\/strong>Les produits de l'entreprise : peuvent personnaliser le LOGO, l'emballage, etc., afin de r\u00e9pondre aux besoins des entreprises en mati\u00e8re d'image de marque et d'approvisionnement en gros.<\/li>\n<\/ul>\n<table>\n<tbody>\n<tr>\n<td width=\"279\">Art No.<\/td>\n<td width=\"280\">SB10<\/td>\n<\/tr>\n<tr>\n<td width=\"279\">Mat\u00e9riau<\/td>\n<td width=\"280\">Cuir nubuck + semelle inject\u00e9e PU<\/td>\n<\/tr>\n<tr>\n<td width=\"279\">Atelier<\/td>\n<td width=\"280\">Injection de PU<\/td>\n<\/tr>\n<tr>\n<td width=\"279\">Taille<\/td>\n<td width=\"280\">35-46<\/td>\n<\/tr>\n<tr>\n<td width=\"279\">Niveau de qualit\u00e9<\/td>\n<td width=\"280\">SB, SBP,S1,S2,S3<\/td>\n<\/tr>\n<tr>\n<td width=\"279\">Normes de qualit\u00e9<\/td>\n<td width=\"280\">CE EN 20345<\/td>\n<\/tr>\n<tr>\n<td width=\"279\">Logo<\/td>\n<td width=\"280\">Le logo du client est disponible<\/td>\n<\/tr>\n<tr>\n<td width=\"279\">Personnalisation<\/td>\n<td width=\"280\">Embout en acier, semelle interm\u00e9diaire en acier ou semelle interm\u00e9diaire en kevlar, etc.<\/td>\n<\/tr>\n<tr>\n<td width=\"279\">Emballage<\/td>\n<td width=\"280\">1PR\/Color box, 10PRS\/CTN<\/td>\n<\/tr>\n<\/tbody>\n<\/table>\n<p>TOPRISE prend en charge diff\u00e9rents styles de personnalisation des chaussures de s\u00e9curit\u00e9 ; cliquez pour voir <a href=\"https:\/\/toprisesafety.com\/fr\/categorie-produit\/personal-protective-equipment\/foot-protection\/safety-shoes\/\">plus de styles de chaussures de s\u00e9curit\u00e9<\/a>.<\/p>\n<p>Si vous ne trouvez pas les chaussures de s\u00e9curit\u00e9 dont vous avez besoin, contactez-nous ; nous sommes en mesure de r\u00e9aliser des personnalisations sp\u00e9ciales.<\/p>","protected":false},"excerpt":{"rendered":"<p>No. d'art : SB10<\/p>\n<p>Taille : 35-46<\/p>\n<p>Mati\u00e8re : Cuir nubuck + semelle inject\u00e9e en PU<\/p>\n<p>Ex\u00e9cution : Semelle inject\u00e9e en PU<\/p>\n<p>MOQ:500PRS<\/p>\n<p>Nous pouvons prendre en charge diff\u00e9rentes normes en mati\u00e8re de chaussures de s\u00e9curit\u00e9<\/p>","protected":false},"featured_media":11149,"template":"","meta":{"_acf_changed":false},"product_brand":[],"product_cat":[343,342],"product_tag":[],"class_list":{"0":"post-11148","1":"product","2":"type-product","3":"status-publish","4":"has-post-thumbnail","6":"product_cat-safety-shoes","7":"product_cat-foot-protection","9":"first","10":"instock","11":"shipping-taxable","12":"product-type-simple"},"acf":[],"_links":{"self":[{"href":"https:\/\/toprisesafety.com\/fr\/wp-json\/wp\/v2\/product\/11148"}],"collection":[{"href":"https:\/\/toprisesafety.com\/fr\/wp-json\/wp\/v2\/product"}],"about":[{"href":"https:\/\/toprisesafety.com\/fr\/wp-json\/wp\/v2\/types\/product"}],"wp:featuredmedia":[{"embeddable":true,"href":"https:\/\/toprisesafety.com\/fr\/wp-json\/wp\/v2\/media\/11149"}],"wp:attachment":[{"href":"https:\/\/toprisesafety.com\/fr\/wp-json\/wp\/v2\/media?parent=11148"}],"wp:term":[{"taxonomy":"product_brand","embeddable":true,"href":"https:\/\/toprisesafety.com\/fr\/wp-json\/wp\/v2\/product_brand?post=11148"},{"taxonomy":"product_cat","embeddable":true,"href":"https:\/\/toprisesafety.com\/fr\/wp-json\/wp\/v2\/product_cat?post=11148"},{"taxonomy":"product_tag","embeddable":true,"href":"https:\/\/toprisesafety.com\/fr\/wp-json\/wp\/v2\/product_tag?post=11148"}],"curies":[{"name":"wp","href":"https:\/\/api.w.org\/{rel}","templated":true}]}}