{"id":11144,"date":"2025-03-04T04:35:25","date_gmt":"2025-03-04T04:35:25","guid":{"rendered":"https:\/\/toprisesafety.com\/?post_type=product&#038;p=11144"},"modified":"2025-03-11T07:56:34","modified_gmt":"2025-03-11T07:56:34","slug":"work-wear-safety-shoes","status":"publish","type":"product","link":"https:\/\/toprisesafety.com\/fr\/produit\/work-wear-safety-shoes\/","title":{"rendered":"Chaussures de s\u00e9curit\u00e9 pour le travail"},"content":{"rendered":"<h2>Chaussures de s\u00e9curit\u00e9 pour le travail<\/h2>\n<ul>\n<li><b><\/b><strong><b>Forte protection<\/b><\/strong>La conception t\u00eate en acier + fond en acier emp\u00eache efficacement les chocs et les perforations, assure la s\u00e9curit\u00e9 des pieds et convient aux environnements de travail \u00e0 haut risque.<\/li>\n<li><b><\/b><strong><b>R\u00e9sistant \u00e0 l'usure et durable<\/b><\/strong>La tige en cuir su\u00e9d\u00e9 est souple et respirante, r\u00e9sistante \u00e0 l'usure et \u00e0 la d\u00e9chirure, ce qui prolonge la dur\u00e9e de vie et r\u00e9duit la fr\u00e9quence de remplacement.<\/li>\n<li><b><\/b><strong><b>Amortissement l\u00e9ger<\/b><\/strong>: Le fond en PU inject\u00e9 est l\u00e9ger et r\u00e9sistant \u00e0 l'usure. Il offre un bon effet d'amortissement et permet de travailler longtemps sans fatiguer les pieds.<\/li>\n<li><b><\/b><strong><b>Poign\u00e9e antid\u00e9rapante<\/b><\/strong>: Semelle \u00e0 texture profonde, meilleure adh\u00e9rence, pour faire face aux terrains complexes et glissants, r\u00e9duisant ainsi le risque de blessure.<\/li>\n<li><b><\/b><strong><b>Confortable et pratique<\/b><\/strong>Conception \u00e0 pieds fixes, facile \u00e0 mettre et \u00e0 enlever, am\u00e9liorant l'efficacit\u00e9 du travail.<\/li>\n<li><b><\/b><strong><b>Personnalisation de l'assistance<\/b><\/strong>: Le LOGO et l'emballage peuvent \u00eatre personnalis\u00e9s pour r\u00e9pondre aux besoins de l'image de marque de l'entreprise.<\/li>\n<\/ul>\n<table>\n<tbody>\n<tr>\n<td width=\"279\">Art No.<\/td>\n<td width=\"280\">SB09<\/td>\n<\/tr>\n<tr>\n<td width=\"279\">Mat\u00e9riau<\/td>\n<td width=\"280\">Cuir de daim + semelle inject\u00e9e en PU<\/td>\n<\/tr>\n<tr>\n<td width=\"279\">Atelier<\/td>\n<td width=\"280\">Injection de PU<\/td>\n<\/tr>\n<tr>\n<td width=\"279\">Couleur<\/td>\n<td width=\"280\">Kaki, marron ou couleurs personnalis\u00e9es.<\/td>\n<\/tr>\n<tr>\n<td width=\"279\">Taille<\/td>\n<td width=\"280\">36-46<\/td>\n<\/tr>\n<tr>\n<td width=\"279\">Niveau de qualit\u00e9<\/td>\n<td width=\"280\">SB, SBP,S1,S2,S3<\/td>\n<\/tr>\n<tr>\n<td width=\"279\">Normes de qualit\u00e9<\/td>\n<td width=\"280\">CE EN 20345<\/td>\n<\/tr>\n<tr>\n<td width=\"279\">Logo<\/td>\n<td width=\"280\">Le logo du client est disponible<\/td>\n<\/tr>\n<tr>\n<td width=\"279\">Personnalisation<\/td>\n<td width=\"280\">Embout en acier, semelle interm\u00e9diaire en acier ou semelle interm\u00e9diaire en kevlar, etc.<\/td>\n<\/tr>\n<tr>\n<td width=\"279\">Emballage<\/td>\n<td width=\"280\">1PR\/Color box, 10PRS\/CTN<\/td>\n<\/tr>\n<\/tbody>\n<\/table>\n<p>TOPRISE prend en charge diff\u00e9rents styles de personnalisation des chaussures de s\u00e9curit\u00e9 ; cliquez pour voir <a href=\"https:\/\/toprisesafety.com\/fr\/categorie-produit\/personal-protective-equipment\/foot-protection\/safety-shoes\/\">plus de styles de chaussures de s\u00e9curit\u00e9<\/a>.<\/p>\n<p>Si vous ne trouvez pas les chaussures de s\u00e9curit\u00e9 dont vous avez besoin, contactez-nous ; nous sommes en mesure de r\u00e9aliser des personnalisations sp\u00e9ciales.<\/p>","protected":false},"excerpt":{"rendered":"<p>No. d'art : SB09<\/p>\n<p>Taille : 36-46<\/p>\n<p>Mati\u00e8re : Cuir de daim + semelle inject\u00e9e en PU<\/p>\n<p>Ex\u00e9cution : Semelle inject\u00e9e en PU<\/p>\n<p>MOQ:500PRS<\/p>\n<p>Nous pouvons prendre en charge diff\u00e9rentes normes en mati\u00e8re de chaussures de s\u00e9curit\u00e9<\/p>","protected":false},"featured_media":11145,"template":"","meta":{"_acf_changed":false},"product_brand":[],"product_cat":[342,343],"product_tag":[],"class_list":{"0":"post-11144","1":"product","2":"type-product","3":"status-publish","4":"has-post-thumbnail","6":"product_cat-foot-protection","7":"product_cat-safety-shoes","9":"first","10":"instock","11":"shipping-taxable","12":"product-type-simple"},"acf":[],"_links":{"self":[{"href":"https:\/\/toprisesafety.com\/fr\/wp-json\/wp\/v2\/product\/11144","targetHints":{"allow":["GET"]}}],"collection":[{"href":"https:\/\/toprisesafety.com\/fr\/wp-json\/wp\/v2\/product"}],"about":[{"href":"https:\/\/toprisesafety.com\/fr\/wp-json\/wp\/v2\/types\/product"}],"wp:featuredmedia":[{"embeddable":true,"href":"https:\/\/toprisesafety.com\/fr\/wp-json\/wp\/v2\/media\/11145"}],"wp:attachment":[{"href":"https:\/\/toprisesafety.com\/fr\/wp-json\/wp\/v2\/media?parent=11144"}],"wp:term":[{"taxonomy":"product_brand","embeddable":true,"href":"https:\/\/toprisesafety.com\/fr\/wp-json\/wp\/v2\/product_brand?post=11144"},{"taxonomy":"product_cat","embeddable":true,"href":"https:\/\/toprisesafety.com\/fr\/wp-json\/wp\/v2\/product_cat?post=11144"},{"taxonomy":"product_tag","embeddable":true,"href":"https:\/\/toprisesafety.com\/fr\/wp-json\/wp\/v2\/product_tag?post=11144"}],"curies":[{"name":"wp","href":"https:\/\/api.w.org\/{rel}","templated":true}]}}