{"id":11140,"date":"2025-03-04T04:32:11","date_gmt":"2025-03-04T04:32:11","guid":{"rendered":"https:\/\/toprisesafety.com\/?post_type=product&#038;p=11140"},"modified":"2025-03-11T07:57:20","modified_gmt":"2025-03-11T07:57:20","slug":"safety-boots","status":"publish","type":"product","link":"https:\/\/toprisesafety.com\/fr\/produit\/safety-boots\/","title":{"rendered":"Bottes de s\u00e9curit\u00e9"},"content":{"rendered":"<h2>Bottes de s\u00e9curit\u00e9<\/h2>\n<ul>\n<li><b><\/b><strong><b>Protection durable<\/b><\/strong>Les produits de la gamme sont fabriqu\u00e9s \u00e0 partir de deux couches de peau de vache r\u00e9sistantes \u00e0 l'usure et \u00e0 la d\u00e9chirure. Ils s'adaptent \u00e0 l'environnement difficile, r\u00e9duisent la fr\u00e9quence de remplacement et les co\u00fbts d'approvisionnement des entreprises.<\/li>\n<li><b><\/b><strong><b>L\u00e9ger et confortable<\/b><\/strong>: Le fond en PU inject\u00e9 amortit l\u00e9g\u00e8rement les chocs, ce qui permet de rester longtemps debout ou de marcher sans se fatiguer les pieds, et d'am\u00e9liorer l'efficacit\u00e9 du travail.<\/li>\n<li><b><\/b><strong><b>Antid\u00e9rapant et r\u00e9sistant \u00e0 l'huile<\/b><\/strong>: Les semelles \u00e0 texture profonde am\u00e9liorent l'adh\u00e9rence et conviennent aux sols glissants et gras pour r\u00e9duire le risque de glissade.<\/li>\n<li><b><\/b><strong><b>Moulage int\u00e9gr\u00e9<\/b><\/strong>: Le processus de moulage par injection du PU garantit que la semelle ne se d\u00e9tache pas, ce qui am\u00e9liore la durabilit\u00e9 et r\u00e9duit les co\u00fbts de r\u00e9paration et de remplacement.<\/li>\n<li><b><\/b><strong><b>Froid et chaud<\/b><\/strong>L'int\u00e9rieur peut \u00eatre en coton. Il offre une protection efficace contre le froid et convient aux environnements \u00e0 basse temp\u00e9rature pour assurer le confort du travail en hiver.<\/li>\n<li><b><\/b><strong><b>Prise en charge de la personnalisation OEM<\/b><\/strong>Les produits de l'entreprise : peuvent personnaliser le LOGO, l'emballage, etc., afin de r\u00e9pondre aux besoins des entreprises en mati\u00e8re d'image de marque et d'approvisionnement en gros.<\/li>\n<\/ul>\n<table>\n<tbody>\n<tr>\n<td width=\"279\">Art No.<\/td>\n<td width=\"280\">SB08<\/td>\n<\/tr>\n<tr>\n<td width=\"279\">Mat\u00e9riau<\/td>\n<td width=\"280\">Semelle en cro\u00fbte de cuir + injection de PU<\/td>\n<\/tr>\n<tr>\n<td width=\"279\">Atelier<\/td>\n<td width=\"280\">Injection de PU<\/td>\n<\/tr>\n<tr>\n<td width=\"279\">Taille<\/td>\n<td width=\"280\">35-47<\/td>\n<\/tr>\n<tr>\n<td width=\"279\">Hauteur<\/td>\n<td width=\"280\">27CM<\/td>\n<\/tr>\n<tr>\n<td width=\"279\">Niveau de qualit\u00e9<\/td>\n<td width=\"280\">SB, SBP,S1,S2,S3<\/td>\n<\/tr>\n<tr>\n<td width=\"279\">Normes de qualit\u00e9<\/td>\n<td width=\"280\">CE EN 20345<\/td>\n<\/tr>\n<tr>\n<td width=\"279\">Logo<\/td>\n<td width=\"280\">Le logo du client est disponible<\/td>\n<\/tr>\n<tr>\n<td width=\"279\">Personnalisation<\/td>\n<td width=\"280\">Embout en acier, semelle interm\u00e9diaire en acier ou semelle interm\u00e9diaire en kevlar, etc.<\/td>\n<\/tr>\n<tr>\n<td width=\"279\">Emballage<\/td>\n<td width=\"280\">1PR\/Color box, 10PRS\/CTN<\/td>\n<\/tr>\n<\/tbody>\n<\/table>\n<p>TOPRISE prend en charge diff\u00e9rents styles de personnalisation des chaussures de s\u00e9curit\u00e9 ; cliquez pour voir <a href=\"https:\/\/toprisesafety.com\/fr\/categorie-produit\/personal-protective-equipment\/foot-protection\/safety-shoes\/\">plus de styles de chaussures de s\u00e9curit\u00e9<\/a>.<\/p>\n<p>Si vous ne trouvez pas les chaussures de s\u00e9curit\u00e9 dont vous avez besoin, contactez-nous ; nous sommes en mesure de r\u00e9aliser des personnalisations sp\u00e9ciales.<\/p>","protected":false},"excerpt":{"rendered":"<p>No. d'art : SB08<\/p>\n<p>Taille : 35-47<\/p>\n<p>Mati\u00e8re : Cuir fendu + semelle inject\u00e9e en PU<\/p>\n<p>Ex\u00e9cution : Semelle inject\u00e9e en PU<\/p>\n<p>MOQ:500PRS<\/p>\n<p>Nous pouvons prendre en charge diff\u00e9rentes normes en mati\u00e8re de chaussures de s\u00e9curit\u00e9<\/p>","protected":false},"featured_media":11141,"template":"","meta":{"_acf_changed":false},"product_brand":[],"product_cat":[342,343],"product_tag":[],"class_list":{"0":"post-11140","1":"product","2":"type-product","3":"status-publish","4":"has-post-thumbnail","6":"product_cat-foot-protection","7":"product_cat-safety-shoes","9":"first","10":"instock","11":"shipping-taxable","12":"product-type-simple"},"acf":[],"_links":{"self":[{"href":"https:\/\/toprisesafety.com\/fr\/wp-json\/wp\/v2\/product\/11140","targetHints":{"allow":["GET"]}}],"collection":[{"href":"https:\/\/toprisesafety.com\/fr\/wp-json\/wp\/v2\/product"}],"about":[{"href":"https:\/\/toprisesafety.com\/fr\/wp-json\/wp\/v2\/types\/product"}],"wp:featuredmedia":[{"embeddable":true,"href":"https:\/\/toprisesafety.com\/fr\/wp-json\/wp\/v2\/media\/11141"}],"wp:attachment":[{"href":"https:\/\/toprisesafety.com\/fr\/wp-json\/wp\/v2\/media?parent=11140"}],"wp:term":[{"taxonomy":"product_brand","embeddable":true,"href":"https:\/\/toprisesafety.com\/fr\/wp-json\/wp\/v2\/product_brand?post=11140"},{"taxonomy":"product_cat","embeddable":true,"href":"https:\/\/toprisesafety.com\/fr\/wp-json\/wp\/v2\/product_cat?post=11140"},{"taxonomy":"product_tag","embeddable":true,"href":"https:\/\/toprisesafety.com\/fr\/wp-json\/wp\/v2\/product_tag?post=11140"}],"curies":[{"name":"wp","href":"https:\/\/api.w.org\/{rel}","templated":true}]}}