{"id":11125,"date":"2025-03-03T03:53:22","date_gmt":"2025-03-03T03:53:22","guid":{"rendered":"https:\/\/toprisesafety.com\/?post_type=product&#038;p=11125"},"modified":"2025-03-11T08:01:10","modified_gmt":"2025-03-11T08:01:10","slug":"safety-shoes-for-men","status":"publish","type":"product","link":"https:\/\/toprisesafety.com\/fr\/produit\/safety-shoes-for-men\/","title":{"rendered":"Chaussures de s\u00e9curit\u00e9 pour hommes"},"content":{"rendered":"<h1>Chaussures de s\u00e9curit\u00e9 pour hommes<\/h1>\n<h2><strong><b>Safety shoe for men features:<\/b><\/strong><\/h2>\n<ul>\n<li>High strength protection: optional standard steel head steel bottom, providing excellent impact resistance and puncture resistance; There is also an optional Kevlar outsole, both light and safe.<\/li>\n<li>High-quality real two layers of cowhide: light skin material, wear resistance and scratch resistance, easy to clean, adapt to various working environments, maintain a professional appearance.<\/li>\n<li>Rubber non-slip outsole: strong grip design, suitable for slippery, complex ground, reduce the risk of slipping, improve work safety.<\/li>\n<li>A variety of height options: 21CM and 30CM two heights to meet the needs of different types of work, to provide more comprehensive ankle support and protection.<\/li>\n<li>Customized service: Support customer personalized customization, including materials, specifications, brand Logo, etc., to meet different customer needs.<\/li>\n<\/ul>\n<h2><strong><b>Applicable industries and uses:<\/b><\/strong><\/h2>\n<ul>\n<li>Construction: Provide steel head protection to prevent heavy objects from being injured, suitable for site construction personnel.<\/li>\n<li>Security duty: High-top design, enhanced ankle support, suitable for security, police, patrol and other industries.<\/li>\n<li>Manufacturing\/Heavy industry: Excellent puncture and slip resistance, suitable for high risk places such as factory floor and machinery operation.<\/li>\n<li>Outdoor operation: rubber non-slip outsole, suitable for field exploration, forestry, mining and other harsh environment.<\/li>\n<li>Logistics transportation: comfortable and wear-resistant, suitable for long-term standing, handling goods staff.<\/li>\n<li>With excellent safety performance and durability, this labor protection shoe is widely used in a variety of high-risk and high-intensity work scenarios, providing professional foot protection for enterprises and workers.<\/li>\n<\/ul>\n<table>\n<tbody>\n<tr>\n<td width=\"279\">Art No.<\/td>\n<td width=\"280\">SB06<\/td>\n<\/tr>\n<tr>\n<td width=\"279\">Mat\u00e9riau<\/td>\n<td width=\"280\">Genuiene leather, rubber\u00a0sole, campela lining.<\/td>\n<\/tr>\n<tr>\n<td width=\"279\">Atelier<\/td>\n<td width=\"280\">Pasted.<\/td>\n<\/tr>\n<tr>\n<td width=\"279\">Taille<\/td>\n<td width=\"280\">36-47<\/td>\n<\/tr>\n<tr>\n<td width=\"279\">Hauteur<\/td>\n<td width=\"280\">21CM or 30 CM.<\/td>\n<\/tr>\n<tr>\n<td width=\"279\">Niveau de qualit\u00e9<\/td>\n<td width=\"280\">SB, SBP,S1,S2,S3<\/td>\n<\/tr>\n<tr>\n<td width=\"279\">Normes de qualit\u00e9<\/td>\n<td width=\"280\">CE EN 20345<\/td>\n<\/tr>\n<tr>\n<td width=\"279\">Logo<\/td>\n<td width=\"280\">Le logo du client est disponible<\/td>\n<\/tr>\n<tr>\n<td width=\"279\">Emballage<\/td>\n<td width=\"280\">1PR\/Color box, 10PRS\/CTN<\/td>\n<\/tr>\n<\/tbody>\n<\/table>\n<p>TOPRISE prend en charge diff\u00e9rents styles de personnalisation des chaussures de s\u00e9curit\u00e9 ; cliquez pour voir <a href=\"https:\/\/toprisesafety.com\/fr\/categorie-produit\/personal-protective-equipment\/foot-protection\/safety-shoes\/\">plus de styles de chaussures de s\u00e9curit\u00e9<\/a>.<\/p>\n<p>Si vous ne trouvez pas les chaussures de s\u00e9curit\u00e9 dont vous avez besoin, contactez-nous ; nous sommes en mesure de r\u00e9aliser des personnalisations sp\u00e9ciales.<\/p>\n<p><strong>We have two different heights of the safety shoes for men for choice:\u00a0<\/strong><\/p>\n<ul>\n<li>21CM<\/li>\n<li>30CM<\/li>\n<\/ul>\n<p><img fetchpriority=\"high\" decoding=\"async\" class=\"alignnone size-medium wp-image-11131\" src=\"https:\/\/toprisesafety.com\/wp-content\/uploads\/2025\/03\/Safety-shoes-for-men-1-300x300.jpg\" alt=\"\" width=\"300\" height=\"300\" srcset=\"https:\/\/toprisesafety.com\/wp-content\/uploads\/2025\/03\/Safety-shoes-for-men-1-300x300.jpg 300w, https:\/\/toprisesafety.com\/wp-content\/uploads\/2025\/03\/Safety-shoes-for-men-1-150x150.jpg 150w, https:\/\/toprisesafety.com\/wp-content\/uploads\/2025\/03\/Safety-shoes-for-men-1-768x768.jpg 768w, https:\/\/toprisesafety.com\/wp-content\/uploads\/2025\/03\/Safety-shoes-for-men-1-600x600.jpg 600w, https:\/\/toprisesafety.com\/wp-content\/uploads\/2025\/03\/Safety-shoes-for-men-1-100x100.jpg 100w, https:\/\/toprisesafety.com\/wp-content\/uploads\/2025\/03\/Safety-shoes-for-men-1.jpg 800w\" sizes=\"(max-width: 300px) 100vw, 300px\" \/> <img decoding=\"async\" class=\"alignnone size-medium wp-image-11132\" src=\"https:\/\/toprisesafety.com\/wp-content\/uploads\/2025\/03\/Safety-shoes-for-men-5-300x300.jpg\" alt=\"\" width=\"300\" height=\"300\" srcset=\"https:\/\/toprisesafety.com\/wp-content\/uploads\/2025\/03\/Safety-shoes-for-men-5-300x300.jpg 300w, https:\/\/toprisesafety.com\/wp-content\/uploads\/2025\/03\/Safety-shoes-for-men-5-1024x1024.jpg 1024w, https:\/\/toprisesafety.com\/wp-content\/uploads\/2025\/03\/Safety-shoes-for-men-5-150x150.jpg 150w, https:\/\/toprisesafety.com\/wp-content\/uploads\/2025\/03\/Safety-shoes-for-men-5-768x768.jpg 768w, https:\/\/toprisesafety.com\/wp-content\/uploads\/2025\/03\/Safety-shoes-for-men-5-1536x1536.jpg 1536w, https:\/\/toprisesafety.com\/wp-content\/uploads\/2025\/03\/Safety-shoes-for-men-5-2048x2048.jpg 2048w, https:\/\/toprisesafety.com\/wp-content\/uploads\/2025\/03\/Safety-shoes-for-men-5-600x600.jpg 600w, https:\/\/toprisesafety.com\/wp-content\/uploads\/2025\/03\/Safety-shoes-for-men-5-100x100.jpg 100w\" sizes=\"(max-width: 300px) 100vw, 300px\" \/><\/p>\n<p><strong>We can support different standards of safety shoes for men.<\/strong><\/p>\n<table>\n<tbody>\n<tr>\n<td width=\"121\"><strong><b>Normes<\/b><\/strong><\/td>\n<td width=\"239\"><strong><b>Int\u00e9rieur<\/b><\/strong><\/td>\n<td width=\"366\"><strong><b>Fonction<\/b><\/strong><\/td>\n<\/tr>\n<tr>\n<td width=\"121\">SB<\/td>\n<td width=\"239\">Embout en acier<\/td>\n<td width=\"366\">R\u00e9sistant aux chocs, aux huiles et aux acides<\/td>\n<\/tr>\n<tr>\n<td width=\"121\">SBP<\/td>\n<td width=\"239\">Embout et plaque d'acier<\/td>\n<td width=\"366\">Antichoc, antiperforation, r\u00e9sistant aux chocs, aux huiles et aux acides<\/td>\n<\/tr>\n<tr>\n<td width=\"121\">S1<\/td>\n<td width=\"239\">Embout en acier<\/td>\n<td width=\"366\">Anti-chocs, anti-statique, r\u00e9sistant aux chocs, aux huiles et aux acides<\/td>\n<\/tr>\n<tr>\n<td width=\"121\">S1P<\/td>\n<td width=\"239\">Embout et plaque d'acier<\/td>\n<td width=\"366\">Antichoc, antiperforation, antistatique, r\u00e9sistant aux chocs, \u00e0 l'huile et \u00e0 l'acide<\/td>\n<\/tr>\n<tr>\n<td width=\"121\">S2<\/td>\n<td width=\"239\">Embout en acier<\/td>\n<td width=\"366\">\u00c9tanche, antichoc, antistatique, r\u00e9sistant aux chocs, aux huiles et aux acides<\/td>\n<\/tr>\n<tr>\n<td width=\"121\">S3<\/td>\n<td width=\"239\">Embout et plaque d'acier<\/td>\n<td width=\"366\">Imperm\u00e9able, antichoc, antiperforation, antistatique, r\u00e9sistant aux chocs, r\u00e9sistant aux huiles et aux acides<\/td>\n<\/tr>\n<\/tbody>\n<\/table>","protected":false},"excerpt":{"rendered":"<p>Art No.: SB06<\/p>\n<p>Size: 36-47<\/p>\n<p>Material: Genuiene leather + rubber sole+ fabric lining<\/p>\n<p>Ex\u00e9cution : collage au caoutchouc<\/p>\n<p>MOQ:1000PRS<\/p>\n<p>Support customized order.<\/p>","protected":false},"featured_media":11126,"template":"","meta":{"_acf_changed":false},"product_brand":[],"product_cat":[343,342],"product_tag":[385,386],"class_list":{"0":"post-11125","1":"product","2":"type-product","3":"status-publish","4":"has-post-thumbnail","6":"product_cat-safety-shoes","7":"product_cat-foot-protection","8":"product_tag-safety-boots","9":"product_tag-safety-shoes","11":"first","12":"instock","13":"shipping-taxable","14":"product-type-simple"},"acf":[],"_links":{"self":[{"href":"https:\/\/toprisesafety.com\/fr\/wp-json\/wp\/v2\/product\/11125"}],"collection":[{"href":"https:\/\/toprisesafety.com\/fr\/wp-json\/wp\/v2\/product"}],"about":[{"href":"https:\/\/toprisesafety.com\/fr\/wp-json\/wp\/v2\/types\/product"}],"wp:featuredmedia":[{"embeddable":true,"href":"https:\/\/toprisesafety.com\/fr\/wp-json\/wp\/v2\/media\/11126"}],"wp:attachment":[{"href":"https:\/\/toprisesafety.com\/fr\/wp-json\/wp\/v2\/media?parent=11125"}],"wp:term":[{"taxonomy":"product_brand","embeddable":true,"href":"https:\/\/toprisesafety.com\/fr\/wp-json\/wp\/v2\/product_brand?post=11125"},{"taxonomy":"product_cat","embeddable":true,"href":"https:\/\/toprisesafety.com\/fr\/wp-json\/wp\/v2\/product_cat?post=11125"},{"taxonomy":"product_tag","embeddable":true,"href":"https:\/\/toprisesafety.com\/fr\/wp-json\/wp\/v2\/product_tag?post=11125"}],"curies":[{"name":"wp","href":"https:\/\/api.w.org\/{rel}","templated":true}]}}