{"id":11034,"date":"2025-02-25T08:26:27","date_gmt":"2025-02-25T08:26:27","guid":{"rendered":"https:\/\/toprisesafety.com\/?post_type=product&#038;p=11034"},"modified":"2025-03-24T07:13:59","modified_gmt":"2025-03-24T07:13:59","slug":"shooting-earmuffs","status":"publish","type":"product","link":"https:\/\/toprisesafety.com\/fr\/produit\/shooting-earmuffs\/","title":{"rendered":"Prot\u00e8ge-oreilles de tir"},"content":{"rendered":"<h2>Prot\u00e8ge-oreilles de tir<\/h2>\n<ul>\n<li data-pm-slice=\"1 1 []\">R\u00e9duction efficace du bruit afin de ne pas endommager l'ou\u00efe lors de la prise de vue.<\/li>\n<li>Prot\u00e9gez vos oreilles de l'impact des coups de feu et r\u00e9duisez les interf\u00e9rences sonores.<\/li>\n<li>Il s'adapte parfaitement \u00e0 l'oreille pour une meilleure isolation acoustique.<\/li>\n<li>Bandeau r\u00e9glable, confortable \u00e0 porter, adapt\u00e9 \u00e0 diff\u00e9rents types de t\u00eate.<\/li>\n<li>Conception l\u00e9g\u00e8re, adapt\u00e9e \u00e0 une utilisation prolong\u00e9e.<\/li>\n<li>Mat\u00e9riau durable, r\u00e9sistant, adapt\u00e9 \u00e0 divers environnements de tournage<\/li>\n<\/ul>\n<table>\n<tbody>\n<tr>\n<td width=\"284\"><strong><b>ART NO. <\/b><\/strong><\/td>\n<td width=\"334\"><strong><b>EM12<\/b><\/strong><\/td>\n<\/tr>\n<tr>\n<td width=\"284\">Mat\u00e9riau<\/td>\n<td width=\"334\">PP<\/td>\n<\/tr>\n<tr>\n<td width=\"284\">Couleur<\/td>\n<td width=\"334\">Rose, orange, rouge, bleu ou personnalis\u00e9<\/td>\n<\/tr>\n<tr>\n<td width=\"284\">SNR<\/td>\n<td width=\"334\">26dB<\/td>\n<\/tr>\n<tr>\n<td width=\"284\">Emballage<\/td>\n<td width=\"334\">Sac Opp\/bo\u00eete en plastique\/bo\u00eete en couleur, etc.<\/td>\n<\/tr>\n<tr>\n<td width=\"284\">Normes de qualit\u00e9<\/td>\n<td width=\"334\">CE EN352<\/td>\n<\/tr>\n<tr>\n<td width=\"284\">MOQ<\/td>\n<td width=\"334\">500 PCS<\/td>\n<\/tr>\n<\/tbody>\n<\/table>\n<p>TOPRISE permet de personnaliser diff\u00e9rents styles de casques antibruit et de bouchons d'oreille. <a href=\"https:\/\/toprisesafety.com\/fr\/categorie-produit\/personal-protective-equipment\/ear-protection\/earmuff-earplug\/\">voir d'autres mod\u00e8les de cache-oreilles et de bouchons d'oreille.<\/a><\/p>\n<p>Si vous ne trouvez pas les casques antibruit et les bouchons d'oreille n\u00e9cessaires,<a href=\"https:\/\/toprisesafety.com\/fr\/contact-us\/\"> nous contacter<\/a>; nous prenons en charge la personnalisation sp\u00e9ciale.<\/p>","protected":false},"excerpt":{"rendered":"<p>N\u00b0 d'art : EM13<\/p>\n<p>Mat\u00e9riau : ABS<\/p>\n<p>Couleur : noir ou personnalis\u00e9<\/p>\n<p>SNR:34dB<\/p>\n<p>Norme de qualit\u00e9 : CE EN352<\/p>\n<p>MOQ:500PCS<\/p>","protected":false},"featured_media":11035,"template":"","meta":{"_acf_changed":false},"product_brand":[],"product_cat":[355,354],"product_tag":[],"class_list":{"0":"post-11034","1":"product","2":"type-product","3":"status-publish","4":"has-post-thumbnail","6":"product_cat-earmuff-earplug","7":"product_cat-ear-protection","9":"first","10":"instock","11":"shipping-taxable","12":"product-type-simple"},"acf":[],"_links":{"self":[{"href":"https:\/\/toprisesafety.com\/fr\/wp-json\/wp\/v2\/product\/11034"}],"collection":[{"href":"https:\/\/toprisesafety.com\/fr\/wp-json\/wp\/v2\/product"}],"about":[{"href":"https:\/\/toprisesafety.com\/fr\/wp-json\/wp\/v2\/types\/product"}],"wp:featuredmedia":[{"embeddable":true,"href":"https:\/\/toprisesafety.com\/fr\/wp-json\/wp\/v2\/media\/11035"}],"wp:attachment":[{"href":"https:\/\/toprisesafety.com\/fr\/wp-json\/wp\/v2\/media?parent=11034"}],"wp:term":[{"taxonomy":"product_brand","embeddable":true,"href":"https:\/\/toprisesafety.com\/fr\/wp-json\/wp\/v2\/product_brand?post=11034"},{"taxonomy":"product_cat","embeddable":true,"href":"https:\/\/toprisesafety.com\/fr\/wp-json\/wp\/v2\/product_cat?post=11034"},{"taxonomy":"product_tag","embeddable":true,"href":"https:\/\/toprisesafety.com\/fr\/wp-json\/wp\/v2\/product_tag?post=11034"}],"curies":[{"name":"wp","href":"https:\/\/api.w.org\/{rel}","templated":true}]}}