{"id":11017,"date":"2025-02-25T05:56:25","date_gmt":"2025-02-25T05:56:25","guid":{"rendered":"https:\/\/toprisesafety.com\/?post_type=product&#038;p=11017"},"modified":"2025-03-24T07:16:18","modified_gmt":"2025-03-24T07:16:18","slug":"safety-earmuffs","status":"publish","type":"product","link":"https:\/\/toprisesafety.com\/fr\/produit\/safety-earmuffs\/","title":{"rendered":"Prot\u00e8ge-oreilles de s\u00e9curit\u00e9"},"content":{"rendered":"<h2>Prot\u00e8ge-oreilles de s\u00e9curit\u00e9<\/h2>\n<ul>\n<li>Une isolation phonique efficace garantit un environnement de travail silencieux.<\/li>\n<li>Bandeau r\u00e9glable, adapt\u00e9 \u00e0 diff\u00e9rents types de t\u00eate, stable \u00e0 porter.<\/li>\n<li>Coussinets confortables pour r\u00e9duire la g\u00eane occasionn\u00e9e par un port prolong\u00e9.<\/li>\n<li>Conception \u00e0 forte r\u00e9duction de bruit pour prot\u00e9ger l'ou\u00efe des dommages caus\u00e9s par le bruit.<\/li>\n<li>Mat\u00e9riau l\u00e9ger, facile \u00e0 transporter et \u00e0 ranger.<\/li>\n<li>Couleur noire et rouge assortie, \u00e0 la mode et accrocheuse, facile \u00e0 reconna\u00eetre.<\/li>\n<\/ul>\n<table>\n<tbody>\n<tr>\n<td width=\"284\"><strong><b>ART NO. <\/b><\/strong><\/td>\n<td width=\"334\"><strong><b>EM09<\/b><\/strong><\/td>\n<\/tr>\n<tr>\n<td width=\"284\">Mat\u00e9riau<\/td>\n<td width=\"334\">Coque et bandeau en ABS, int\u00e9rieur en \u00e9ponge haute densit\u00e9, cuir artificiel<\/td>\n<\/tr>\n<tr>\n<td width=\"284\">Couleur<\/td>\n<td width=\"334\">Noir\/rouge, noir\/bleu ou personnalis\u00e9<\/td>\n<\/tr>\n<tr>\n<td width=\"284\">SNR<\/td>\n<td width=\"334\">32dB<\/td>\n<\/tr>\n<tr>\n<td width=\"284\">Emballage<\/td>\n<td width=\"334\">Sac Opp\/bo\u00eete en plastique\/bo\u00eete en couleur, etc.<\/td>\n<\/tr>\n<tr>\n<td width=\"284\">Normes de qualit\u00e9<\/td>\n<td width=\"334\">CE EN352<\/td>\n<\/tr>\n<tr>\n<td width=\"284\">MOQ<\/td>\n<td width=\"334\">500 PCS<\/td>\n<\/tr>\n<\/tbody>\n<\/table>\n<p>TOPRISE permet de personnaliser diff\u00e9rents styles de casques antibruit et de bouchons d'oreille. <a href=\"https:\/\/toprisesafety.com\/fr\/categorie-produit\/personal-protective-equipment\/ear-protection\/earmuff-earplug\/\">voir d'autres mod\u00e8les de cache-oreilles et de bouchons d'oreille.<\/a><\/p>\n<p>Si vous ne trouvez pas les casques antibruit et les bouchons d'oreille n\u00e9cessaires,<a href=\"https:\/\/toprisesafety.com\/fr\/contact-us\/\"> nous contacter<\/a>; nous prenons en charge la personnalisation sp\u00e9ciale.<\/p>","protected":false},"excerpt":{"rendered":"<p>N\u00b0 d'art : EM09<\/p>\n<p>Mati\u00e8re : Coque et bandeau en ABS, int\u00e9rieur en \u00e9ponge haute densit\u00e9, cuir artificiel<\/p>\n<p>Couleur : noir\/rouge, noir\/bleu ou personnalis\u00e9e<\/p>\n<p>SNR : 32dB<\/p>\n<p>Norme de qualit\u00e9 : CE EN352<\/p>\n<p>MOQ:500PCS<\/p>","protected":false},"featured_media":11019,"template":"","meta":{"_acf_changed":false},"product_brand":[],"product_cat":[354,355],"product_tag":[],"class_list":{"0":"post-11017","1":"product","2":"type-product","3":"status-publish","4":"has-post-thumbnail","6":"product_cat-ear-protection","7":"product_cat-earmuff-earplug","9":"first","10":"instock","11":"shipping-taxable","12":"product-type-simple"},"acf":[],"_links":{"self":[{"href":"https:\/\/toprisesafety.com\/fr\/wp-json\/wp\/v2\/product\/11017","targetHints":{"allow":["GET"]}}],"collection":[{"href":"https:\/\/toprisesafety.com\/fr\/wp-json\/wp\/v2\/product"}],"about":[{"href":"https:\/\/toprisesafety.com\/fr\/wp-json\/wp\/v2\/types\/product"}],"wp:featuredmedia":[{"embeddable":true,"href":"https:\/\/toprisesafety.com\/fr\/wp-json\/wp\/v2\/media\/11019"}],"wp:attachment":[{"href":"https:\/\/toprisesafety.com\/fr\/wp-json\/wp\/v2\/media?parent=11017"}],"wp:term":[{"taxonomy":"product_brand","embeddable":true,"href":"https:\/\/toprisesafety.com\/fr\/wp-json\/wp\/v2\/product_brand?post=11017"},{"taxonomy":"product_cat","embeddable":true,"href":"https:\/\/toprisesafety.com\/fr\/wp-json\/wp\/v2\/product_cat?post=11017"},{"taxonomy":"product_tag","embeddable":true,"href":"https:\/\/toprisesafety.com\/fr\/wp-json\/wp\/v2\/product_tag?post=11017"}],"curies":[{"name":"wp","href":"https:\/\/api.w.org\/{rel}","templated":true}]}}