{"id":11014,"date":"2025-02-25T05:46:03","date_gmt":"2025-02-25T05:46:03","guid":{"rendered":"https:\/\/toprisesafety.com\/?post_type=product&#038;p=11014"},"modified":"2025-03-24T07:16:46","modified_gmt":"2025-03-24T07:16:46","slug":"earmuffs-for-noise","status":"publish","type":"product","link":"https:\/\/toprisesafety.com\/fr\/produit\/earmuffs-for-noise\/","title":{"rendered":"Casques antibruit"},"content":{"rendered":"<h2>Casques antibruit<\/h2>\n<ul>\n<li>Isolation acoustique efficace pour prot\u00e9ger les oreilles du bruit.<\/li>\n<li>Conception l\u00e9g\u00e8re, longue dur\u00e9e d'utilisation, confortable et sans contrainte.<\/li>\n<li>Bandeau r\u00e9glable pour diff\u00e9rents types de t\u00eate.<\/li>\n<li>Mat\u00e9riau durable, longue dur\u00e9e de vie, r\u00e9sistance \u00e0 l'usure.<\/li>\n<li>Jaune vif, il attire l'attention et est facile \u00e0 voir ; il ne faut pas le perdre.<\/li>\n<li>Facile \u00e0 ranger, convient au transport et au stockage.<\/li>\n<\/ul>\n<table>\n<tbody>\n<tr>\n<td width=\"284\"><strong><b>ART NO. <\/b><\/strong><\/td>\n<td width=\"334\"><strong><b>EM08<\/b><\/strong><\/td>\n<\/tr>\n<tr>\n<td width=\"284\">Mat\u00e9riau<\/td>\n<td width=\"334\">Coque et bandeau en ABS, int\u00e9rieur en \u00e9ponge haute densit\u00e9, cuir artificiel<\/td>\n<\/tr>\n<tr>\n<td width=\"284\">Couleur<\/td>\n<td width=\"334\">Jaune ou personnalis\u00e9<\/td>\n<\/tr>\n<tr>\n<td width=\"284\">Emballage<\/td>\n<td width=\"334\">Sac Opp\/bo\u00eete en plastique\/bo\u00eete en couleur, etc.<\/td>\n<\/tr>\n<tr>\n<td width=\"284\">Normes de qualit\u00e9<\/td>\n<td width=\"334\">CE EN352 -1<\/td>\n<\/tr>\n<tr>\n<td width=\"284\">MOQ<\/td>\n<td width=\"334\">500 PCS<\/td>\n<\/tr>\n<\/tbody>\n<\/table>\n<p>TOPRISE permet de personnaliser diff\u00e9rents styles de casques antibruit et de bouchons d'oreille. <a href=\"https:\/\/toprisesafety.com\/fr\/categorie-produit\/personal-protective-equipment\/ear-protection\/earmuff-earplug\/\">voir d'autres mod\u00e8les de cache-oreilles et de bouchons d'oreille.<\/a><\/p>\n<p>Si vous ne trouvez pas les casques antibruit et les bouchons d'oreille n\u00e9cessaires,<a href=\"https:\/\/toprisesafety.com\/fr\/contact-us\/\"> nous contacter<\/a>; nous prenons en charge la personnalisation sp\u00e9ciale.<\/p>","protected":false},"excerpt":{"rendered":"<p>N\u00b0 d'art : EM08<\/p>\n<p>Mati\u00e8re : Coque et bandeau en ABS, int\u00e9rieur en \u00e9ponge haute densit\u00e9, cuir artificiel<\/p>\n<p>Couleur : jaune ou personnalis\u00e9e<\/p>\n<p>SNR : 20dB<\/p>\n<p>Norme de qualit\u00e9 : CE EN352-1<\/p>\n<p>MOQ:500PCS<\/p>","protected":false},"featured_media":11015,"template":"","meta":{"_acf_changed":false},"product_brand":[],"product_cat":[355,354],"product_tag":[],"class_list":{"0":"post-11014","1":"product","2":"type-product","3":"status-publish","4":"has-post-thumbnail","6":"product_cat-earmuff-earplug","7":"product_cat-ear-protection","9":"first","10":"instock","11":"shipping-taxable","12":"product-type-simple"},"acf":[],"_links":{"self":[{"href":"https:\/\/toprisesafety.com\/fr\/wp-json\/wp\/v2\/product\/11014","targetHints":{"allow":["GET"]}}],"collection":[{"href":"https:\/\/toprisesafety.com\/fr\/wp-json\/wp\/v2\/product"}],"about":[{"href":"https:\/\/toprisesafety.com\/fr\/wp-json\/wp\/v2\/types\/product"}],"wp:featuredmedia":[{"embeddable":true,"href":"https:\/\/toprisesafety.com\/fr\/wp-json\/wp\/v2\/media\/11015"}],"wp:attachment":[{"href":"https:\/\/toprisesafety.com\/fr\/wp-json\/wp\/v2\/media?parent=11014"}],"wp:term":[{"taxonomy":"product_brand","embeddable":true,"href":"https:\/\/toprisesafety.com\/fr\/wp-json\/wp\/v2\/product_brand?post=11014"},{"taxonomy":"product_cat","embeddable":true,"href":"https:\/\/toprisesafety.com\/fr\/wp-json\/wp\/v2\/product_cat?post=11014"},{"taxonomy":"product_tag","embeddable":true,"href":"https:\/\/toprisesafety.com\/fr\/wp-json\/wp\/v2\/product_tag?post=11014"}],"curies":[{"name":"wp","href":"https:\/\/api.w.org\/{rel}","templated":true}]}}