{"id":10993,"date":"2025-02-25T03:58:25","date_gmt":"2025-02-25T03:58:25","guid":{"rendered":"https:\/\/toprisesafety.com\/?post_type=product&#038;p=10993"},"modified":"2025-03-24T07:19:02","modified_gmt":"2025-03-24T07:19:02","slug":"best-silicone-earplug","status":"publish","type":"product","link":"https:\/\/toprisesafety.com\/fr\/produit\/best-silicone-earplug\/","title":{"rendered":"Meilleur bouchon d'oreille en silicone"},"content":{"rendered":"<h2>Meilleur bouchon d'oreille en silicone<\/h2>\n<ul>\n<li>Super doux et confortable : mat\u00e9riau en silicone de haute qualit\u00e9, s'adaptant parfaitement au canal auditif, plus confortable \u00e0 porter.<\/li>\n<li>Excellente isolation phonique : bloque efficacement le bruit et garantit un environnement de sommeil calme.<\/li>\n<li>Imperm\u00e9able et durable : conception imperm\u00e9able, adapt\u00e9e \u00e0 la natation ou \u00e0 la baignade.<\/li>\n<li>Mat\u00e9riau respectueux de l'environnement : Le silicone est un mat\u00e9riau respectueux de l'environnement, recyclable, s\u00fbr et inoffensif.<\/li>\n<li>Utilisation multiple : Conception durable, facile \u00e0 nettoyer, adapt\u00e9e \u00e0 une utilisation \u00e0 long terme.<\/li>\n<li>Convient \u00e0 diverses occasions : voyage, sommeil, concentration et autres.<\/li>\n<li>Pas facile \u00e0 d\u00e9former : le mat\u00e9riau en silicone est r\u00e9sistant, l'utilisation \u00e0 long terme n'est pas facile \u00e0 d\u00e9former.<\/li>\n<\/ul>\n<p>&nbsp;<\/p>\n<table>\n<tbody>\n<tr>\n<td width=\"284\"><strong><b>ART NO. <\/b><\/strong><\/td>\n<td width=\"334\"><strong><b>EP05<\/b><\/strong><\/td>\n<\/tr>\n<tr>\n<td width=\"284\">Mat\u00e9riau<\/td>\n<td width=\"334\">Silicone<\/td>\n<\/tr>\n<tr>\n<td width=\"284\">Taille<\/td>\n<td width=\"334\">14*29MM<\/td>\n<\/tr>\n<tr>\n<td width=\"284\">Couleur<\/td>\n<td width=\"334\">Jaune, vert, bleu, orange ou personnalis\u00e9<\/td>\n<\/tr>\n<tr>\n<td width=\"284\">Emballage<\/td>\n<td width=\"334\">Sac Opp\/bo\u00eete en plastique\/bo\u00eete en couleur, etc.<\/td>\n<\/tr>\n<tr>\n<td width=\"284\">Normes de qualit\u00e9<\/td>\n<td width=\"334\">CE EN352 -2 (2003)<\/td>\n<\/tr>\n<tr>\n<td width=\"284\">MOQ<\/td>\n<td width=\"334\">10000 PAIRES<\/td>\n<\/tr>\n<\/tbody>\n<\/table>\n<p>TOPRISE permet de personnaliser diff\u00e9rents styles de casques antibruit et de bouchons d'oreille. <a href=\"https:\/\/toprisesafety.com\/fr\/categorie-produit\/personal-protective-equipment\/ear-protection\/earmuff-earplug\/\">voir d'autres mod\u00e8les de cache-oreilles et de bouchons d'oreille.<\/a><\/p>\n<p>Si vous ne trouvez pas les casques antibruit et les bouchons d'oreille n\u00e9cessaires,<a href=\"https:\/\/toprisesafety.com\/fr\/contact-us\/\"> nous contacter<\/a>; nous prenons en charge la personnalisation sp\u00e9ciale.<\/p>","protected":false},"excerpt":{"rendered":"<p>Art No.: EP05<\/p>\n<p>Mat\u00e9riau : Silicone<\/p>\n<p>With knit lines and without knit lines for choice<\/p>\n<p>Taille : 14*29 mm<\/p>\n<p>SNR : 29dB<\/p>\n<p>Couleur : jaune, vert, bleu, orange, etc.<\/p>\n<p>MOQ : 10000 paires par couleur<\/p>","protected":false},"featured_media":10994,"template":"","meta":{"_acf_changed":false},"product_brand":[],"product_cat":[354,355],"product_tag":[],"class_list":{"0":"post-10993","1":"product","2":"type-product","3":"status-publish","4":"has-post-thumbnail","6":"product_cat-ear-protection","7":"product_cat-earmuff-earplug","9":"first","10":"instock","11":"shipping-taxable","12":"product-type-simple"},"acf":[],"_links":{"self":[{"href":"https:\/\/toprisesafety.com\/fr\/wp-json\/wp\/v2\/product\/10993"}],"collection":[{"href":"https:\/\/toprisesafety.com\/fr\/wp-json\/wp\/v2\/product"}],"about":[{"href":"https:\/\/toprisesafety.com\/fr\/wp-json\/wp\/v2\/types\/product"}],"wp:featuredmedia":[{"embeddable":true,"href":"https:\/\/toprisesafety.com\/fr\/wp-json\/wp\/v2\/media\/10994"}],"wp:attachment":[{"href":"https:\/\/toprisesafety.com\/fr\/wp-json\/wp\/v2\/media?parent=10993"}],"wp:term":[{"taxonomy":"product_brand","embeddable":true,"href":"https:\/\/toprisesafety.com\/fr\/wp-json\/wp\/v2\/product_brand?post=10993"},{"taxonomy":"product_cat","embeddable":true,"href":"https:\/\/toprisesafety.com\/fr\/wp-json\/wp\/v2\/product_cat?post=10993"},{"taxonomy":"product_tag","embeddable":true,"href":"https:\/\/toprisesafety.com\/fr\/wp-json\/wp\/v2\/product_tag?post=10993"}],"curies":[{"name":"wp","href":"https:\/\/api.w.org\/{rel}","templated":true}]}}