{"id":10991,"date":"2025-02-25T03:41:08","date_gmt":"2025-02-25T03:41:08","guid":{"rendered":"https:\/\/toprisesafety.com\/?post_type=product&#038;p=10991"},"modified":"2025-03-24T07:19:39","modified_gmt":"2025-03-24T07:19:39","slug":"earplugs-for-sleeping","status":"publish","type":"product","link":"https:\/\/toprisesafety.com\/fr\/produit\/earplugs-for-sleeping\/","title":{"rendered":"Bouchons d'oreille pour le sommeil"},"content":{"rendered":"<h2>Bouchons d'oreille pour le sommeil<\/h2>\n<ul>\n<li>Grand confort : mat\u00e9riau PU souple, adapt\u00e9 au canal auditif, port prolong\u00e9 sans g\u00eane.<\/li>\n<li>Bon effet de r\u00e9duction du bruit : isoler efficacement les bruits ext\u00e9rieurs, contribuer \u00e0 am\u00e9liorer la qualit\u00e9 du sommeil.<\/li>\n<li>L\u00e9ger et pratique : conception l\u00e9g\u00e8re, facile \u00e0 transporter, \u00e0 voyager et \u00e0 dormir.<\/li>\n<li>Anti-allergie : Le mat\u00e9riau PU ne provoque pas d'allergies et convient aux peaux sensibles.<\/li>\n<li>\u00c9cologique et durable : Le mat\u00e9riau PU est durable et r\u00e9utilisable, ce qui permet de r\u00e9duire les d\u00e9chets.<\/li>\n<li>Pas d'odeur : Les bouchons d'oreille en PU n'ont pas d'odeur et n'affectent pas le sommeil lorsqu'ils sont port\u00e9s.<\/li>\n<li>Am\u00e9lioration de la qualit\u00e9 du sommeil : aide \u00e0 bloquer le bruit et \u00e0 garantir un sommeil profond.<\/li>\n<\/ul>\n<table>\n<tbody>\n<tr>\n<td width=\"284\"><strong><b>ART NO. <\/b><\/strong><\/td>\n<td width=\"334\"><strong><b>EP04<\/b><\/strong><\/td>\n<\/tr>\n<tr>\n<td width=\"284\">Mat\u00e9riau<\/td>\n<td width=\"334\">PU<\/td>\n<\/tr>\n<tr>\n<td width=\"284\">Taille<\/td>\n<td width=\"334\">14*23MM<\/td>\n<\/tr>\n<tr>\n<td width=\"284\">Couleur<\/td>\n<td width=\"334\">M\u00e9lange de couleurs ou personnalisation<\/td>\n<\/tr>\n<tr>\n<td width=\"284\">Emballage<\/td>\n<td width=\"334\">Sac Opp\/bo\u00eete en plastique\/bo\u00eete en couleur, etc.<\/td>\n<\/tr>\n<tr>\n<td width=\"284\">Normes de qualit\u00e9<\/td>\n<td width=\"334\">NRR 29db<\/td>\n<\/tr>\n<tr>\n<td width=\"284\">MOQ<\/td>\n<td width=\"334\">10000 PAIRES<\/td>\n<\/tr>\n<\/tbody>\n<\/table>\n<p>TOPRISE permet de personnaliser diff\u00e9rents styles de casques antibruit et de bouchons d'oreille. <a href=\"https:\/\/toprisesafety.com\/fr\/categorie-produit\/personal-protective-equipment\/ear-protection\/earmuff-earplug\/\">voir d'autres mod\u00e8les de cache-oreilles et de bouchons d'oreille.<\/a><\/p>\n<p>Si vous ne trouvez pas les casques antibruit et les bouchons d'oreille n\u00e9cessaires,<a href=\"https:\/\/toprisesafety.com\/fr\/contact-us\/\"> nous contacter<\/a>; nous prenons en charge la personnalisation sp\u00e9ciale.<\/p>","protected":false},"excerpt":{"rendered":"<p>N\u00b0 d'art : EP04<\/p>\n<p>Mat\u00e9riau : PU<\/p>\n<p>Taille : 14*23 mm<\/p>\n<p>Couleur : m\u00e9lange de couleurs<\/p>\n<p>MOQ : 10000 paires par couleur<\/p>","protected":false},"featured_media":10992,"template":"","meta":{"_acf_changed":false},"product_brand":[],"product_cat":[354,355],"product_tag":[],"class_list":{"0":"post-10991","1":"product","2":"type-product","3":"status-publish","4":"has-post-thumbnail","6":"product_cat-ear-protection","7":"product_cat-earmuff-earplug","9":"first","10":"instock","11":"shipping-taxable","12":"product-type-simple"},"acf":[],"_links":{"self":[{"href":"https:\/\/toprisesafety.com\/fr\/wp-json\/wp\/v2\/product\/10991"}],"collection":[{"href":"https:\/\/toprisesafety.com\/fr\/wp-json\/wp\/v2\/product"}],"about":[{"href":"https:\/\/toprisesafety.com\/fr\/wp-json\/wp\/v2\/types\/product"}],"wp:featuredmedia":[{"embeddable":true,"href":"https:\/\/toprisesafety.com\/fr\/wp-json\/wp\/v2\/media\/10992"}],"wp:attachment":[{"href":"https:\/\/toprisesafety.com\/fr\/wp-json\/wp\/v2\/media?parent=10991"}],"wp:term":[{"taxonomy":"product_brand","embeddable":true,"href":"https:\/\/toprisesafety.com\/fr\/wp-json\/wp\/v2\/product_brand?post=10991"},{"taxonomy":"product_cat","embeddable":true,"href":"https:\/\/toprisesafety.com\/fr\/wp-json\/wp\/v2\/product_cat?post=10991"},{"taxonomy":"product_tag","embeddable":true,"href":"https:\/\/toprisesafety.com\/fr\/wp-json\/wp\/v2\/product_tag?post=10991"}],"curies":[{"name":"wp","href":"https:\/\/api.w.org\/{rel}","templated":true}]}}