{"id":10088,"date":"2024-12-06T07:21:50","date_gmt":"2024-12-06T07:21:50","guid":{"rendered":"https:\/\/toprisesafety.com\/?post_type=product&#038;p=10088"},"modified":"2024-12-06T07:21:50","modified_gmt":"2024-12-06T07:21:50","slug":"skull-mask","status":"publish","type":"product","link":"https:\/\/toprisesafety.com\/fr\/produit\/skull-mask\/","title":{"rendered":"Masque de cr\u00e2ne"},"content":{"rendered":"<h2><strong><b>Masque de cr\u00e2ne <\/b><\/strong><\/h2>\n<table>\n<tbody>\n<tr>\n<td width=\"284\">ART NO.<\/td>\n<td width=\"329\">SG25<\/td>\n<\/tr>\n<tr>\n<td width=\"284\">Mat\u00e9riau<\/td>\n<td width=\"329\">PP frame + PC lens<\/td>\n<\/tr>\n<tr>\n<td width=\"284\">Taille<\/td>\n<td width=\"329\">Taille adulte standard, largeur 185 mm \u00d7 hauteur 180 mm<\/td>\n<\/tr>\n<tr>\n<td width=\"284\">Couleur<\/td>\n<td width=\"329\">Noir<\/p>\n<p>&nbsp;<\/td>\n<\/tr>\n<tr>\n<td width=\"284\">Emballage<\/td>\n<td width=\"329\">Sac en poly\u00e9thyl\u00e8ne, carte de t\u00eate, bo\u00eete blister, bo\u00eete de couleur, etc.<\/td>\n<\/tr>\n<tr>\n<td width=\"284\">Caract\u00e9ristiques<\/td>\n<td width=\"329\">R\u00e9sistant au vent, \u00e0 la poussi\u00e8re, au sable, aux UV, etc.<\/td>\n<\/tr>\n<tr>\n<td width=\"284\">Applications<\/td>\n<td width=\"329\">Tactical equipment, movie props, outdoor sports, daily recreation\u00a0etc.<\/td>\n<\/tr>\n<\/tbody>\n<\/table>","protected":false},"excerpt":{"rendered":"<p>Art No.: SG27<\/p>\n<p>Material: PP frame + PC lens<\/p>\n<p>Size:\u00a0standard adult size, width 200 mm \u00d7\u00a0height 185mm<\/p>\n<p>Couleur : monture noire, lentilles de diff\u00e9rentes couleurs au choix.<\/p>\n<p>Prise en charge des paquets personnalis\u00e9s<\/p>\n<p>MOQ : 1000PCS<\/p>","protected":false},"featured_media":10089,"template":"","meta":{"_acf_changed":false},"product_brand":[],"product_cat":[15],"product_tag":[],"class_list":{"0":"post-10088","1":"product","2":"type-product","3":"status-publish","4":"has-post-thumbnail","6":"product_cat-toprise-new-products","8":"first","9":"instock","10":"shipping-taxable","11":"product-type-simple"},"acf":[],"_links":{"self":[{"href":"https:\/\/toprisesafety.com\/fr\/wp-json\/wp\/v2\/product\/10088"}],"collection":[{"href":"https:\/\/toprisesafety.com\/fr\/wp-json\/wp\/v2\/product"}],"about":[{"href":"https:\/\/toprisesafety.com\/fr\/wp-json\/wp\/v2\/types\/product"}],"wp:featuredmedia":[{"embeddable":true,"href":"https:\/\/toprisesafety.com\/fr\/wp-json\/wp\/v2\/media\/10089"}],"wp:attachment":[{"href":"https:\/\/toprisesafety.com\/fr\/wp-json\/wp\/v2\/media?parent=10088"}],"wp:term":[{"taxonomy":"product_brand","embeddable":true,"href":"https:\/\/toprisesafety.com\/fr\/wp-json\/wp\/v2\/product_brand?post=10088"},{"taxonomy":"product_cat","embeddable":true,"href":"https:\/\/toprisesafety.com\/fr\/wp-json\/wp\/v2\/product_cat?post=10088"},{"taxonomy":"product_tag","embeddable":true,"href":"https:\/\/toprisesafety.com\/fr\/wp-json\/wp\/v2\/product_tag?post=10088"}],"curies":[{"name":"wp","href":"https:\/\/api.w.org\/{rel}","templated":true}]}}