{"id":9637,"date":"2024-11-28T05:22:08","date_gmt":"2024-11-28T05:22:08","guid":{"rendered":"https:\/\/toprisesafety.com\/?post_type=product&#038;p=9637"},"modified":"2025-03-14T07:07:17","modified_gmt":"2025-03-14T07:07:17","slug":"stylish-safety-glasses","status":"publish","type":"product","link":"https:\/\/toprisesafety.com\/es\/producto\/stylish-safety-glasses\/","title":{"rendered":"Gafas de seguridad con estilo"},"content":{"rendered":"<h2><strong><b>Gafas de seguridad con estilo \u00a0<\/b><\/strong><\/h2>\n<table>\n<tbody>\n<tr>\n<td width=\"284\">ART NO.<\/td>\n<td width=\"284\">SG10<\/td>\n<\/tr>\n<tr>\n<td width=\"284\">Material<\/td>\n<td width=\"284\">Lente y patas de PC, puente nasal y patas de goma blanda<\/td>\n<\/tr>\n<tr>\n<td width=\"284\">Funci\u00f3n<\/td>\n<td width=\"284\">Anti-UV, Antirayas, Antivaho a elegir<\/td>\n<\/tr>\n<tr>\n<td width=\"284\">Talla<\/td>\n<td width=\"284\">Talla est\u00e1ndar de adulto<\/td>\n<\/tr>\n<tr>\n<td width=\"284\">Color<\/td>\n<td width=\"284\">Claro, gris oscuro, amarillo, azul, leonado<\/td>\n<\/tr>\n<tr>\n<td width=\"284\">Embalaje<\/td>\n<td width=\"284\">Bolsa de polietileno, tarjeta de cabeza, caja bl\u00edster, caja de color, etc.<\/td>\n<\/tr>\n<tr>\n<td width=\"284\">Aplicaci\u00f3n<\/td>\n<td width=\"284\">Construcci\u00f3n, industria, miner\u00eda, agricultura, equitaci\u00f3n, laboratorio, militar, petr\u00f3leo, etc.<\/td>\n<\/tr>\n<\/tbody>\n<\/table>\n<p>TOPRISE admite varios estilos de gafas de seguridad y personalizaci\u00f3n de gafas de soldadura; haga clic para <a href=\"https:\/\/toprisesafety.com\/es\/categoria-producto\/personal-protective-equipment\/eye-protection\/safety-glasses\/\">ver m\u00e1s estilos de gafas de seguridad y gafas de soldadura<\/a>.<\/p>\n<p>Si no encuentra las gafas de seguridad y soldadura que necesita, <a href=\"https:\/\/toprisesafety.com\/es\/contact-us\/\">Contacto<\/a>; apoyamos la personalizaci\u00f3n especial.<\/p>\n<p>&nbsp;<\/p>","protected":false},"excerpt":{"rendered":"<p>N\u00ba Referencia: SG10<\/p>\n<p>Material: PC lens and legs, soft rubber nose pad\u00a0and legs<\/p>\n<p>Color: claro, gris oscuro, amarillo, azul, leonado, etc.<\/p>\n<p>Caracter\u00edstica: Anti-UV, Antirayas, Antivaho a elegir<\/p>\n<p>Paquete personalizado<\/p>\n<p>MOQ: 1200PCS, color especial 3600PCS<\/p>","protected":false},"featured_media":9638,"template":"","meta":{"_acf_changed":false},"product_brand":[],"product_cat":[357,360],"product_tag":[],"class_list":{"0":"post-9637","1":"product","2":"type-product","3":"status-publish","4":"has-post-thumbnail","6":"product_cat-eye-protection","7":"product_cat-safety-glasses","9":"first","10":"instock","11":"shipping-taxable","12":"product-type-simple"},"acf":[],"_links":{"self":[{"href":"https:\/\/toprisesafety.com\/es\/wp-json\/wp\/v2\/product\/9637"}],"collection":[{"href":"https:\/\/toprisesafety.com\/es\/wp-json\/wp\/v2\/product"}],"about":[{"href":"https:\/\/toprisesafety.com\/es\/wp-json\/wp\/v2\/types\/product"}],"wp:featuredmedia":[{"embeddable":true,"href":"https:\/\/toprisesafety.com\/es\/wp-json\/wp\/v2\/media\/9638"}],"wp:attachment":[{"href":"https:\/\/toprisesafety.com\/es\/wp-json\/wp\/v2\/media?parent=9637"}],"wp:term":[{"taxonomy":"product_brand","embeddable":true,"href":"https:\/\/toprisesafety.com\/es\/wp-json\/wp\/v2\/product_brand?post=9637"},{"taxonomy":"product_cat","embeddable":true,"href":"https:\/\/toprisesafety.com\/es\/wp-json\/wp\/v2\/product_cat?post=9637"},{"taxonomy":"product_tag","embeddable":true,"href":"https:\/\/toprisesafety.com\/es\/wp-json\/wp\/v2\/product_tag?post=9637"}],"curies":[{"name":"wp","href":"https:\/\/api.w.org\/{rel}","templated":true}]}}