{"id":9206,"date":"2024-11-12T06:44:21","date_gmt":"2024-11-12T06:44:21","guid":{"rendered":"https:\/\/toprisesafety.com\/?post_type=product&#038;p=9206"},"modified":"2025-03-24T04:41:50","modified_gmt":"2025-03-24T04:41:50","slug":"best-welding-mask-auto-darkening","status":"publish","type":"product","link":"https:\/\/toprisesafety.com\/es\/producto\/best-welding-mask-auto-darkening\/","title":{"rendered":"Mejor M\u00e1scara de Soldadura Auto-Oscurecible"},"content":{"rendered":"<h2><strong><b>Mejor M\u00e1scara de Soldadura Auto-Oscurecible<\/b><\/strong><\/h2>\n<table>\n<tbody>\n<tr>\n<td width=\"284\">ART NO.<\/td>\n<td width=\"284\">AMM08<\/td>\n<\/tr>\n<tr>\n<td width=\"284\">Tama\u00f1o del filtro<\/td>\n<td width=\"284\">110\u00d790\u00d710mm<\/td>\n<\/tr>\n<tr>\n<td width=\"284\">Zona de visi\u00f3n activa<\/td>\n<td width=\"284\">93\u00d743MM<\/td>\n<\/tr>\n<tr>\n<td width=\"284\">Tono claro<\/td>\n<td width=\"284\">DIN3<\/td>\n<\/tr>\n<tr>\n<td width=\"284\">Tono oscuro<\/td>\n<td width=\"284\">DIN9-13<\/td>\n<\/tr>\n<tr>\n<td width=\"284\">Ajuste del estado oscuro<\/td>\n<td width=\"284\">S\u00ed<\/td>\n<\/tr>\n<tr>\n<td width=\"284\">Ajuste de sensibilidad<\/td>\n<td width=\"284\">S\u00ed<\/td>\n<\/tr>\n<tr>\n<td width=\"284\">Tiempo de conmutaci\u00f3n<\/td>\n<td width=\"284\">1\/25000S<\/td>\n<\/tr>\n<tr>\n<td width=\"284\">Tiempo de retardo<\/td>\n<td width=\"284\">0,01 ms<\/td>\n<\/tr>\n<tr>\n<td width=\"284\">Fuente de alimentaci\u00f3n<\/td>\n<td width=\"284\">Bater\u00eda de litio y alimentaci\u00f3n solar<\/td>\n<\/tr>\n<tr>\n<td width=\"284\">Capacidad de la bater\u00eda de litio<\/td>\n<td width=\"284\">60mAh<\/td>\n<\/tr>\n<tr>\n<td width=\"284\">Grado de funcionamiento frente a UVB<\/td>\n<td width=\"284\">DIN16<\/td>\n<\/tr>\n<tr>\n<td width=\"284\">Peso<\/td>\n<td width=\"284\">400G\/PC<\/td>\n<\/tr>\n<tr>\n<td width=\"284\">Embalaje<\/td>\n<td width=\"284\">Cada pieza por caja de color de embalaje, 20PCS\/CTN<\/td>\n<\/tr>\n<tr>\n<td width=\"284\">Tama\u00f1o de la caja<\/td>\n<td width=\"284\">53\u00d750\u00d750CM<\/td>\n<\/tr>\n<tr>\n<td width=\"284\">N\/G.W<\/td>\n<td width=\"284\">8\/10KGS<\/td>\n<\/tr>\n<tr>\n<td width=\"284\">Servicio OEM<\/td>\n<td width=\"284\">S\u00ed<\/td>\n<\/tr>\n<\/tbody>\n<\/table>\n<p>TOPRISE admite varios estilos de personalizaci\u00f3n de m\u00e1scaras y cascos de soldadura; haga clic para<a href=\"https:\/\/toprisesafety.com\/es\/categoria-producto\/personal-protective-equipment\/face-protection\/welding-helmet\/\"> ver m\u00e1s estilos de m\u00e1scaras y cascos de soldadura.<\/a><\/p>\n<p>Si no encuentra las m\u00e1scaras y cascos de soldadura que necesita, <a href=\"https:\/\/toprisesafety.com\/es\/contact-us\/\">Contacto<\/a>; apoyamos la personalizaci\u00f3n especial.<\/p>","protected":false},"excerpt":{"rendered":"<p>Best Welding Mask Auto Darkening ART NO. WMA08 Filter Size 110\u00d790\u00d710mm Active Viewing Area 93\u00d743MM Light Shade DIN3 Dark Shade DIN9-13 Dark State Adjustment Yes SenSitivity Adjustment Yes Switching Time 1\/25000S Delay Time 0.01ms Power Supply Lithium battery &amp; Solar Supply Related Capcity of Lithium Battery 60mAh Operating Gradeaginst UVB DIN16 Weight 400G\/PC Packing Each [&hellip;]<\/p>","protected":false},"featured_media":9207,"template":"","meta":{"_acf_changed":false},"product_brand":[],"product_cat":[361,363,362],"product_tag":[],"class_list":{"0":"post-9206","1":"product","2":"type-product","3":"status-publish","4":"has-post-thumbnail","6":"product_cat-face-protection","7":"product_cat-auto-welding-helmet","8":"product_cat-welding-helmet","10":"first","11":"instock","12":"shipping-taxable","13":"product-type-simple"},"acf":[],"_links":{"self":[{"href":"https:\/\/toprisesafety.com\/es\/wp-json\/wp\/v2\/product\/9206"}],"collection":[{"href":"https:\/\/toprisesafety.com\/es\/wp-json\/wp\/v2\/product"}],"about":[{"href":"https:\/\/toprisesafety.com\/es\/wp-json\/wp\/v2\/types\/product"}],"wp:featuredmedia":[{"embeddable":true,"href":"https:\/\/toprisesafety.com\/es\/wp-json\/wp\/v2\/media\/9207"}],"wp:attachment":[{"href":"https:\/\/toprisesafety.com\/es\/wp-json\/wp\/v2\/media?parent=9206"}],"wp:term":[{"taxonomy":"product_brand","embeddable":true,"href":"https:\/\/toprisesafety.com\/es\/wp-json\/wp\/v2\/product_brand?post=9206"},{"taxonomy":"product_cat","embeddable":true,"href":"https:\/\/toprisesafety.com\/es\/wp-json\/wp\/v2\/product_cat?post=9206"},{"taxonomy":"product_tag","embeddable":true,"href":"https:\/\/toprisesafety.com\/es\/wp-json\/wp\/v2\/product_tag?post=9206"}],"curies":[{"name":"wp","href":"https:\/\/api.w.org\/{rel}","templated":true}]}}