{"id":9198,"date":"2024-11-12T06:38:31","date_gmt":"2024-11-12T06:38:31","guid":{"rendered":"https:\/\/toprisesafety.com\/?post_type=product&#038;p=9198"},"modified":"2025-03-24T04:43:04","modified_gmt":"2025-03-24T04:43:04","slug":"welding-mask-auto-darkening","status":"publish","type":"product","link":"https:\/\/toprisesafety.com\/es\/producto\/welding-mask-auto-darkening\/","title":{"rendered":"M\u00e1scara de Soldador Auto-Oscurecible"},"content":{"rendered":"<h2><strong><b>M\u00e1scara de Soldador Auto-Oscurecible<\/b><\/strong><\/h2>\n<table>\n<tbody>\n<tr>\n<td width=\"284\">ART NO.<\/td>\n<td width=\"284\">AMM05<\/td>\n<\/tr>\n<tr>\n<td width=\"284\">Tama\u00f1o del filtro<\/td>\n<td width=\"284\">107\u00d750\u00d75MM<\/td>\n<\/tr>\n<tr>\n<td width=\"284\">Zona de visi\u00f3n activa<\/td>\n<td width=\"284\">90\u00d730MM<\/td>\n<\/tr>\n<tr>\n<td width=\"284\">Tono claro<\/td>\n<td width=\"284\">DIN4<\/td>\n<\/tr>\n<tr>\n<td width=\"284\">Tono oscuro<\/td>\n<td width=\"284\">DIN3-11<\/td>\n<\/tr>\n<tr>\n<td width=\"284\">Ajuste del estado oscuro<\/td>\n<td width=\"284\">NO<\/td>\n<\/tr>\n<tr>\n<td width=\"284\">Ajuste de sensibilidad<\/td>\n<td width=\"284\">NO<\/td>\n<\/tr>\n<tr>\n<td width=\"284\">Tiempo de conmutaci\u00f3n<\/td>\n<td width=\"284\">1\/15000S<\/td>\n<\/tr>\n<tr>\n<td width=\"284\">Tiempo de retardo<\/td>\n<td width=\"284\">0.2s<\/td>\n<\/tr>\n<tr>\n<td width=\"284\">Fuente de alimentaci\u00f3n<\/td>\n<td width=\"284\">Bater\u00eda de litio y alimentaci\u00f3n solar<\/td>\n<\/tr>\n<tr>\n<td width=\"284\">Capacidad de la bater\u00eda de litio<\/td>\n<td width=\"284\">60mAh<\/td>\n<\/tr>\n<tr>\n<td width=\"284\">Grado de funcionamiento frente a UVB<\/td>\n<td width=\"284\">DIN16<\/td>\n<\/tr>\n<tr>\n<td width=\"284\">L\u00e1mpara<\/td>\n<td width=\"284\">Con o sin l\u00e1mpara a elegir<\/td>\n<\/tr>\n<tr>\n<td width=\"284\">Peso<\/td>\n<td width=\"284\">275G\/PC<\/td>\n<\/tr>\n<tr>\n<td width=\"284\">Embalaje<\/td>\n<td width=\"284\">Cada pieza por bolsa opp ,30PCS\/CTN<\/td>\n<\/tr>\n<tr>\n<td width=\"284\">Tama\u00f1o de la caja<\/td>\n<td width=\"284\">50\u00d733\u00d765CM<\/td>\n<\/tr>\n<\/tbody>\n<\/table>\n<p>TOPRISE admite varios estilos de personalizaci\u00f3n de m\u00e1scaras y cascos de soldadura; haga clic para<a href=\"https:\/\/toprisesafety.com\/es\/categoria-producto\/personal-protective-equipment\/face-protection\/welding-helmet\/\"> ver m\u00e1s estilos de m\u00e1scaras y cascos de soldadura.<\/a><\/p>\n<p>Si no encuentra las m\u00e1scaras y cascos de soldadura que necesita, <a href=\"https:\/\/toprisesafety.com\/es\/contact-us\/\">Contacto<\/a>; apoyamos la personalizaci\u00f3n especial.<\/p>","protected":false},"excerpt":{"rendered":"<p>N\u00ba de art\u00edculo : WMA05<\/p>\n<p>Material: PP<\/p>\n<p>Color: Negro<\/p>\n<p>\u00c1rea de visi\u00f3n activa: 90\u00d730MM<\/p>\n<p>Sombra oscura: Din 3-11<\/p>\n<p>Con l\u00e1mpara o sin l\u00e1mpara delante a elegir<\/p>\n<p>MOQ: 60PCS<\/p>","protected":false},"featured_media":9199,"template":"","meta":{"_acf_changed":false},"product_brand":[],"product_cat":[361,363,362],"product_tag":[],"class_list":{"0":"post-9198","1":"product","2":"type-product","3":"status-publish","4":"has-post-thumbnail","6":"product_cat-face-protection","7":"product_cat-auto-welding-helmet","8":"product_cat-welding-helmet","10":"first","11":"instock","12":"shipping-taxable","13":"product-type-simple"},"acf":[],"_links":{"self":[{"href":"https:\/\/toprisesafety.com\/es\/wp-json\/wp\/v2\/product\/9198"}],"collection":[{"href":"https:\/\/toprisesafety.com\/es\/wp-json\/wp\/v2\/product"}],"about":[{"href":"https:\/\/toprisesafety.com\/es\/wp-json\/wp\/v2\/types\/product"}],"wp:featuredmedia":[{"embeddable":true,"href":"https:\/\/toprisesafety.com\/es\/wp-json\/wp\/v2\/media\/9199"}],"wp:attachment":[{"href":"https:\/\/toprisesafety.com\/es\/wp-json\/wp\/v2\/media?parent=9198"}],"wp:term":[{"taxonomy":"product_brand","embeddable":true,"href":"https:\/\/toprisesafety.com\/es\/wp-json\/wp\/v2\/product_brand?post=9198"},{"taxonomy":"product_cat","embeddable":true,"href":"https:\/\/toprisesafety.com\/es\/wp-json\/wp\/v2\/product_cat?post=9198"},{"taxonomy":"product_tag","embeddable":true,"href":"https:\/\/toprisesafety.com\/es\/wp-json\/wp\/v2\/product_tag?post=9198"}],"curies":[{"name":"wp","href":"https:\/\/api.w.org\/{rel}","templated":true}]}}