{"id":9072,"date":"2024-11-08T06:36:09","date_gmt":"2024-11-08T06:36:09","guid":{"rendered":"https:\/\/toprisesafety.com\/?post_type=product&#038;p=9072"},"modified":"2025-03-24T04:29:44","modified_gmt":"2025-03-24T04:29:44","slug":"hard-hat-face-shield","status":"publish","type":"product","link":"https:\/\/toprisesafety.com\/es\/producto\/hard-hat-face-shield\/","title":{"rendered":"Casco protector facial"},"content":{"rendered":"<h2><strong><b>Casco protector facial<\/b><\/strong><\/h2>\n<table>\n<tbody>\n<tr>\n<td width=\"284\"><strong><b>ART NO.<\/b><\/strong><\/td>\n<td width=\"284\">FS09<\/td>\n<\/tr>\n<tr>\n<td width=\"284\"><strong><b>Marco<\/b><\/strong><strong><b>\u00a0Material <\/b><\/strong><\/td>\n<td width=\"284\">Aluminio<\/td>\n<\/tr>\n<tr>\n<td width=\"284\"><strong><b>Material de la visera <\/b><\/strong><\/td>\n<td width=\"284\">Malla<\/td>\n<\/tr>\n<tr>\n<td width=\"284\"><strong><b>Tama\u00f1o de la visera<\/b><\/strong><\/td>\n<td width=\"284\">28\u00d725CM<\/td>\n<\/tr>\n<tr>\n<td width=\"284\"><strong><b>Color de la visera<\/b><\/strong><\/td>\n<td width=\"284\">Negro<\/td>\n<\/tr>\n<tr>\n<td width=\"284\"><strong><b>Utilizaci\u00f3n<\/b><\/strong><\/td>\n<td width=\"284\">Usar con casco<\/td>\n<\/tr>\n<tr>\n<td width=\"284\"><strong><b>Aplicaci\u00f3n<\/b><\/strong><\/td>\n<td width=\"284\">Cortar el c\u00e9sped, talar \u00e1rboles, trabajar al aire libre<\/td>\n<\/tr>\n<tr>\n<td width=\"284\"><strong><b>\u00c1rea utilizada<\/b><\/strong><\/td>\n<td width=\"284\">Soldadura, construcci\u00f3n, laboratorio, miner\u00eda, industria, jard\u00edn, etc.<\/td>\n<\/tr>\n<tr>\n<td width=\"284\"><strong><b>Embalaje<\/b><\/strong><\/td>\n<td width=\"284\">1PC por bolso del opp, 200 PCS por cart\u00f3n<\/td>\n<\/tr>\n<tr>\n<td width=\"284\"><strong><b>Tama\u00f1o de la caja<\/b><\/strong><\/td>\n<td width=\"284\">51\u00d742\u00d764CM<\/td>\n<\/tr>\n<tr>\n<td width=\"284\"><strong><b>N\/G.W<\/b><\/strong><\/td>\n<td width=\"284\">9,8\/10,5KGS<\/td>\n<\/tr>\n<\/tbody>\n<\/table>\n<p>TOPRISE admite varios estilos de personalizaci\u00f3n de los protectores faciales; haga clic para <a href=\"https:\/\/toprisesafety.com\/es\/categoria-producto\/personal-protective-equipment\/face-protection\/face-shield\/\">ver m\u00e1s modelos de pantallas faciales<\/a>.<\/p>\n<p>Si no encuentra los protectores faciales necesarios, <a href=\"https:\/\/toprisesafety.com\/es\/contact-us\/\">Contacto<\/a>; apoyamos la personalizaci\u00f3n especial.<\/p>","protected":false},"excerpt":{"rendered":"<p><strong><b>Art No.<\/b><\/strong>\u00a0:FS09<\/p>\n<p><strong><b>Marco<\/b><\/strong><strong><b>\u00a0material<\/b><\/strong>: Aluminio<\/p>\n<p><strong><b>Material de la visera<\/b><\/strong>\u00a0: Malla<\/p>\n<p><strong><b>Tama\u00f1o de la visera<\/b><\/strong>: 28*25CM<\/p>\n<p><strong><b>Uso:<\/b><\/strong>\u00a0llevar con casco<\/p>\n<p><strong><b>MOQ<\/b><\/strong>: 500 UNIDADES<\/p>","protected":false},"featured_media":9073,"template":"","meta":{"_acf_changed":false},"product_brand":[],"product_cat":[361,365],"product_tag":[],"class_list":{"0":"post-9072","1":"product","2":"type-product","3":"status-publish","4":"has-post-thumbnail","6":"product_cat-face-protection","7":"product_cat-face-shield","9":"first","10":"instock","11":"shipping-taxable","12":"product-type-simple"},"acf":[],"_links":{"self":[{"href":"https:\/\/toprisesafety.com\/es\/wp-json\/wp\/v2\/product\/9072"}],"collection":[{"href":"https:\/\/toprisesafety.com\/es\/wp-json\/wp\/v2\/product"}],"about":[{"href":"https:\/\/toprisesafety.com\/es\/wp-json\/wp\/v2\/types\/product"}],"wp:featuredmedia":[{"embeddable":true,"href":"https:\/\/toprisesafety.com\/es\/wp-json\/wp\/v2\/media\/9073"}],"wp:attachment":[{"href":"https:\/\/toprisesafety.com\/es\/wp-json\/wp\/v2\/media?parent=9072"}],"wp:term":[{"taxonomy":"product_brand","embeddable":true,"href":"https:\/\/toprisesafety.com\/es\/wp-json\/wp\/v2\/product_brand?post=9072"},{"taxonomy":"product_cat","embeddable":true,"href":"https:\/\/toprisesafety.com\/es\/wp-json\/wp\/v2\/product_cat?post=9072"},{"taxonomy":"product_tag","embeddable":true,"href":"https:\/\/toprisesafety.com\/es\/wp-json\/wp\/v2\/product_tag?post=9072"}],"curies":[{"name":"wp","href":"https:\/\/api.w.org\/{rel}","templated":true}]}}