{"id":9067,"date":"2024-11-08T06:32:51","date_gmt":"2024-11-08T06:32:51","guid":{"rendered":"https:\/\/toprisesafety.com\/?post_type=product&#038;p=9067"},"modified":"2025-03-24T04:31:01","modified_gmt":"2025-03-24T04:31:01","slug":"half-face-mask","status":"publish","type":"product","link":"https:\/\/toprisesafety.com\/es\/producto\/half-face-mask\/","title":{"rendered":"Media m\u00e1scara facial"},"content":{"rendered":"<h2><strong><b>Media m\u00e1scara facial<\/b><\/strong><\/h2>\n<table style=\"height: 626px;\" width=\"702\">\n<tbody>\n<tr>\n<td width=\"284\"><strong><b>ART NO.<\/b><\/strong><\/td>\n<td width=\"284\">FS08<\/td>\n<\/tr>\n<tr>\n<td width=\"284\"><strong><b>Marco<\/b><\/strong><strong><b>\u00a0Material <\/b><\/strong><\/td>\n<td width=\"284\">PP<\/td>\n<\/tr>\n<tr>\n<td width=\"284\"><strong><b>Material de la visera <\/b><\/strong><\/td>\n<td width=\"284\">PET vidrio org\u00e1nico<\/td>\n<\/tr>\n<tr>\n<td width=\"284\"><strong><b>Tama\u00f1o de la visera<\/b><\/strong><\/td>\n<td width=\"284\">22.5\u00d722.0CM<\/td>\n<\/tr>\n<tr>\n<td width=\"284\"><strong><b>Color de la visera<\/b><\/strong><\/td>\n<td width=\"284\">Transparente\/marr\u00f3n oscuro<\/td>\n<\/tr>\n<tr>\n<td width=\"284\"><strong><b>Tren de cabeza<\/b><\/strong><\/td>\n<td width=\"284\">Hebilla<\/td>\n<\/tr>\n<tr>\n<td width=\"284\"><strong><b>Aplicaci\u00f3n<\/b><\/strong><\/td>\n<td width=\"284\">Protecci\u00f3n contra la luz intensa, las salpicaduras qu\u00edmicas y el polvo<\/td>\n<\/tr>\n<tr>\n<td width=\"284\"><strong><b>\u00c1rea utilizada<\/b><\/strong><\/td>\n<td width=\"284\">Soldadura, construcci\u00f3n, laboratorio, miner\u00eda, industria, jard\u00edn, etc.<\/td>\n<\/tr>\n<tr>\n<td width=\"284\"><strong><b>Embalaje<\/b><\/strong><\/td>\n<td width=\"284\">1PC por bolso del opp, 60 PCS por cart\u00f3n<\/td>\n<\/tr>\n<tr>\n<td width=\"284\"><strong><b>Tama\u00f1o de la caja<\/b><\/strong><\/td>\n<td width=\"284\">46\u00d742\u00d742CM<\/td>\n<\/tr>\n<tr>\n<td width=\"284\"><strong><b>N\/G.W<\/b><\/strong><\/td>\n<td width=\"284\">11\/11.5KGS<\/td>\n<\/tr>\n<\/tbody>\n<\/table>\n<p>TOPRISE admite varios estilos de personalizaci\u00f3n de los protectores faciales; haga clic para <a href=\"https:\/\/toprisesafety.com\/es\/categoria-producto\/personal-protective-equipment\/face-protection\/face-shield\/\">ver m\u00e1s modelos de pantallas faciales<\/a>.<\/p>\n<p>Si no encuentra los protectores faciales necesarios, <a href=\"https:\/\/toprisesafety.com\/es\/contact-us\/\">Contacto<\/a>; apoyamos la personalizaci\u00f3n especial.<\/p>","protected":false},"excerpt":{"rendered":"<p><strong><b>Art No.<\/b><\/strong>\u00a0:FS08<\/p>\n<p><strong><b>Marco<\/b><\/strong><strong><b>\u00a0material<\/b><\/strong>: PP<\/p>\n<p><strong><b>Material de la visera<\/b><\/strong>\u00a0:PET vidrio org\u00e1nico<\/p>\n<p><strong><b>Tama\u00f1o de la visera<\/b><\/strong>: 22*20.5CM<\/p>\n<p><strong><b>Casco<\/b><\/strong>Hebilla<\/p>\n<p><strong><b>MOQ<\/b><\/strong>: 500 UNIDADES<\/p>","protected":false},"featured_media":9068,"template":"","meta":{"_acf_changed":false},"product_brand":[],"product_cat":[361,365],"product_tag":[],"class_list":{"0":"post-9067","1":"product","2":"type-product","3":"status-publish","4":"has-post-thumbnail","6":"product_cat-face-protection","7":"product_cat-face-shield","9":"first","10":"instock","11":"shipping-taxable","12":"product-type-simple"},"acf":[],"_links":{"self":[{"href":"https:\/\/toprisesafety.com\/es\/wp-json\/wp\/v2\/product\/9067"}],"collection":[{"href":"https:\/\/toprisesafety.com\/es\/wp-json\/wp\/v2\/product"}],"about":[{"href":"https:\/\/toprisesafety.com\/es\/wp-json\/wp\/v2\/types\/product"}],"wp:featuredmedia":[{"embeddable":true,"href":"https:\/\/toprisesafety.com\/es\/wp-json\/wp\/v2\/media\/9068"}],"wp:attachment":[{"href":"https:\/\/toprisesafety.com\/es\/wp-json\/wp\/v2\/media?parent=9067"}],"wp:term":[{"taxonomy":"product_brand","embeddable":true,"href":"https:\/\/toprisesafety.com\/es\/wp-json\/wp\/v2\/product_brand?post=9067"},{"taxonomy":"product_cat","embeddable":true,"href":"https:\/\/toprisesafety.com\/es\/wp-json\/wp\/v2\/product_cat?post=9067"},{"taxonomy":"product_tag","embeddable":true,"href":"https:\/\/toprisesafety.com\/es\/wp-json\/wp\/v2\/product_tag?post=9067"}],"curies":[{"name":"wp","href":"https:\/\/api.w.org\/{rel}","templated":true}]}}