{"id":9057,"date":"2024-11-08T06:26:34","date_gmt":"2024-11-08T06:26:34","guid":{"rendered":"https:\/\/toprisesafety.com\/?post_type=product&#038;p=9057"},"modified":"2025-03-24T04:31:26","modified_gmt":"2025-03-24T04:31:26","slug":"helmet-face-shield","status":"publish","type":"product","link":"https:\/\/toprisesafety.com\/es\/producto\/helmet-face-shield\/","title":{"rendered":"Casco pantalla facial"},"content":{"rendered":"<h2><strong><b>Casco Pantalla facial <\/b><\/strong><\/h2>\n<table>\n<tbody>\n<tr>\n<td width=\"284\"><strong><b>ART NO.<\/b><\/strong><\/td>\n<td width=\"284\">FS07<\/td>\n<\/tr>\n<tr>\n<td width=\"284\"><strong><b>Marco<\/b><\/strong><strong><b>\u00a0Material <\/b><\/strong><\/td>\n<td width=\"284\">Aluminio<\/td>\n<\/tr>\n<tr>\n<td width=\"284\"><strong><b>Material de la visera <\/b><\/strong><\/td>\n<td width=\"284\">PC<\/td>\n<\/tr>\n<tr>\n<td width=\"284\"><strong><b>Tama\u00f1o de la visera<\/b><\/strong><\/td>\n<td width=\"284\">22.5\u00d722.0CM<\/td>\n<\/tr>\n<tr>\n<td width=\"284\"><strong><b>Color de la visera<\/b><\/strong><\/td>\n<td width=\"284\">Transparente\/negro\/gris\/verde\/marr\u00f3n oscuro<\/td>\n<\/tr>\n<tr>\n<td width=\"284\"><strong><b>Tren de cabeza<\/b><\/strong><\/td>\n<td width=\"284\">Torbellino de carraca<\/td>\n<\/tr>\n<tr>\n<td width=\"284\"><strong><b>Aplicaci\u00f3n<\/b><\/strong><\/td>\n<td width=\"284\">Protecci\u00f3n contra la luz intensa, las salpicaduras qu\u00edmicas y el polvo<\/td>\n<\/tr>\n<tr>\n<td width=\"284\"><strong><b>\u00c1rea utilizada<\/b><\/strong><\/td>\n<td width=\"284\">Soldadura, construcci\u00f3n, laboratorio, miner\u00eda, industria, jard\u00edn, etc.<\/td>\n<\/tr>\n<tr>\n<td width=\"284\"><strong><b>Embalaje<\/b><\/strong><\/td>\n<td width=\"284\">1PC por bolso del opp, 30 PCS por cart\u00f3n<\/td>\n<\/tr>\n<tr>\n<td width=\"284\"><strong><b>Tama\u00f1o de la caja<\/b><\/strong><\/td>\n<td width=\"284\">55\u00d744\u00d758CM<\/td>\n<\/tr>\n<tr>\n<td width=\"284\"><strong><b>N\/G.W<\/b><\/strong><\/td>\n<td width=\"284\">14\/14,5KGS<\/td>\n<\/tr>\n<\/tbody>\n<\/table>\n<p>TOPRISE admite varios estilos de personalizaci\u00f3n de los protectores faciales; haga clic para <a href=\"https:\/\/toprisesafety.com\/es\/categoria-producto\/personal-protective-equipment\/face-protection\/face-shield\/\">ver m\u00e1s modelos de pantallas faciales<\/a>.<\/p>\n<p>Si no encuentra los protectores faciales necesarios, <a href=\"https:\/\/toprisesafety.com\/es\/contact-us\/\">Contacto<\/a>; apoyamos la personalizaci\u00f3n especial.<\/p>","protected":false},"excerpt":{"rendered":"<p><strong><b>Art No.<\/b><\/strong>\u00a0:FS07<\/p>\n<p><strong><b>Marco<\/b><\/strong><strong><b>\u00a0material<\/b><\/strong>: Aluminio<\/p>\n<p><strong><b>Material de la visera<\/b><\/strong>\u00a0: PC<\/p>\n<p><strong><b>Tama\u00f1o de la visera<\/b><\/strong>: 22.5*22.0CM<\/p>\n<p><strong><b>Casco<\/b><\/strong>: trinquete giratorio hacia atr\u00e1s<\/p>\n<p><strong><b>MOQ<\/b><\/strong>: 500 UNIDADES<\/p>","protected":false},"featured_media":9058,"template":"","meta":{"_acf_changed":false},"product_brand":[],"product_cat":[365,361],"product_tag":[],"class_list":{"0":"post-9057","1":"product","2":"type-product","3":"status-publish","4":"has-post-thumbnail","6":"product_cat-face-shield","7":"product_cat-face-protection","9":"first","10":"instock","11":"shipping-taxable","12":"product-type-simple"},"acf":[],"_links":{"self":[{"href":"https:\/\/toprisesafety.com\/es\/wp-json\/wp\/v2\/product\/9057"}],"collection":[{"href":"https:\/\/toprisesafety.com\/es\/wp-json\/wp\/v2\/product"}],"about":[{"href":"https:\/\/toprisesafety.com\/es\/wp-json\/wp\/v2\/types\/product"}],"wp:featuredmedia":[{"embeddable":true,"href":"https:\/\/toprisesafety.com\/es\/wp-json\/wp\/v2\/media\/9058"}],"wp:attachment":[{"href":"https:\/\/toprisesafety.com\/es\/wp-json\/wp\/v2\/media?parent=9057"}],"wp:term":[{"taxonomy":"product_brand","embeddable":true,"href":"https:\/\/toprisesafety.com\/es\/wp-json\/wp\/v2\/product_brand?post=9057"},{"taxonomy":"product_cat","embeddable":true,"href":"https:\/\/toprisesafety.com\/es\/wp-json\/wp\/v2\/product_cat?post=9057"},{"taxonomy":"product_tag","embeddable":true,"href":"https:\/\/toprisesafety.com\/es\/wp-json\/wp\/v2\/product_tag?post=9057"}],"curies":[{"name":"wp","href":"https:\/\/api.w.org\/{rel}","templated":true}]}}