{"id":8978,"date":"2024-11-07T07:16:09","date_gmt":"2024-11-07T07:16:09","guid":{"rendered":"https:\/\/toprisesafety.com\/?post_type=product&#038;p=8978"},"modified":"2025-03-14T05:37:03","modified_gmt":"2025-03-14T05:37:03","slug":"helmet-with-face-shield","status":"publish","type":"product","link":"https:\/\/toprisesafety.com\/es\/producto\/helmet-with-face-shield\/","title":{"rendered":"Casco con pantalla facial"},"content":{"rendered":"<h2><strong><b>Casco con pantalla facial<\/b><\/strong><\/h2>\n<table>\n<tbody>\n<tr>\n<td width=\"98\"><strong><b>\u00a0<\/b><\/strong><\/p>\n<p><strong><b>Art No.<\/b><\/strong><\/td>\n<td width=\"558\">HFS01<\/td>\n<\/tr>\n<tr>\n<td width=\"98\"><strong><b>Marca<\/b><\/strong><\/td>\n<td width=\"558\">Apoyar la marca propia del cliente<\/td>\n<\/tr>\n<tr>\n<td width=\"98\"><strong><b>Casco <\/b><\/strong><strong><b>Material<\/b><\/strong><\/td>\n<td width=\"558\">HDPE<\/td>\n<\/tr>\n<tr>\n<td width=\"98\"><strong><b>Peso<\/b><\/strong><\/td>\n<td width=\"558\">345G\/PC<\/td>\n<\/tr>\n<tr>\n<td width=\"98\"><strong><b>Forro<\/b><\/strong><\/td>\n<td width=\"558\">Cuatro puntos de suspensi\u00f3n forro de pl\u00e1stico, trinquete ajustable o bot\u00f3n de nuevo para un uso c\u00f3modo<\/td>\n<\/tr>\n<tr>\n<td width=\"98\"><strong><b>Mentonera<\/b><\/strong><\/td>\n<td width=\"558\">Incluido<\/td>\n<\/tr>\n<tr>\n<td width=\"98\"><strong><b>Casco <\/b><\/strong><strong><b>Color<\/b><\/strong><\/td>\n<td width=\"558\">Blanco, amarillo, azul, verde, naranja, rojo, etc.<\/td>\n<\/tr>\n<tr>\n<td width=\"98\"><strong><b>MOQ<\/b><\/strong><\/td>\n<td width=\"558\">200PCS\/COLOR<\/td>\n<\/tr>\n<tr>\n<td width=\"98\"><strong><b>Embalaje<\/b><\/strong><\/td>\n<td width=\"558\">24 JUEGOS \/CTN<\/td>\n<\/tr>\n<tr>\n<td width=\"98\"><strong><b>Tama\u00f1o de la caja<\/b><\/strong><\/td>\n<td width=\"558\">60\u00d768\u00d771CM<\/td>\n<\/tr>\n<tr>\n<td width=\"98\"><strong><b>Aplicaci\u00f3n<\/b><\/strong><\/td>\n<td width=\"558\">Jard\u00edn, bosque, construcci\u00f3n, miner\u00eda, agricultura, industria, petr\u00f3leo, etc.<\/td>\n<\/tr>\n<\/tbody>\n<\/table>\n<p>TOPRISE admite varios estilos de personalizaci\u00f3n de cascos de seguridad; haga clic para <a href=\"https:\/\/toprisesafety.com\/es\/categoria-producto\/personal-protective-equipment\/head-protection\/safety-helmet\/\">ver m\u00e1s estilos de cascos de seguridad.<\/a><\/p>\n<p>Si no encuentra los cascos de seguridad necesarios, <a href=\"https:\/\/toprisesafety.com\/es\/contact-us\/\">Contacto<\/a>; apoyamos la personalizaci\u00f3n especial.<\/p>\n<p>&nbsp;<\/p>\n<p><iframe title=\"Casco con pantalla facial\" width=\"800\" height=\"450\" src=\"https:\/\/www.youtube.com\/embed\/5k4z33_DDP8?feature=oembed\" frameborder=\"0\" allow=\"accelerometer; autoplay; clipboard-write; encrypted-media; gyroscope; picture-in-picture; web-share\" referrerpolicy=\"strict-origin-when-cross-origin\" allowfullscreen><\/iframe><\/p>","protected":false},"excerpt":{"rendered":"<p><strong><b>Art No.<\/b><\/strong>: HFS01<\/p>\n<p><strong><b>Material<\/b><\/strong>: Casco de PE, pantalla facial de malla<\/p>\n<p><strong><b>Casco <\/b><\/strong><strong><b>Color<\/b><\/strong>: Rojo\/Blanco\/Azul\/Verde\/Naranja, etc.<\/p>\n<p><strong><b>Peso<\/b><\/strong>: 345G\/PC<\/p>\n<p><strong><b>Embalaje<\/b><\/strong>: 1 juego por caja de color, 24 juegos por cat\u00f3n<\/p>\n<p><strong><b>Logotipo<\/b><\/strong>impresi\u00f3n o pegatina, etc.<\/p>\n<p><strong><b>MOQ<\/b><\/strong>200 unidades por color.<\/p>","protected":false},"featured_media":8980,"template":"","meta":{"_acf_changed":false},"product_brand":[],"product_cat":[15,366,367],"product_tag":[],"class_list":{"0":"post-8978","1":"product","2":"type-product","3":"status-publish","4":"has-post-thumbnail","6":"product_cat-toprise-new-products","7":"product_cat-head-protection","8":"product_cat-safety-helmet","10":"first","11":"instock","12":"shipping-taxable","13":"product-type-simple"},"acf":[],"_links":{"self":[{"href":"https:\/\/toprisesafety.com\/es\/wp-json\/wp\/v2\/product\/8978","targetHints":{"allow":["GET"]}}],"collection":[{"href":"https:\/\/toprisesafety.com\/es\/wp-json\/wp\/v2\/product"}],"about":[{"href":"https:\/\/toprisesafety.com\/es\/wp-json\/wp\/v2\/types\/product"}],"wp:featuredmedia":[{"embeddable":true,"href":"https:\/\/toprisesafety.com\/es\/wp-json\/wp\/v2\/media\/8980"}],"wp:attachment":[{"href":"https:\/\/toprisesafety.com\/es\/wp-json\/wp\/v2\/media?parent=8978"}],"wp:term":[{"taxonomy":"product_brand","embeddable":true,"href":"https:\/\/toprisesafety.com\/es\/wp-json\/wp\/v2\/product_brand?post=8978"},{"taxonomy":"product_cat","embeddable":true,"href":"https:\/\/toprisesafety.com\/es\/wp-json\/wp\/v2\/product_cat?post=8978"},{"taxonomy":"product_tag","embeddable":true,"href":"https:\/\/toprisesafety.com\/es\/wp-json\/wp\/v2\/product_tag?post=8978"}],"curies":[{"name":"wp","href":"https:\/\/api.w.org\/{rel}","templated":true}]}}