{"id":8971,"date":"2024-11-07T07:02:59","date_gmt":"2024-11-07T07:02:59","guid":{"rendered":"https:\/\/toprisesafety.com\/?post_type=product&#038;p=8971"},"modified":"2025-03-14T05:37:55","modified_gmt":"2025-03-14T05:37:55","slug":"helmet-with-glasses","status":"publish","type":"product","link":"https:\/\/toprisesafety.com\/es\/producto\/helmet-with-glasses\/","title":{"rendered":"Casco con gafas"},"content":{"rendered":"<p><iframe title=\"Casco con gafas\" width=\"800\" height=\"450\" src=\"https:\/\/www.youtube.com\/embed\/R6eh8Srz6yo?feature=oembed\" frameborder=\"0\" allow=\"accelerometer; autoplay; clipboard-write; encrypted-media; gyroscope; picture-in-picture; web-share\" referrerpolicy=\"strict-origin-when-cross-origin\" allowfullscreen><\/iframe><\/p>\n<p><strong><b>Casco con gafas<\/b><\/strong><\/p>\n<table>\n<tbody>\n<tr>\n<td width=\"98\"><strong><b>Art No.<\/b><\/strong><\/td>\n<td width=\"558\">SH18<\/td>\n<\/tr>\n<tr>\n<td width=\"98\"><strong><b>Marca<\/b><\/strong><\/td>\n<td width=\"558\">Soporte brnad propio del cliente<\/td>\n<\/tr>\n<tr>\n<td width=\"98\"><strong><b>Material<\/b><\/strong><\/td>\n<td width=\"558\">Casco ABS, gafas PC<\/td>\n<\/tr>\n<tr>\n<td width=\"98\"><strong><b>Peso<\/b><\/strong><\/td>\n<td width=\"558\">Casco 470 G\/PC, a\u00f1adir gafas peso total 550G\/PC<\/td>\n<\/tr>\n<tr>\n<td width=\"98\"><strong><b>Forro<\/b><\/strong><\/td>\n<td width=\"558\">Forro de pl\u00e1stico con seis puntos de suspensi\u00f3n, trinquete ajustable para un uso c\u00f3modo<\/td>\n<\/tr>\n<tr>\n<td width=\"98\"><strong><b>Mentonera<\/b><\/strong><\/td>\n<td width=\"558\">Incluido<\/td>\n<\/tr>\n<tr>\n<td width=\"98\"><strong><b>Color<\/b><\/strong><\/td>\n<td width=\"558\">Blanco, amarillo, azul, verde, naranja, rojo, etc.<\/td>\n<\/tr>\n<tr>\n<td width=\"98\"><strong><b>MOQ<\/b><\/strong><\/td>\n<td width=\"558\">100PCS\/COLOR<\/td>\n<\/tr>\n<tr>\n<td width=\"98\"><strong><b>Embalaje<\/b><\/strong><\/td>\n<td width=\"558\">20 PCS\/CTN<\/td>\n<\/tr>\n<tr>\n<td width=\"98\"><strong><b>Tama\u00f1o de la caja<\/b><\/strong><\/td>\n<td width=\"558\">56\u00d745\u00d751CM<\/td>\n<\/tr>\n<tr>\n<td width=\"98\"><strong><b>Aplicaci\u00f3n<\/b><\/strong><\/td>\n<td width=\"558\">Protecci\u00f3n industrial, construcci\u00f3n, transporte, qu\u00edmica, petr\u00f3leo, trabajos en altura, etc.<\/td>\n<\/tr>\n<\/tbody>\n<\/table>\n<p>TOPRISE admite varios estilos de personalizaci\u00f3n de cascos de seguridad; haga clic para <a href=\"https:\/\/toprisesafety.com\/es\/categoria-producto\/personal-protective-equipment\/head-protection\/safety-helmet\/\">ver m\u00e1s estilos de cascos de seguridad.<\/a><\/p>\n<p>Si no encuentra los cascos de seguridad necesarios, <a href=\"https:\/\/toprisesafety.com\/es\/contact-us\/\">Contacto<\/a>; apoyamos la personalizaci\u00f3n especial.<\/p>","protected":false},"excerpt":{"rendered":"<p><strong><b>Art No.<\/b><\/strong>: SH18<\/p>\n<p><strong><b>Material<\/b><\/strong>: Casco ABS, gafas PC<\/p>\n<p><strong><b>Color<\/b><\/strong>: Blanco, amarillo, azul, naranja, verde fluorescente, negro, rojo, etc.<\/p>\n<p><strong><b>Peso<\/b><\/strong><strong><b>\u00a0: <\/b><\/strong>550G\/PC<\/p>\n<p><strong><b>Embalaje<\/b><\/strong>: 1PC\/bolsa de polietileno, 20PCS\/CTN<\/p>\n<p><strong><b>Logotipo<\/b><\/strong>impresi\u00f3n o pegatina, etc.<\/p>\n<p><strong><b>MOQ<\/b><\/strong>200 unidades por color.<\/p>","protected":false},"featured_media":8972,"template":"","meta":{"_acf_changed":false},"product_brand":[],"product_cat":[367,366],"product_tag":[],"class_list":{"0":"post-8971","1":"product","2":"type-product","3":"status-publish","4":"has-post-thumbnail","6":"product_cat-safety-helmet","7":"product_cat-head-protection","9":"first","10":"instock","11":"shipping-taxable","12":"product-type-simple"},"acf":[],"_links":{"self":[{"href":"https:\/\/toprisesafety.com\/es\/wp-json\/wp\/v2\/product\/8971"}],"collection":[{"href":"https:\/\/toprisesafety.com\/es\/wp-json\/wp\/v2\/product"}],"about":[{"href":"https:\/\/toprisesafety.com\/es\/wp-json\/wp\/v2\/types\/product"}],"wp:featuredmedia":[{"embeddable":true,"href":"https:\/\/toprisesafety.com\/es\/wp-json\/wp\/v2\/media\/8972"}],"wp:attachment":[{"href":"https:\/\/toprisesafety.com\/es\/wp-json\/wp\/v2\/media?parent=8971"}],"wp:term":[{"taxonomy":"product_brand","embeddable":true,"href":"https:\/\/toprisesafety.com\/es\/wp-json\/wp\/v2\/product_brand?post=8971"},{"taxonomy":"product_cat","embeddable":true,"href":"https:\/\/toprisesafety.com\/es\/wp-json\/wp\/v2\/product_cat?post=8971"},{"taxonomy":"product_tag","embeddable":true,"href":"https:\/\/toprisesafety.com\/es\/wp-json\/wp\/v2\/product_tag?post=8971"}],"curies":[{"name":"wp","href":"https:\/\/api.w.org\/{rel}","templated":true}]}}