{"id":8964,"date":"2024-11-07T06:59:28","date_gmt":"2024-11-07T06:59:28","guid":{"rendered":"https:\/\/toprisesafety.com\/?post_type=product&#038;p=8964"},"modified":"2025-03-14T05:38:49","modified_gmt":"2025-03-14T05:38:49","slug":"fiberglass-hard-hats","status":"publish","type":"product","link":"https:\/\/toprisesafety.com\/es\/producto\/fiberglass-hard-hats\/","title":{"rendered":"Cascos de fibra de vidrio"},"content":{"rendered":"<h2><strong><b>Cascos de fibra de vidrio<\/b><\/strong><\/h2>\n<table>\n<tbody>\n<tr>\n<td width=\"98\"><strong><b>Art No.<\/b><\/strong><\/td>\n<td width=\"558\">SH17<\/td>\n<\/tr>\n<tr>\n<td width=\"98\"><strong><b>Marca<\/b><\/strong><\/td>\n<td width=\"558\">Soporte brnad propio del cliente<\/td>\n<\/tr>\n<tr>\n<td width=\"98\"><strong><b>Material<\/b><\/strong><\/td>\n<td width=\"558\">FIBERGLASS<\/td>\n<\/tr>\n<tr>\n<td width=\"98\"><strong><b>Peso<\/b><\/strong><\/td>\n<td width=\"558\">ABS:415G\/PC<\/td>\n<\/tr>\n<tr>\n<td width=\"98\"><strong><b>Forro<\/b><\/strong><\/td>\n<td width=\"558\">Cuatro puntos de suspensi\u00f3n forro de pl\u00e1stico, trinquete ajustable o bot\u00f3n de nuevo para un uso c\u00f3modo<\/td>\n<\/tr>\n<tr>\n<td width=\"98\"><strong><b>Mentonera<\/b><\/strong><\/td>\n<td width=\"558\">Incluido<\/td>\n<\/tr>\n<tr>\n<td width=\"98\"><strong><b>Color<\/b><\/strong><\/td>\n<td width=\"558\">Red,white,yellow,blue,wine red etc.<\/td>\n<\/tr>\n<tr>\n<td width=\"98\"><strong><b>MOQ<\/b><\/strong><\/td>\n<td width=\"558\">100PCS\/COLOR<\/td>\n<\/tr>\n<tr>\n<td width=\"98\"><strong><b>Embalaje<\/b><\/strong><\/td>\n<td width=\"558\">30 PCS\/CTN<\/td>\n<\/tr>\n<tr>\n<td width=\"98\"><strong><b>Tama\u00f1o de la caja<\/b><\/strong><\/td>\n<td width=\"558\">66\u00d756\u00d757CM<\/td>\n<\/tr>\n<tr>\n<td width=\"98\"><strong><b>Aplicaci\u00f3n<\/b><\/strong><\/td>\n<td width=\"558\">Mining, petrochemical, smelting, high temperature and other glass steel resistance to high temperature, water, acid, alkali, oil and chemical corrosion characteristics<\/td>\n<\/tr>\n<\/tbody>\n<\/table>\n<p>TOPRISE admite varios estilos de personalizaci\u00f3n de cascos de seguridad; haga clic para <a href=\"https:\/\/toprisesafety.com\/es\/categoria-producto\/personal-protective-equipment\/head-protection\/safety-helmet\/\">ver m\u00e1s estilos de cascos de seguridad.<\/a><\/p>\n<p>Si no encuentra los cascos de seguridad necesarios, <a href=\"https:\/\/toprisesafety.com\/es\/contact-us\/\">Contacto<\/a>; apoyamos la personalizaci\u00f3n especial.<\/p>","protected":false},"excerpt":{"rendered":"<p><strong><b>Art No.<\/b><\/strong>: SH17<\/p>\n<p><strong><b>Material<\/b><\/strong>: fiberglass<\/p>\n<p><strong><b>Color<\/b><\/strong>:\u00a0Red\/White\/Yellow\/Blue\/Wine red etc.<\/p>\n<p><strong><b>Peso<\/b><\/strong>:\u00a0450G\/PC<\/p>\n<p><strong><b>Embalaje<\/b><\/strong>: 1PC\/bolsa de polietileno, 50PCS\/CTN<\/p>\n<p><strong><b>Logotipo<\/b><\/strong>impresi\u00f3n o pegatina, etc.<\/p>\n<p><strong><b>MOQ<\/b><\/strong>200 unidades por color.<\/p>","protected":false},"featured_media":8965,"template":"","meta":{"_acf_changed":false},"product_brand":[],"product_cat":[367,366],"product_tag":[],"class_list":{"0":"post-8964","1":"product","2":"type-product","3":"status-publish","4":"has-post-thumbnail","6":"product_cat-safety-helmet","7":"product_cat-head-protection","9":"first","10":"instock","11":"shipping-taxable","12":"product-type-simple"},"acf":[],"_links":{"self":[{"href":"https:\/\/toprisesafety.com\/es\/wp-json\/wp\/v2\/product\/8964"}],"collection":[{"href":"https:\/\/toprisesafety.com\/es\/wp-json\/wp\/v2\/product"}],"about":[{"href":"https:\/\/toprisesafety.com\/es\/wp-json\/wp\/v2\/types\/product"}],"wp:featuredmedia":[{"embeddable":true,"href":"https:\/\/toprisesafety.com\/es\/wp-json\/wp\/v2\/media\/8965"}],"wp:attachment":[{"href":"https:\/\/toprisesafety.com\/es\/wp-json\/wp\/v2\/media?parent=8964"}],"wp:term":[{"taxonomy":"product_brand","embeddable":true,"href":"https:\/\/toprisesafety.com\/es\/wp-json\/wp\/v2\/product_brand?post=8964"},{"taxonomy":"product_cat","embeddable":true,"href":"https:\/\/toprisesafety.com\/es\/wp-json\/wp\/v2\/product_cat?post=8964"},{"taxonomy":"product_tag","embeddable":true,"href":"https:\/\/toprisesafety.com\/es\/wp-json\/wp\/v2\/product_tag?post=8964"}],"curies":[{"name":"wp","href":"https:\/\/api.w.org\/{rel}","templated":true}]}}