{"id":8939,"date":"2024-11-07T06:39:27","date_gmt":"2024-11-07T06:39:27","guid":{"rendered":"https:\/\/toprisesafety.com\/?post_type=product&#038;p=8939"},"modified":"2025-03-14T05:44:57","modified_gmt":"2025-03-14T05:44:57","slug":"construction-hat","status":"publish","type":"product","link":"https:\/\/toprisesafety.com\/es\/producto\/construction-hat\/","title":{"rendered":"Gorro de construcci\u00f3n"},"content":{"rendered":"<h2><strong><b>Gorro de construcci\u00f3n<\/b><\/strong><\/h2>\n<table>\n<tbody>\n<tr>\n<td width=\"98\"><strong><b>Art No.<\/b><\/strong><\/td>\n<td width=\"558\">SH12<\/td>\n<\/tr>\n<tr>\n<td width=\"98\"><strong><b>Marca<\/b><\/strong><\/td>\n<td width=\"558\">Soporte brnad propio del cliente<\/td>\n<\/tr>\n<tr>\n<td width=\"98\"><strong><b>Material<\/b><\/strong><\/td>\n<td width=\"558\">ABS<\/td>\n<\/tr>\n<tr>\n<td width=\"98\"><strong><b>Peso<\/b><\/strong><\/td>\n<td width=\"558\">440G\/PC<\/td>\n<\/tr>\n<tr>\n<td width=\"98\"><strong><b>Forro<\/b><\/strong><\/td>\n<td width=\"558\">Forro de pl\u00e1stico con seis puntos de suspensi\u00f3n, ajustable con trinquete o bot\u00f3n trasero para llevarla c\u00f3modamente.<\/td>\n<\/tr>\n<tr>\n<td width=\"98\"><strong><b>Mentonera<\/b><\/strong><\/td>\n<td width=\"558\">Incluido<\/td>\n<\/tr>\n<tr>\n<td width=\"98\"><strong><b>Color<\/b><\/strong><\/td>\n<td width=\"558\">Blanco, amarillo, azul, verde, naranja, rojo, etc.<\/td>\n<\/tr>\n<tr>\n<td width=\"98\"><strong><b>MOQ<\/b><\/strong><\/td>\n<td width=\"558\">200PCS\/COLOR<\/td>\n<\/tr>\n<tr>\n<td width=\"98\"><strong><b>Embalaje<\/b><\/strong><\/td>\n<td width=\"558\">40 UNIDADES\/CTN<\/td>\n<\/tr>\n<tr>\n<td width=\"98\"><strong><b>Tama\u00f1o de la caja<\/b><\/strong><\/td>\n<td width=\"558\">79\u00d731\u00d788CM<\/td>\n<\/tr>\n<tr>\n<td width=\"98\"><strong><b>Aplicaci\u00f3n<\/b><\/strong><\/td>\n<td width=\"558\">Construcci\u00f3n, miner\u00eda, agricultura, industria, petr\u00f3leo, etc.<\/td>\n<\/tr>\n<tr>\n<td width=\"98\"><strong><b>Certificado<\/b><\/strong><\/td>\n<td width=\"558\">CE EN397: 2012+A1:2012 \/ANSI-ISEA Z89.1-2014<\/td>\n<\/tr>\n<\/tbody>\n<\/table>\n<p>&nbsp;<\/p>\n<p>TOPRISE admite varios estilos de personalizaci\u00f3n de cascos de seguridad; haga clic para <a href=\"https:\/\/toprisesafety.com\/es\/categoria-producto\/personal-protective-equipment\/head-protection\/safety-helmet\/\">ver m\u00e1s estilos de cascos de seguridad.<\/a><\/p>\n<p>Si no encuentra los cascos de seguridad necesarios, <a href=\"https:\/\/toprisesafety.com\/es\/contact-us\/\">Contacto<\/a>; apoyamos la personalizaci\u00f3n especial.<\/p>","protected":false},"excerpt":{"rendered":"<p><strong><b>Art No.<\/b><\/strong>: SH12<\/p>\n<p><strong><b>Material<\/b><\/strong>: ABS<\/p>\n<p><strong><b>Color<\/b><\/strong>: Rojo\/Blanco\/Azul\/Amarillo\/Naranja, etc.<\/p>\n<p><strong><b>Peso<\/b><\/strong>: 440G\/PC<\/p>\n<p><strong><b>Embalaje<\/b><\/strong>: 1PC\/bolsa de polietileno, 40PCS\/CTN<\/p>\n<p><strong><b>Logotipo<\/b><\/strong>impresi\u00f3n o pegatina, etc.<\/p>\n<p><strong><b>MOQ<\/b><\/strong>: 300 unidades por color.<\/p>","protected":false},"featured_media":8940,"template":"","meta":{"_acf_changed":false},"product_brand":[],"product_cat":[367,366],"product_tag":[376],"class_list":{"0":"post-8939","1":"product","2":"type-product","3":"status-publish","4":"has-post-thumbnail","6":"product_cat-safety-helmet","7":"product_cat-head-protection","8":"product_tag-safety-helmet-hard-hat","10":"first","11":"instock","12":"shipping-taxable","13":"product-type-simple"},"acf":[],"_links":{"self":[{"href":"https:\/\/toprisesafety.com\/es\/wp-json\/wp\/v2\/product\/8939"}],"collection":[{"href":"https:\/\/toprisesafety.com\/es\/wp-json\/wp\/v2\/product"}],"about":[{"href":"https:\/\/toprisesafety.com\/es\/wp-json\/wp\/v2\/types\/product"}],"wp:featuredmedia":[{"embeddable":true,"href":"https:\/\/toprisesafety.com\/es\/wp-json\/wp\/v2\/media\/8940"}],"wp:attachment":[{"href":"https:\/\/toprisesafety.com\/es\/wp-json\/wp\/v2\/media?parent=8939"}],"wp:term":[{"taxonomy":"product_brand","embeddable":true,"href":"https:\/\/toprisesafety.com\/es\/wp-json\/wp\/v2\/product_brand?post=8939"},{"taxonomy":"product_cat","embeddable":true,"href":"https:\/\/toprisesafety.com\/es\/wp-json\/wp\/v2\/product_cat?post=8939"},{"taxonomy":"product_tag","embeddable":true,"href":"https:\/\/toprisesafety.com\/es\/wp-json\/wp\/v2\/product_tag?post=8939"}],"curies":[{"name":"wp","href":"https:\/\/api.w.org\/{rel}","templated":true}]}}