{"id":8899,"date":"2024-11-07T06:04:56","date_gmt":"2024-11-07T06:04:56","guid":{"rendered":"https:\/\/toprisesafety.com\/?post_type=product&#038;p=8899"},"modified":"2025-03-14T06:11:17","modified_gmt":"2025-03-14T06:11:17","slug":"hard-hat","status":"publish","type":"product","link":"https:\/\/toprisesafety.com\/es\/producto\/hard-hat\/","title":{"rendered":"Casco"},"content":{"rendered":"<p><iframe title=\"Casco Fabricantes China\" width=\"800\" height=\"450\" src=\"https:\/\/www.youtube.com\/embed\/K2IttvpCo34?feature=oembed\" frameborder=\"0\" allow=\"accelerometer; autoplay; clipboard-write; encrypted-media; gyroscope; picture-in-picture; web-share\" referrerpolicy=\"strict-origin-when-cross-origin\" allowfullscreen><\/iframe><\/p>\n<p><a href=\"https:\/\/toprisesafety.com\/es\/categoria-producto\/personal-protective-equipment\/head-protection\/safety-helmet\/\">Casco<\/a><\/p>\n<table style=\"height: 678px;\" width=\"767\">\n<tbody>\n<tr>\n<td width=\"98\"><strong><b>Art No.<\/b><\/strong><\/td>\n<td width=\"558\">SH07<\/td>\n<\/tr>\n<tr>\n<td width=\"98\"><strong><b>Marca<\/b><\/strong><\/td>\n<td width=\"558\">Soporte brnad propio del cliente<\/td>\n<\/tr>\n<tr>\n<td width=\"98\"><strong><b>Material<\/b><\/strong><\/td>\n<td width=\"558\">HDPE<\/td>\n<\/tr>\n<tr>\n<td width=\"98\"><strong><b>Peso<\/b><\/strong><\/td>\n<td width=\"558\">460G\/PC<\/td>\n<\/tr>\n<tr>\n<td width=\"98\"><strong><b>Forro<\/b><\/strong><\/td>\n<td width=\"558\">Forro de pl\u00e1stico con seis puntos de suspensi\u00f3n, ajustable con trinquete o bot\u00f3n trasero para llevarla c\u00f3modamente.<\/td>\n<\/tr>\n<tr>\n<td width=\"98\"><strong><b>Mentonera<\/b><\/strong><\/td>\n<td width=\"558\">Incluido<\/td>\n<\/tr>\n<tr>\n<td width=\"98\"><strong><b>Color<\/b><\/strong><\/td>\n<td width=\"558\">Blanco, azul, naranja, etc.<\/td>\n<\/tr>\n<tr>\n<td width=\"98\"><strong><b>MOQ<\/b><\/strong><\/td>\n<td width=\"558\">500PCS\/COLOR<\/td>\n<\/tr>\n<tr>\n<td width=\"98\"><strong><b>Embalaje<\/b><\/strong><\/td>\n<td width=\"558\">20 PCS\/CTN<\/td>\n<\/tr>\n<tr>\n<td width=\"98\"><strong><b>Tama\u00f1o de la caja<\/b><\/strong><\/td>\n<td width=\"558\">62\u00d754\u00d750CM<\/td>\n<\/tr>\n<tr>\n<td width=\"98\"><strong><b>Aplicaci\u00f3n<\/b><\/strong><\/td>\n<td width=\"558\">Construcci\u00f3n, miner\u00eda, agricultura, industria, petr\u00f3leo, etc.<\/td>\n<\/tr>\n<\/tbody>\n<\/table>\n<p>TOPRISE admite varios estilos de personalizaci\u00f3n de cascos de seguridad; haga clic para <a href=\"https:\/\/toprisesafety.com\/es\/categoria-producto\/personal-protective-equipment\/head-protection\/safety-helmet\/\">ver m\u00e1s estilos de cascos de seguridad.<\/a><\/p>\n<p>Si no encuentra los cascos de seguridad necesarios, <a href=\"https:\/\/toprisesafety.com\/es\/contact-us\/\">Contacto<\/a>; apoyamos la personalizaci\u00f3n especial.<\/p>\n<p>&nbsp;<\/p>","protected":false},"excerpt":{"rendered":"<p><strong><b>Art No.<\/b><\/strong>: SH07<\/p>\n<p><strong><b>Material<\/b><\/strong>: HDPE<\/p>\n<p><strong><b>Tecnolog\u00eda<\/b><\/strong>: impresi\u00f3n hidrogr\u00e1fica por transferencia<\/p>\n<p><strong><b>Color<\/b><\/strong>: Blanco\/azul\/naranja, etc.<\/p>\n<p><strong><b>Peso<\/b><\/strong>:460G\/PC<\/p>\n<p><strong><b>Embalaje<\/b><\/strong>: 1PC\/bolsa de polietileno, 20PCS\/CTN<\/p>\n<p><strong><b>Logotipo<\/b><\/strong>impresi\u00f3n o pegatina, etc.<\/p>\n<p><strong><b>MOQ<\/b><\/strong>: 500 unidades por color.<\/p>","protected":false},"featured_media":8912,"template":"","meta":{"_acf_changed":false},"product_brand":[],"product_cat":[366,367],"product_tag":[375,374,373],"class_list":{"0":"post-8899","1":"product","2":"type-product","3":"status-publish","4":"has-post-thumbnail","6":"product_cat-head-protection","7":"product_cat-safety-helmet","8":"product_tag-hard-hat","9":"product_tag-pe-helmet","10":"product_tag-safety-helmet","12":"first","13":"instock","14":"shipping-taxable","15":"product-type-simple"},"acf":[],"_links":{"self":[{"href":"https:\/\/toprisesafety.com\/es\/wp-json\/wp\/v2\/product\/8899","targetHints":{"allow":["GET"]}}],"collection":[{"href":"https:\/\/toprisesafety.com\/es\/wp-json\/wp\/v2\/product"}],"about":[{"href":"https:\/\/toprisesafety.com\/es\/wp-json\/wp\/v2\/types\/product"}],"wp:featuredmedia":[{"embeddable":true,"href":"https:\/\/toprisesafety.com\/es\/wp-json\/wp\/v2\/media\/8912"}],"wp:attachment":[{"href":"https:\/\/toprisesafety.com\/es\/wp-json\/wp\/v2\/media?parent=8899"}],"wp:term":[{"taxonomy":"product_brand","embeddable":true,"href":"https:\/\/toprisesafety.com\/es\/wp-json\/wp\/v2\/product_brand?post=8899"},{"taxonomy":"product_cat","embeddable":true,"href":"https:\/\/toprisesafety.com\/es\/wp-json\/wp\/v2\/product_cat?post=8899"},{"taxonomy":"product_tag","embeddable":true,"href":"https:\/\/toprisesafety.com\/es\/wp-json\/wp\/v2\/product_tag?post=8899"}],"curies":[{"name":"wp","href":"https:\/\/api.w.org\/{rel}","templated":true}]}}