{"id":6123,"date":"2018-02-22T01:25:44","date_gmt":"2018-02-22T01:25:44","guid":{"rendered":"https:\/\/toprisesafety.com\/product\/pe-tarpaulin\/"},"modified":"2024-11-11T08:11:04","modified_gmt":"2024-11-11T08:11:04","slug":"pe-tarpaulin","status":"publish","type":"product","link":"https:\/\/toprisesafety.com\/es\/producto\/pe-tarpaulin\/","title":{"rendered":"Lona de PE"},"content":{"rendered":"<p><strong>PE TARPAULINA<\/strong><br \/>\n<strong>ARTE NO.: PET<\/strong><br \/>\nNuestra lona est\u00e1 hecha de 100% material PE puro, lona PE tiene tres capas que el medio es la tela tejida con pel\u00edcula de PE laminado en ambos lados. tienen peso ligero, alta resistencia, aspecto novedoso, colorido, auto-limpieza anti-incrustante, anti-envejecimiento, solidez del color, larga vida, alta resistencia anti-desgarro y anti-peeling y otras caracter\u00edsticas.<\/p>\n<h2>Descripciones detalladas de PE TARPAULIN:<\/h2>\n<table style=\"height: 399px;\" width=\"836\">\n<tbody>\n<tr>\n<td width=\"103\">Producto<\/td>\n<td colspan=\"2\" width=\"826\">PE TARPAULINA<\/td>\n<\/tr>\n<tr>\n<td width=\"103\">Material<\/td>\n<td colspan=\"2\" width=\"826\">HDPE+LDPE<\/td>\n<\/tr>\n<tr>\n<td width=\"103\">Peso<\/td>\n<td colspan=\"2\" width=\"826\">40GSM-400GSM<\/td>\n<\/tr>\n<tr>\n<td width=\"103\">Anchura<\/td>\n<td colspan=\"2\" width=\"826\">2 metros o 4 metros sin junta. Disponible para la tela m\u00e1s ancha por el lacre del calor. seg\u00fan el requisito de cliente.<\/td>\n<\/tr>\n<tr>\n<td width=\"103\">Longitud<\/td>\n<td colspan=\"2\" width=\"826\">Puede ser de cualquier longitud<\/td>\n<\/tr>\n<tr>\n<td width=\"103\">Tama\u00f1o (metros)<\/td>\n<td colspan=\"2\" width=\"826\">2*3m, 3*4m, 3*5m, 4*5m, 4*6m, 5*8m, 6*8m, 6*10m, 2.5*3.6m, 3.6*5.4m, 5.4*7.2m, 7.2*9m, 10*50m o seg\u00fan el requisito de cliente.<\/td>\n<\/tr>\n<tr>\n<td width=\"103\">En<\/td>\n<td colspan=\"2\" width=\"826\">Todos los bordes con cuerda de PP en el dobladillo; b. Cuatro esquinas reforzadas con pl\u00e1stico; c. Ojal de aluminio antioxidante en intervalos de 1m (1 a\u00f1o o 3 pies); d.Cuatro esquinas reforzadas con tri\u00e1ngulo de pl\u00e1stico.<\/td>\n<\/tr>\n<tr>\n<td width=\"103\">Trato especial<\/td>\n<td colspan=\"2\" width=\"826\">Retardante del fuego\/ Protecci\u00f3n UV\/Retardante del armaz\u00f3n<\/td>\n<\/tr>\n<tr>\n<td width=\"103\">Caracter\u00edsticas<\/td>\n<td colspan=\"2\" width=\"826\">Diferentes tama\u00f1os&amp; colores disponibles; Superdurabilidad resistente al desgarro que minimiza las roturas durante el transporte y el almacenamiento; Resistente al agua y lavable: evita la contaminaci\u00f3n o los da\u00f1os causados por la lluvia o la humedad; Doble superficie impermeable. Esquinas reforzadas; A prueba de rayos UV<\/td>\n<\/tr>\n<tr>\n<td width=\"103\">Color<\/td>\n<td colspan=\"2\" width=\"826\">Verde, blanco, azul, plata, azul blanco, azul plata, azul naranja, etc., seg\u00fan los requisitos del cliente.<\/td>\n<\/tr>\n<tr>\n<td width=\"103\">Embalaje<\/td>\n<td width=\"808\">1pc por bolso del opp o seg\u00fan el requisito de cliente.<\/td>\n<td width=\"18\"><\/td>\n<\/tr>\n<tr>\n<td width=\"103\"><\/td>\n<td width=\"808\"><\/td>\n<td width=\"18\"><\/td>\n<\/tr>\n<\/tbody>\n<\/table>\n<p>&nbsp;<\/p>\n<h2><strong>AVANCES EN LA PRODUCCI\u00d3N DE LONAS PE<\/strong><\/h2>\n<p><img fetchpriority=\"high\" decoding=\"async\" class=\"alignnone size-full wp-image-551\" src=\"https:\/\/toprisesafety.com\/wp-content\/uploads\/2024\/08\/pe-tarpaulin-process-.png\" alt=\"\" width=\"738\" height=\"594\" \/><\/p>\n<ol>\n<li style=\"list-style-type: none;\">\n<ol>\n<li>MATERIAL EN BRUTO<\/li>\n<\/ol>\n<\/li>\n<\/ol>\n<ol>\n<li style=\"list-style-type: none;\">\n<ol>\n<li>L\u00cdNEA DE PRODUCCI\u00d3N DE HILO<\/li>\n<\/ol>\n<\/li>\n<\/ol>\n<ol>\n<li style=\"list-style-type: none;\">\n<ol>\n<li>L\u00cdNEA DE TELARES<\/li>\n<\/ol>\n<\/li>\n<\/ol>\n<ol>\n<li style=\"list-style-type: none;\">\n<ol>\n<li>L\u00cdNEA DE REVESTIMIENTO<\/li>\n<\/ol>\n<\/li>\n<\/ol>\n<ol>\n<li style=\"list-style-type: none;\">\n<ol>\n<li>L\u00cdNEA DE SOLDADURA<\/li>\n<\/ol>\n<\/li>\n<\/ol>\n<p><a class=\"more-link button primary smaller is-outline\" href=\"https:\/\/toprisesafety.com\/es\/producto\/pe-tarpaulin\/\"><span aria-label=\"\u7ee7\u7eed\u9605\u8bfbPE lona impermeable\">\uff08\u66f4\u591a...\uff09<\/span><\/a><\/p>","protected":false},"excerpt":{"rendered":"<p><strong>Producto<\/strong>:<strong> Lona de PE<\/strong><\/p>\n<p><strong>Art No.<\/strong>: PET<\/p>\n<p><strong>Material<\/strong>: HDPE+LDPE<\/p>\n<p><strong>Peso<\/strong>: 40G\/M2-400G\/M2<\/p>\n<p><strong>Talla<\/strong>2*3M, 3*4M, 3*5M, 4*5M, 4*6M, 5*8M, 6*8M, 6*10M, 10*50M o seg\u00fan los requisitos del cliente.<\/p>\n<p><strong>Color<\/strong>: Verde, blanco, azul, plata, azul blanco, azul plata, azul naranja, camuflaje o seg\u00fan las necesidades del cliente.<\/p>","protected":false},"featured_media":6124,"template":"","meta":{"_acf_changed":false},"product_brand":[],"product_cat":[319],"product_tag":[317],"class_list":{"0":"post-6123","1":"product","2":"type-product","3":"status-publish","4":"has-post-thumbnail","6":"product_cat-tarpaulin","7":"product_tag-pe-tarpaulin","9":"first","10":"instock","11":"product-type-simple"},"acf":[],"_links":{"self":[{"href":"https:\/\/toprisesafety.com\/es\/wp-json\/wp\/v2\/product\/6123"}],"collection":[{"href":"https:\/\/toprisesafety.com\/es\/wp-json\/wp\/v2\/product"}],"about":[{"href":"https:\/\/toprisesafety.com\/es\/wp-json\/wp\/v2\/types\/product"}],"wp:featuredmedia":[{"embeddable":true,"href":"https:\/\/toprisesafety.com\/es\/wp-json\/wp\/v2\/media\/6124"}],"wp:attachment":[{"href":"https:\/\/toprisesafety.com\/es\/wp-json\/wp\/v2\/media?parent=6123"}],"wp:term":[{"taxonomy":"product_brand","embeddable":true,"href":"https:\/\/toprisesafety.com\/es\/wp-json\/wp\/v2\/product_brand?post=6123"},{"taxonomy":"product_cat","embeddable":true,"href":"https:\/\/toprisesafety.com\/es\/wp-json\/wp\/v2\/product_cat?post=6123"},{"taxonomy":"product_tag","embeddable":true,"href":"https:\/\/toprisesafety.com\/es\/wp-json\/wp\/v2\/product_tag?post=6123"}],"curies":[{"name":"wp","href":"https:\/\/api.w.org\/{rel}","templated":true}]}}