{"id":6110,"date":"2018-02-22T03:42:04","date_gmt":"2018-02-22T03:42:04","guid":{"rendered":"https:\/\/toprisesafety.com\/product\/pe-tarpaulin-rolls\/"},"modified":"2024-11-11T08:10:45","modified_gmt":"2024-11-11T08:10:45","slug":"pe-tarpaulin-rolls","status":"publish","type":"product","link":"https:\/\/toprisesafety.com\/es\/producto\/pe-tarpaulin-rolls\/","title":{"rendered":"Lona de PE en rollos"},"content":{"rendered":"<p><strong>Lona de PE en rollos\u00a0<\/strong><br \/>\nNuestra lona de PE negro en rollos est\u00e1n hechos de 100% nuevo material de PE, lona de PE tiene tres capas que el medio es la tela tejida con pel\u00edcula de PE laminado en ambos lados. tienen peso ligero, alta resistencia, aspecto novedoso, colorido, auto-limpieza anti-incrustante, anti-envejecimiento, solidez del color, larga vida, alta resistencia anti-desgarro y anti-peeling y otras caracter\u00edsticas.<\/p>\n<table border=\"1\" align=\"center\">\n<tbody>\n<tr>\n<td valign=\"center\"><span data-spm-anchor-id=\"a2700.details.pronpeci14.i0.43582a2cqElvlH\">Producto<\/span><\/td>\n<td valign=\"center\">Lona de PE en rollos<\/td>\n<\/tr>\n<tr>\n<td valign=\"center\">Material<\/td>\n<td valign=\"center\">HDPE+ LDPE<\/td>\n<\/tr>\n<tr>\n<td valign=\"center\">Color<\/td>\n<td valign=\"center\">Doble blanco, doble azul, doble plata, doble negro, negro\/blanco, azul\/blanco, camuflaje o seg\u00fan los requisitos del cliente.<\/td>\n<\/tr>\n<tr>\n<td valign=\"center\">Anchura<\/td>\n<td valign=\"center\">Usual 2.1 metros, 2.44 metros, 3.6 metros, 4 metros, otra anchura est\u00e1 disponible puede estar seg\u00fan el requisito de cliente<\/td>\n<\/tr>\n<tr>\n<td valign=\"center\">Longitud<\/td>\n<td valign=\"center\">Seg\u00fan los requisitos del cliente<\/td>\n<\/tr>\n<tr>\n<td valign=\"center\">Malla<\/td>\n<td valign=\"center\">5*5-18*18<\/td>\n<\/tr>\n<tr>\n<td valign=\"center\">Denier<\/td>\n<td valign=\"center\">650D a 2000D<\/td>\n<\/tr>\n<tr>\n<td valign=\"center\">GSM<\/td>\n<td valign=\"center\">&nbsp;<\/p>\n<p data-spm-anchor-id=\"a2700.details.pronpeci14.i3.43582a2cqElvlH\">40-400gsm<\/p>\n<p>&nbsp;<\/td>\n<\/tr>\n<tr>\n<td valign=\"center\">Tratamiento<\/td>\n<td valign=\"center\"><span data-spm-anchor-id=\"a2700.details.pronpeci14.i4.43582a2cqElvlH\">1.<\/span>Retardante del fuego\/ Protecci\u00f3n UV\/Retardante del armaz\u00f3n<\/p>\n<p>2. Impresi\u00f3n: M\u00e1x. 3 colores<\/td>\n<\/tr>\n<tr>\n<td valign=\"center\">Tratamiento de superficies<\/td>\n<td valign=\"center\">LDPE laminado por ambas caras<\/td>\n<\/tr>\n<tr>\n<td valign=\"center\">Aplicaci\u00f3n<\/td>\n<td valign=\"center\">Ampliamente utilizado para el toldo del cami\u00f3n, barco, cubierta y almacenamiento de carga o transporte en las f\u00e1bricas de minerales y puertos, tambi\u00e9n se puede utilizar como tiendas de campa\u00f1a en el exterior, los viajes y las calamidades, la lona es para cubrir y proteger las mercanc\u00edas al aire libre.<\/td>\n<\/tr>\n<tr>\n<td rowspan=\"3\" valign=\"center\">Personajes<\/td>\n<td valign=\"center\">1. 2. Resistente a la encuadernaci\u00f3n y a la presi\u00f3n.<\/td>\n<\/tr>\n<tr>\n<td valign=\"center\">2. Impermeable, resistente al sol, antienvejecimiento, a prueba de desgarros.<\/td>\n<\/tr>\n<tr>\n<td valign=\"center\">3. Anticongelante, resistente a la corrosi\u00f3n.<\/td>\n<\/tr>\n<tr>\n<td valign=\"center\">Embalaje<\/td>\n<td valign=\"center\">En rollo<\/td>\n<\/tr>\n<tr>\n<td valign=\"center\">MOQ<\/td>\n<td valign=\"center\">5 toneladas<\/td>\n<\/tr>\n<\/tbody>\n<\/table>\n<p>&nbsp;<\/p>\n<h2><strong>LONA PE EN ROLLOS AVANCE DE LA PRODUCCI\u00d3N<\/strong><img fetchpriority=\"high\" decoding=\"async\" class=\"alignnone size-full wp-image-551\" src=\"https:\/\/toprisesafety.com\/wp-content\/uploads\/2024\/08\/pe-tarpaulin-process-.png\" alt=\"\" width=\"738\" height=\"594\" \/><\/h2>\n<ol>\n<li style=\"list-style-type: none;\">\n<ol>\n<li>MATERIAL EN BRUTO<\/li>\n<\/ol>\n<\/li>\n<\/ol>\n<ol>\n<li style=\"list-style-type: none;\">\n<ol>\n<li>L\u00cdNEA DE PRODUCCI\u00d3N DE HILO<\/li>\n<\/ol>\n<\/li>\n<\/ol>\n<ol>\n<li style=\"list-style-type: none;\">\n<ol>\n<li>L\u00cdNEA DE TELARES<\/li>\n<\/ol>\n<\/li>\n<\/ol>\n<ol>\n<li style=\"list-style-type: none;\">\n<ol>\n<li>L\u00cdNEA DE REVESTIMIENTO<\/li>\n<\/ol>\n<\/li>\n<\/ol>\n<ol>\n<li style=\"list-style-type: none;\">\n<ol>\n<li>L\u00cdNEA DE SOLDADURA<\/li>\n<\/ol>\n<\/li>\n<\/ol>\n<p><strong>\u00c1REAS DE APLICACI\u00d3N:<\/strong><\/p>\n<ul>\n<li style=\"list-style-type: none;\">\n<ul>\n<li>Cobertura general, cobertura de equipos de construcci\u00f3n y maquinaria<\/li>\n<\/ul>\n<\/li>\n<\/ul>\n<ul>\n<li style=\"list-style-type: none;\">\n<ul>\n<li>Cubre mercanc\u00edas almacenadas a la intemperie, camiones, autom\u00f3viles, embarcaciones, etc.<\/li>\n<\/ul>\n<\/li>\n<\/ul>\n<ul>\n<li style=\"list-style-type: none;\">\n<ul>\n<li>Cubiertas para piscinas, muebles de jard\u00edn, etc.<\/li>\n<\/ul>\n<\/li>\n<\/ul>\n<ul>\n<li style=\"list-style-type: none;\">\n<ul>\n<li>Materiales de revestimiento para tanques y contenedores de almacenamiento<\/li>\n<\/ul>\n<\/li>\n<\/ul>\n<ul>\n<li style=\"list-style-type: none;\">\n<ul>\n<li>Material de revestimiento para canales de riego y siembras de cereales<\/li>\n<\/ul>\n<\/li>\n<\/ul>\n<ul>\n<li style=\"list-style-type: none;\">\n<ul>\n<li>Cubiertas industriales, tens, alfombras de picnic, etc.<\/li>\n<\/ul>\n<\/li>\n<\/ul>\n<p><img decoding=\"async\" class=\"alignnone size-full wp-image-566\" src=\"https:\/\/toprisesafety.com\/wp-content\/uploads\/2024\/08\/3-1.jpg\" alt=\"\" width=\"750\" height=\"534\" \/><\/p>\n<p><img decoding=\"async\" class=\"alignnone size-full wp-image-567\" src=\"https:\/\/toprisesafety.com\/wp-content\/uploads\/2024\/08\/PACKING.jpg\" alt=\"\" width=\"755\" height=\"627\" \/><\/p>\n<p><a href=\".https:\/\/toprisesafety.com\/product\/black-pe-tarpaulin-for-trampoline\/\">https:\/\/toprisesafety.com\/product\/black-pe-tarpaulin-for-trampoline\/<\/a><\/p>\n<p><a href=\"https:\/\/toprisesafety.com\/es\/producto\/pe-tarpaulin\/\">https:\/\/toprisesafety.com\/product\/pe-tarpaulin\/<\/a><\/p>","protected":false},"excerpt":{"rendered":"<p><strong>Lona de PE en rollos<\/strong><\/p>\n<p><strong>Material<\/strong>: 100% nuevo PE<\/p>\n<p><strong>Color<\/strong>: Verde, azul, amarillo, naranja amarillo, azul naranja, etc.<\/p>\n<p><strong>MOQ<\/strong>: 5 TON<\/p>\n<p><strong>Talla<\/strong>seg\u00fan los requisitos del cliente<\/p>\n<p><strong>Peso<\/strong>: 40-400G\/SQM<\/p>","protected":false},"featured_media":6114,"template":"","meta":{"_acf_changed":false},"product_brand":[],"product_cat":[319],"product_tag":[315],"class_list":{"0":"post-6110","1":"product","2":"type-product","3":"status-publish","4":"has-post-thumbnail","6":"product_cat-tarpaulin","7":"product_tag-pe-tarpaulin-in-rolls","9":"first","10":"instock","11":"product-type-simple"},"acf":[],"_links":{"self":[{"href":"https:\/\/toprisesafety.com\/es\/wp-json\/wp\/v2\/product\/6110"}],"collection":[{"href":"https:\/\/toprisesafety.com\/es\/wp-json\/wp\/v2\/product"}],"about":[{"href":"https:\/\/toprisesafety.com\/es\/wp-json\/wp\/v2\/types\/product"}],"wp:featuredmedia":[{"embeddable":true,"href":"https:\/\/toprisesafety.com\/es\/wp-json\/wp\/v2\/media\/6114"}],"wp:attachment":[{"href":"https:\/\/toprisesafety.com\/es\/wp-json\/wp\/v2\/media?parent=6110"}],"wp:term":[{"taxonomy":"product_brand","embeddable":true,"href":"https:\/\/toprisesafety.com\/es\/wp-json\/wp\/v2\/product_brand?post=6110"},{"taxonomy":"product_cat","embeddable":true,"href":"https:\/\/toprisesafety.com\/es\/wp-json\/wp\/v2\/product_cat?post=6110"},{"taxonomy":"product_tag","embeddable":true,"href":"https:\/\/toprisesafety.com\/es\/wp-json\/wp\/v2\/product_tag?post=6110"}],"curies":[{"name":"wp","href":"https:\/\/api.w.org\/{rel}","templated":true}]}}