{"id":6105,"date":"2018-02-23T04:17:25","date_gmt":"2018-02-23T04:17:25","guid":{"rendered":"https:\/\/toprisesafety.com\/product\/v-type-safety-helmet-ce-ansi-standard\/"},"modified":"2025-03-14T06:15:46","modified_gmt":"2025-03-14T06:15:46","slug":"safety-helmet-classification-type","status":"publish","type":"product","link":"https:\/\/toprisesafety.com\/es\/producto\/safety-helmet-classification-type\/","title":{"rendered":"Tipo de clasificaci\u00f3n del casco de seguridad"},"content":{"rendered":"<h2><a href=\"https:\/\/toprisesafety.com\/es\/categoria-producto\/personal-protective-equipment\/head-protection\/safety-helmet\/\">Tipo de clasificaci\u00f3n del casco de seguridad<\/a><\/h2>\n<table>\n<tbody>\n<tr>\n<td width=\"257\">Art No.<\/td>\n<td width=\"257\">SH06-P( PE) ;SH06-A (ABS)<\/td>\n<\/tr>\n<tr>\n<td width=\"257\">Marca<\/td>\n<td width=\"257\">Apoyar la marca propia del cliente<\/td>\n<\/tr>\n<tr>\n<td width=\"257\">Material<\/td>\n<td width=\"257\">PE \/ABS<\/td>\n<\/tr>\n<tr>\n<td width=\"257\">Peso<\/td>\n<td width=\"257\">PE:327G\/PC; ABS: 400G\/PC<\/td>\n<\/tr>\n<tr>\n<td width=\"257\">Forro<\/td>\n<td width=\"257\">Four points suspension fabric lining with ratchet\u00a0back or pin-point back for comfortable wear<\/td>\n<\/tr>\n<tr>\n<td width=\"257\">Mentonera<\/td>\n<td width=\"257\">Incluido<\/td>\n<\/tr>\n<tr>\n<td width=\"257\">Color<\/td>\n<td width=\"257\">Blanco, amarillo, azul, verde, naranja, rojo, etc.<\/td>\n<\/tr>\n<tr>\n<td width=\"257\">Norma de calidad<\/td>\n<td width=\"257\">CE EN397\/ ANSI Z89.1<\/td>\n<\/tr>\n<tr>\n<td width=\"257\">MOQ<\/td>\n<td width=\"257\">500PCS \/Color, 1000PCS\/Orden<\/td>\n<\/tr>\n<tr>\n<td width=\"257\">Embalaje<\/td>\n<td width=\"257\">1PC\/bolsa de polietileno, 50PCS\/CTN<\/td>\n<\/tr>\n<tr>\n<td width=\"257\">Tama\u00f1o de la caja<\/td>\n<td width=\"257\">52*46*60CM<\/td>\n<\/tr>\n<tr>\n<td width=\"257\">Aplicaci\u00f3n<\/td>\n<td width=\"257\">Construcci\u00f3n, miner\u00eda, agricultura, industria, petr\u00f3leo, etc.<\/td>\n<\/tr>\n<\/tbody>\n<\/table>\n<p>&nbsp;<\/p>\n<p>TOPRISE admite varios estilos de personalizaci\u00f3n de cascos de seguridad; haga clic para <a href=\"https:\/\/toprisesafety.com\/es\/categoria-producto\/personal-protective-equipment\/head-protection\/safety-helmet\/\">ver m\u00e1s estilos de cascos de seguridad.<\/a><\/p>\n<p>Si no encuentra los cascos de seguridad necesarios, <a href=\"https:\/\/toprisesafety.com\/es\/contact-us\/\">Contacto<\/a>; apoyamos la personalizaci\u00f3n especial.<\/p>\n<p>&nbsp;<\/p>","protected":false},"excerpt":{"rendered":"<p>N\u00ba art.: SH06-P( PE) ;SH06-A (ABS)<\/p>\n<p>Material: PE o ABS<\/p>\n<p>Color: Red\/White\/Blue\/Green\/Orange etc.<\/p>\n<p>Peso: PE327G\/PC ; ABS: 400G\/PC<\/p>\n<p>Packing: 1PC\/Poly-bag, 50PCS\/CTN<\/p>\n<p>Logotipo: impresi\u00f3n o pegatina, etc.<\/p>","protected":false},"featured_media":6108,"template":"","meta":{"_acf_changed":false},"product_brand":[],"product_cat":[366,367],"product_tag":[],"class_list":{"0":"post-6105","1":"product","2":"type-product","3":"status-publish","4":"has-post-thumbnail","6":"product_cat-head-protection","7":"product_cat-safety-helmet","9":"first","10":"instock","11":"product-type-simple"},"acf":[],"_links":{"self":[{"href":"https:\/\/toprisesafety.com\/es\/wp-json\/wp\/v2\/product\/6105"}],"collection":[{"href":"https:\/\/toprisesafety.com\/es\/wp-json\/wp\/v2\/product"}],"about":[{"href":"https:\/\/toprisesafety.com\/es\/wp-json\/wp\/v2\/types\/product"}],"wp:featuredmedia":[{"embeddable":true,"href":"https:\/\/toprisesafety.com\/es\/wp-json\/wp\/v2\/media\/6108"}],"wp:attachment":[{"href":"https:\/\/toprisesafety.com\/es\/wp-json\/wp\/v2\/media?parent=6105"}],"wp:term":[{"taxonomy":"product_brand","embeddable":true,"href":"https:\/\/toprisesafety.com\/es\/wp-json\/wp\/v2\/product_brand?post=6105"},{"taxonomy":"product_cat","embeddable":true,"href":"https:\/\/toprisesafety.com\/es\/wp-json\/wp\/v2\/product_cat?post=6105"},{"taxonomy":"product_tag","embeddable":true,"href":"https:\/\/toprisesafety.com\/es\/wp-json\/wp\/v2\/product_tag?post=6105"}],"curies":[{"name":"wp","href":"https:\/\/api.w.org\/{rel}","templated":true}]}}