{"id":6100,"date":"2018-02-23T05:12:38","date_gmt":"2018-02-23T05:12:38","guid":{"rendered":"https:\/\/toprisesafety.com\/product\/new-breathable-safety-helmet-pe-abs\/"},"modified":"2025-03-14T06:14:47","modified_gmt":"2025-03-14T06:14:47","slug":"new-breathable-hard-helmet","status":"publish","type":"product","link":"https:\/\/toprisesafety.com\/es\/producto\/new-breathable-hard-helmet\/","title":{"rendered":"Nuevo casco duro transpirable"},"content":{"rendered":"<h2><a href=\"https:\/\/toprisesafety.com\/es\/categoria-producto\/personal-protective-equipment\/head-protection\/safety-helmet\/\">Nuevo casco duro transpirable<\/a><\/h2>\n<ul>\n<li style=\"list-style-type: none;\"><\/li>\n<\/ul>\n<table>\n<tbody>\n<tr>\n<td width=\"257\">Art No.<\/td>\n<td width=\"257\">SH04-P(PE); SH04-A(ABS)<\/td>\n<\/tr>\n<tr>\n<td width=\"257\">Marca<\/td>\n<td width=\"257\">Apoyar la marca propia del cliente<\/td>\n<\/tr>\n<tr>\n<td width=\"257\">Material<\/td>\n<td width=\"257\">PE \/ABS<\/td>\n<\/tr>\n<tr>\n<td width=\"257\">Peso<\/td>\n<td width=\"257\">PE:385G\/PC, ABS: 430G\/PC<\/td>\n<\/tr>\n<tr>\n<td width=\"257\">Forro<\/td>\n<td width=\"257\">Four points suspension fabric lining with ratchet\u00a0back for comfortable wear<\/td>\n<\/tr>\n<tr>\n<td width=\"257\">Mentonera<\/td>\n<td width=\"257\">Incluido<\/td>\n<\/tr>\n<tr>\n<td width=\"257\">Color<\/td>\n<td width=\"257\">Blanco, amarillo, azul, verde, naranja, rojo, etc.<\/td>\n<\/tr>\n<tr>\n<td width=\"257\">Norma de calidad<\/td>\n<td width=\"257\">CE EN397<\/td>\n<\/tr>\n<tr>\n<td width=\"257\">MOQ<\/td>\n<td width=\"257\">500PCS \/Color, 1000PCS\/Orden<\/td>\n<\/tr>\n<tr>\n<td width=\"257\">Embalaje<\/td>\n<td width=\"257\">1PC\/bolsa de polietileno, 50PCS\/CTN<\/td>\n<\/tr>\n<tr>\n<td width=\"257\">Tama\u00f1o de la caja<\/td>\n<td width=\"257\">52*46*60CM<\/td>\n<\/tr>\n<tr>\n<td width=\"257\">Aplicaci\u00f3n<\/td>\n<td width=\"257\">Construcci\u00f3n, miner\u00eda, agricultura, industria, petr\u00f3leo, etc.<\/td>\n<\/tr>\n<\/tbody>\n<\/table>\n<p>TOPRISE admite varios estilos de personalizaci\u00f3n de cascos de seguridad; haga clic para <a href=\"https:\/\/toprisesafety.com\/es\/categoria-producto\/personal-protective-equipment\/head-protection\/safety-helmet\/\">ver m\u00e1s estilos de cascos de seguridad.<\/a><\/p>\n<p>Si no encuentra los cascos de seguridad necesarios, <a href=\"https:\/\/toprisesafety.com\/es\/contact-us\/\">Contacto<\/a>; apoyamos la personalizaci\u00f3n especial.<\/p>\n<p>&nbsp;<\/p>","protected":false},"excerpt":{"rendered":"<p><strong>Art No.:<\/strong>SH04-P(PE); SH04-A(ABS)<\/p>\n<p><strong>Material<\/strong>: PE or ABS<\/p>\n<p><strong>Color<\/strong>: Rojo\/Blanco\/Azul\/Verde\/Naranja, etc.<\/p>\n<p><strong>Peso<\/strong>:PE 385G\/PC ; ABS: 430G\/PC<\/p>\n<p><strong>Embalaje<\/strong>: 1PC\/bolsa de polietileno, 50PCS\/CTN<\/p>\n<p><strong>Logotipo<\/strong>impresi\u00f3n o pegatina, etc.<\/p>","protected":false},"featured_media":6101,"template":"","meta":{"_acf_changed":false},"product_brand":[],"product_cat":[366,367],"product_tag":[312],"class_list":{"0":"post-6100","1":"product","2":"type-product","3":"status-publish","4":"has-post-thumbnail","6":"product_cat-head-protection","7":"product_cat-safety-helmet","8":"product_tag-new-breathable-safety-helmet","10":"first","11":"instock","12":"product-type-simple"},"acf":[],"_links":{"self":[{"href":"https:\/\/toprisesafety.com\/es\/wp-json\/wp\/v2\/product\/6100","targetHints":{"allow":["GET"]}}],"collection":[{"href":"https:\/\/toprisesafety.com\/es\/wp-json\/wp\/v2\/product"}],"about":[{"href":"https:\/\/toprisesafety.com\/es\/wp-json\/wp\/v2\/types\/product"}],"wp:featuredmedia":[{"embeddable":true,"href":"https:\/\/toprisesafety.com\/es\/wp-json\/wp\/v2\/media\/6101"}],"wp:attachment":[{"href":"https:\/\/toprisesafety.com\/es\/wp-json\/wp\/v2\/media?parent=6100"}],"wp:term":[{"taxonomy":"product_brand","embeddable":true,"href":"https:\/\/toprisesafety.com\/es\/wp-json\/wp\/v2\/product_brand?post=6100"},{"taxonomy":"product_cat","embeddable":true,"href":"https:\/\/toprisesafety.com\/es\/wp-json\/wp\/v2\/product_cat?post=6100"},{"taxonomy":"product_tag","embeddable":true,"href":"https:\/\/toprisesafety.com\/es\/wp-json\/wp\/v2\/product_tag?post=6100"}],"curies":[{"name":"wp","href":"https:\/\/api.w.org\/{rel}","templated":true}]}}