{"id":6098,"date":"2018-02-23T05:51:09","date_gmt":"2018-02-23T05:51:09","guid":{"rendered":"https:\/\/toprisesafety.com\/product\/h-type-safety-helmet\/"},"modified":"2025-03-14T06:14:09","modified_gmt":"2025-03-14T06:14:09","slug":"h-type-safety-helmet","status":"publish","type":"product","link":"https:\/\/toprisesafety.com\/es\/producto\/h-type-safety-helmet\/","title":{"rendered":"Gorro de seguridad tipo H"},"content":{"rendered":"<h2><a href=\"https:\/\/toprisesafety.com\/es\/categoria-producto\/personal-protective-equipment\/head-protection\/safety-helmet\/\"><strong><span style=\"font-size: 130%;\">Gorro de seguridad tipo H<\/span><\/strong><\/a><\/h2>\n<ul>\n<li style=\"list-style-type: none;\"><\/li>\n<\/ul>\n<table>\n<tbody>\n<tr>\n<td width=\"257\">Art No.<\/td>\n<td width=\"257\">SH03-P\/SH03-A<\/td>\n<\/tr>\n<tr>\n<td width=\"257\">Marca<\/td>\n<td width=\"257\">Apoyar la marca propia del cliente<\/td>\n<\/tr>\n<tr>\n<td width=\"257\">Material<\/td>\n<td width=\"257\">PE \/ABS<\/td>\n<\/tr>\n<tr>\n<td width=\"257\">Peso<\/td>\n<td width=\"257\">PE:330G\/PC, ABS: 410G\/PC<\/td>\n<\/tr>\n<tr>\n<td width=\"257\">Forro<\/td>\n<td width=\"257\">Forro de pl\u00e1stico con cuatro puntos de suspensi\u00f3n, espalda con trinquete ajustable para un uso c\u00f3modo.<\/td>\n<\/tr>\n<tr>\n<td width=\"257\">Mentonera<\/td>\n<td width=\"257\">Incluido<\/td>\n<\/tr>\n<tr>\n<td width=\"257\">Color<\/td>\n<td width=\"257\">Blanco, amarillo, azul, verde, naranja, rojo, etc.<\/td>\n<\/tr>\n<tr>\n<td width=\"257\">Norma de calidad<\/td>\n<td width=\"257\">CE EN397<\/td>\n<\/tr>\n<tr>\n<td width=\"257\">MOQ<\/td>\n<td width=\"257\">600PCS \/Color, 1200PCS\/Orden<\/td>\n<\/tr>\n<tr>\n<td width=\"257\">Embalaje<\/td>\n<td width=\"257\">1PC\/bolsa de polietileno, 30PCS\/CTN<\/td>\n<\/tr>\n<tr>\n<td width=\"257\">Tama\u00f1o de la caja<\/td>\n<td width=\"257\">64*28.5*63CM<\/td>\n<\/tr>\n<tr>\n<td width=\"257\">Aplicaci\u00f3n<\/td>\n<td width=\"257\">Construcci\u00f3n, miner\u00eda, agricultura, industria, petr\u00f3leo, etc.<\/td>\n<\/tr>\n<\/tbody>\n<\/table>\n<p>TOPRISE admite varios estilos de personalizaci\u00f3n de cascos de seguridad; haga clic para <a href=\"https:\/\/toprisesafety.com\/es\/categoria-producto\/personal-protective-equipment\/head-protection\/safety-helmet\/\">ver m\u00e1s estilos de cascos de seguridad.<\/a><\/p>\n<p>Si no encuentra los cascos de seguridad necesarios, <a href=\"https:\/\/toprisesafety.com\/es\/contact-us\/\">Contacto<\/a>; apoyamos la personalizaci\u00f3n especial.<\/p>\n<p>&nbsp;<\/p>","protected":false},"excerpt":{"rendered":"<p>N\u00ba Referencia: SH03-P (PE)\/SH03-A (ABS)<\/p>\n<p>Material: PE o ABS<\/p>\n<p>Color: rojo\/blanco\/azul\/verde\/naranja, etc.<\/p>\n<p>Peso:PE 330G\/PC ; ABS:410G\/PC<\/p>\n<p>&nbsp;<\/p>\n<p>Embalaje: 1PC\/bolsa de polietileno, 30PCS\/CTN<\/p>\n<p>Logotipo: impresi\u00f3n o pegatina, etc.<\/p>","protected":false},"featured_media":6099,"template":"","meta":{"_acf_changed":false},"product_brand":[],"product_cat":[366,367],"product_tag":[],"class_list":{"0":"post-6098","1":"product","2":"type-product","3":"status-publish","4":"has-post-thumbnail","6":"product_cat-head-protection","7":"product_cat-safety-helmet","9":"first","10":"instock","11":"product-type-simple"},"acf":[],"_links":{"self":[{"href":"https:\/\/toprisesafety.com\/es\/wp-json\/wp\/v2\/product\/6098"}],"collection":[{"href":"https:\/\/toprisesafety.com\/es\/wp-json\/wp\/v2\/product"}],"about":[{"href":"https:\/\/toprisesafety.com\/es\/wp-json\/wp\/v2\/types\/product"}],"wp:featuredmedia":[{"embeddable":true,"href":"https:\/\/toprisesafety.com\/es\/wp-json\/wp\/v2\/media\/6099"}],"wp:attachment":[{"href":"https:\/\/toprisesafety.com\/es\/wp-json\/wp\/v2\/media?parent=6098"}],"wp:term":[{"taxonomy":"product_brand","embeddable":true,"href":"https:\/\/toprisesafety.com\/es\/wp-json\/wp\/v2\/product_brand?post=6098"},{"taxonomy":"product_cat","embeddable":true,"href":"https:\/\/toprisesafety.com\/es\/wp-json\/wp\/v2\/product_cat?post=6098"},{"taxonomy":"product_tag","embeddable":true,"href":"https:\/\/toprisesafety.com\/es\/wp-json\/wp\/v2\/product_tag?post=6098"}],"curies":[{"name":"wp","href":"https:\/\/api.w.org\/{rel}","templated":true}]}}