{"id":6091,"date":"2018-02-23T09:33:43","date_gmt":"2018-02-23T09:33:43","guid":{"rendered":"https:\/\/toprisesafety.com\/product\/face-sheild\/"},"modified":"2025-03-24T04:35:16","modified_gmt":"2025-03-24T04:35:16","slug":"face-mask","status":"publish","type":"product","link":"https:\/\/toprisesafety.com\/es\/producto\/face-mask\/","title":{"rendered":"M\u00e1scara facial"},"content":{"rendered":"<h2><strong><span style=\"font-size: 130%;\">M\u00e1scara facial<\/span><\/strong><\/h2>\n<ul>\n<li style=\"list-style-type: none;\"><\/li>\n<\/ul>\n<ul>\n<li style=\"list-style-type: none;\"><\/li>\n<\/ul>\n<table>\n<tbody>\n<tr>\n<td width=\"284\">Art No.<\/td>\n<td width=\"284\">FC01<\/td>\n<\/tr>\n<tr>\n<td width=\"284\">Material superior<\/td>\n<td width=\"284\">PP o ABS<\/td>\n<\/tr>\n<tr>\n<td width=\"284\">Material de la visera<\/td>\n<td width=\"284\">PVC transparente<\/td>\n<\/tr>\n<tr>\n<td width=\"284\">Tama\u00f1o de la visera<\/td>\n<td width=\"284\">39CM largo *20CM ancho<\/td>\n<\/tr>\n<tr>\n<td width=\"284\">Casco<\/td>\n<td width=\"284\">Torbellino de carraca<\/td>\n<\/tr>\n<tr>\n<td width=\"284\">Aplicaci\u00f3n<\/td>\n<td width=\"284\">Protecci\u00f3n contra salpicaduras qu\u00edmicas, polvo<\/td>\n<\/tr>\n<tr>\n<td width=\"284\">\u00c1rea utilizada<\/td>\n<td width=\"284\">Construcci\u00f3n, Laboratorio, Miner\u00eda, Industrial, Jard\u00edn,etc.<\/td>\n<\/tr>\n<tr>\n<td width=\"284\">Embalaje<\/td>\n<td width=\"284\">1PC\/bolsa de polietileno, 40PCS\/CTN.<\/td>\n<\/tr>\n<tr>\n<td width=\"284\">Tama\u00f1o de la caja<\/td>\n<td width=\"284\">57*43*48CM<\/td>\n<\/tr>\n<tr>\n<td width=\"284\">N\/G.W<\/td>\n<td width=\"284\">13\/12KGS<\/td>\n<\/tr>\n<\/tbody>\n<\/table>\n<p>TOPRISE admite varios estilos de personalizaci\u00f3n de los protectores faciales; haga clic para <a href=\"https:\/\/toprisesafety.com\/es\/categoria-producto\/personal-protective-equipment\/face-protection\/face-shield\/\">ver m\u00e1s modelos de pantallas faciales<\/a>.<\/p>\n<p>Si no encuentra los protectores faciales necesarios, <a href=\"https:\/\/toprisesafety.com\/es\/contact-us\/\">Contacto<\/a>; apoyamos la personalizaci\u00f3n especial.<\/p>","protected":false},"excerpt":{"rendered":"<p>N\u00ba de art\u00edculo FC01<\/p>\n<p>Material superior:  PP o ABS<\/p>\n<p>Material de la visera : PVC transparente<\/p>\n<p>Tama\u00f1o de la visera: 39*20CM<\/p>\n<p>Casco: respaldo de trinquete giratorio<\/p>\n<p>CANTIDAD M\u00cdNIMA: 520 UNIDADES<\/p>","protected":false},"featured_media":6083,"template":"","meta":{"_acf_changed":false},"product_brand":[],"product_cat":[361,365],"product_tag":[],"class_list":{"0":"post-6091","1":"product","2":"type-product","3":"status-publish","4":"has-post-thumbnail","6":"product_cat-face-protection","7":"product_cat-face-shield","9":"first","10":"instock","11":"product-type-simple"},"acf":[],"_links":{"self":[{"href":"https:\/\/toprisesafety.com\/es\/wp-json\/wp\/v2\/product\/6091"}],"collection":[{"href":"https:\/\/toprisesafety.com\/es\/wp-json\/wp\/v2\/product"}],"about":[{"href":"https:\/\/toprisesafety.com\/es\/wp-json\/wp\/v2\/types\/product"}],"wp:featuredmedia":[{"embeddable":true,"href":"https:\/\/toprisesafety.com\/es\/wp-json\/wp\/v2\/media\/6083"}],"wp:attachment":[{"href":"https:\/\/toprisesafety.com\/es\/wp-json\/wp\/v2\/media?parent=6091"}],"wp:term":[{"taxonomy":"product_brand","embeddable":true,"href":"https:\/\/toprisesafety.com\/es\/wp-json\/wp\/v2\/product_brand?post=6091"},{"taxonomy":"product_cat","embeddable":true,"href":"https:\/\/toprisesafety.com\/es\/wp-json\/wp\/v2\/product_cat?post=6091"},{"taxonomy":"product_tag","embeddable":true,"href":"https:\/\/toprisesafety.com\/es\/wp-json\/wp\/v2\/product_tag?post=6091"}],"curies":[{"name":"wp","href":"https:\/\/api.w.org\/{rel}","templated":true}]}}