{"id":6085,"date":"2018-02-23T10:18:58","date_gmt":"2018-02-23T10:18:58","guid":{"rendered":"https:\/\/toprisesafety.com\/product\/mesh-face-shield-face-mask\/"},"modified":"2025-03-24T04:32:48","modified_gmt":"2025-03-24T04:32:48","slug":"mesh-face-shield-2","status":"publish","type":"product","link":"https:\/\/toprisesafety.com\/es\/producto\/mesh-face-shield-2\/","title":{"rendered":"Pantalla facial de malla"},"content":{"rendered":"<h2>Pantalla facial de malla<\/h2>\n<table>\n<tbody>\n<tr>\n<td width=\"284\">Art No.<\/td>\n<td width=\"284\">FSM04<\/td>\n<\/tr>\n<tr>\n<td width=\"284\">Material superior<\/td>\n<td width=\"284\">\u00a0ABS<\/td>\n<\/tr>\n<tr>\n<td width=\"284\">Material de la visera<\/td>\n<td width=\"284\">Malla negra<\/td>\n<\/tr>\n<tr>\n<td width=\"284\">Tama\u00f1o de la visera<\/td>\n<td width=\"284\">33CM largo *22CM ancho<\/td>\n<\/tr>\n<tr>\n<td width=\"284\">Casco<\/td>\n<td width=\"284\">Torbellino de carraca<\/td>\n<\/tr>\n<tr>\n<td width=\"284\">Aplicaci\u00f3n<\/td>\n<td width=\"284\">Protecci\u00f3n contra salpicaduras qu\u00edmicas, polvo<\/td>\n<\/tr>\n<tr>\n<td width=\"284\">\u00c1rea utilizada<\/td>\n<td width=\"284\">Construcci\u00f3n, Laboratorio, Miner\u00eda, Industrial, Jard\u00edn,etc.<\/td>\n<\/tr>\n<tr>\n<td width=\"284\">Embalaje<\/td>\n<td width=\"284\">1PC\/bolsa de polietileno, 20PCS\/CTN.<\/td>\n<\/tr>\n<tr>\n<td width=\"284\">Tama\u00f1o de la caja<\/td>\n<td width=\"284\">51*30*52CM<\/td>\n<\/tr>\n<tr>\n<td width=\"284\">N\/G.W<\/td>\n<td width=\"284\">7\/6KGS<\/td>\n<\/tr>\n<\/tbody>\n<\/table>\n<p>TOPRISE admite varios estilos de personalizaci\u00f3n de los protectores faciales; haga clic para <a href=\"https:\/\/toprisesafety.com\/es\/categoria-producto\/personal-protective-equipment\/face-protection\/face-shield\/\">ver m\u00e1s modelos de pantallas faciales<\/a>.<\/p>\n<p>Si no encuentra los protectores faciales necesarios, <a href=\"https:\/\/toprisesafety.com\/es\/contact-us\/\">Contacto<\/a>; apoyamos la personalizaci\u00f3n especial.<\/p>\n<figure id=\"attachment_702\" class=\"wp-caption alignnone\" style=\"width: 500px;\" aria-describedby=\"caption-attachment-702\"><figcaption id=\"caption-attachment-702\" class=\"wp-caption-text\"><\/figcaption><\/figure>","protected":false},"excerpt":{"rendered":"<p><strong>Art No.<\/strong>: FSM04<\/p>\n<p><strong>Material superior<\/strong>:  ABS<\/p>\n<p><strong>Material de la visera<\/strong>\u00a0: Malla negra<\/p>\n<p><strong>Tama\u00f1o de la visera<\/strong>: 33*22CM<\/p>\n<p><strong>Casco<\/strong>: trinquete giratorio hacia atr\u00e1s<\/p>\n<p><strong>MOQ<\/strong>: 500 UNIDADES<\/p>","protected":false},"featured_media":6087,"template":"","meta":{"_acf_changed":false},"product_brand":[],"product_cat":[361,365],"product_tag":[],"class_list":{"0":"post-6085","1":"product","2":"type-product","3":"status-publish","4":"has-post-thumbnail","6":"product_cat-face-protection","7":"product_cat-face-shield","9":"first","10":"instock","11":"product-type-simple"},"acf":[],"_links":{"self":[{"href":"https:\/\/toprisesafety.com\/es\/wp-json\/wp\/v2\/product\/6085"}],"collection":[{"href":"https:\/\/toprisesafety.com\/es\/wp-json\/wp\/v2\/product"}],"about":[{"href":"https:\/\/toprisesafety.com\/es\/wp-json\/wp\/v2\/types\/product"}],"wp:featuredmedia":[{"embeddable":true,"href":"https:\/\/toprisesafety.com\/es\/wp-json\/wp\/v2\/media\/6087"}],"wp:attachment":[{"href":"https:\/\/toprisesafety.com\/es\/wp-json\/wp\/v2\/media?parent=6085"}],"wp:term":[{"taxonomy":"product_brand","embeddable":true,"href":"https:\/\/toprisesafety.com\/es\/wp-json\/wp\/v2\/product_brand?post=6085"},{"taxonomy":"product_cat","embeddable":true,"href":"https:\/\/toprisesafety.com\/es\/wp-json\/wp\/v2\/product_cat?post=6085"},{"taxonomy":"product_tag","embeddable":true,"href":"https:\/\/toprisesafety.com\/es\/wp-json\/wp\/v2\/product_tag?post=6085"}],"curies":[{"name":"wp","href":"https:\/\/api.w.org\/{rel}","templated":true}]}}