{"id":6081,"date":"2018-02-23T10:35:58","date_gmt":"2018-02-23T10:35:58","guid":{"rendered":"https:\/\/toprisesafety.com\/product\/pvc-face-shield-visor\/"},"modified":"2025-03-24T04:32:20","modified_gmt":"2025-03-24T04:32:20","slug":"face-shield","status":"publish","type":"product","link":"https:\/\/toprisesafety.com\/es\/producto\/face-shield\/","title":{"rendered":"Pantalla facial"},"content":{"rendered":"<h2>Pantalla facial<\/h2>\n<table>\n<tbody>\n<tr>\n<td width=\"284\">Art No.<\/td>\n<td width=\"284\">FSP05<\/td>\n<\/tr>\n<tr>\n<td width=\"284\">Material del soporte negro<\/td>\n<td width=\"284\">PP o ABS o aluminio a elegir<\/td>\n<\/tr>\n<tr>\n<td width=\"284\">Material de la visera<\/td>\n<td width=\"284\">PVC transparente<\/td>\n<\/tr>\n<tr>\n<td width=\"284\">Tama\u00f1o de la visera<\/td>\n<td width=\"284\">39CM largo *20CM ancho<\/td>\n<\/tr>\n<tr>\n<td width=\"284\">Aplicaci\u00f3n<\/td>\n<td width=\"284\">Protecci\u00f3n contra salpicaduras qu\u00edmicas, polvo<\/td>\n<\/tr>\n<tr>\n<td width=\"284\">\u00c1rea utilizada<\/td>\n<td width=\"284\">Construcci\u00f3n, miner\u00eda, industria, jardiner\u00eda, etc.<\/td>\n<\/tr>\n<tr>\n<td width=\"284\">Embalaje<\/td>\n<td width=\"284\">1PC\/bolsa de polietileno, 100PCS\/CTN.<\/td>\n<\/tr>\n<tr>\n<td width=\"284\">Tama\u00f1o de la caja<\/td>\n<td width=\"284\">51*42*64CM<\/td>\n<\/tr>\n<tr>\n<td width=\"284\">N\/G.W<\/td>\n<td width=\"284\">10\/9KGS<\/td>\n<\/tr>\n<\/tbody>\n<\/table>\n<p>TOPRISE admite varios estilos de personalizaci\u00f3n de los protectores faciales; haga clic para <a href=\"https:\/\/toprisesafety.com\/es\/categoria-producto\/personal-protective-equipment\/face-protection\/face-shield\/\">ver m\u00e1s modelos de pantallas faciales<\/a>.<\/p>\n<p>Si no encuentra los protectores faciales necesarios, <a href=\"https:\/\/toprisesafety.com\/es\/contact-us\/\">Contacto<\/a>; apoyamos la personalizaci\u00f3n especial.<\/p>\n<figure id=\"attachment_700\" class=\"wp-caption alignnone\" style=\"width: 500px;\" aria-describedby=\"caption-attachment-700\"><\/figure>","protected":false},"excerpt":{"rendered":"<p>N\u00ba de art\u00edculo FSP05<\/p>\n<p>Material de la visera : PVC transparente<\/p>\n<p>Tama\u00f1o de la visera: 39*20CM<\/p>\n<p>CANTIDAD M\u00cdNIMA: 600 UNIDADES<\/p>","protected":false},"featured_media":6082,"template":"","meta":{"_acf_changed":false},"product_brand":[],"product_cat":[361,365],"product_tag":[],"class_list":{"0":"post-6081","1":"product","2":"type-product","3":"status-publish","4":"has-post-thumbnail","6":"product_cat-face-protection","7":"product_cat-face-shield","9":"first","10":"instock","11":"product-type-simple"},"acf":[],"_links":{"self":[{"href":"https:\/\/toprisesafety.com\/es\/wp-json\/wp\/v2\/product\/6081"}],"collection":[{"href":"https:\/\/toprisesafety.com\/es\/wp-json\/wp\/v2\/product"}],"about":[{"href":"https:\/\/toprisesafety.com\/es\/wp-json\/wp\/v2\/types\/product"}],"wp:featuredmedia":[{"embeddable":true,"href":"https:\/\/toprisesafety.com\/es\/wp-json\/wp\/v2\/media\/6082"}],"wp:attachment":[{"href":"https:\/\/toprisesafety.com\/es\/wp-json\/wp\/v2\/media?parent=6081"}],"wp:term":[{"taxonomy":"product_brand","embeddable":true,"href":"https:\/\/toprisesafety.com\/es\/wp-json\/wp\/v2\/product_brand?post=6081"},{"taxonomy":"product_cat","embeddable":true,"href":"https:\/\/toprisesafety.com\/es\/wp-json\/wp\/v2\/product_cat?post=6081"},{"taxonomy":"product_tag","embeddable":true,"href":"https:\/\/toprisesafety.com\/es\/wp-json\/wp\/v2\/product_tag?post=6081"}],"curies":[{"name":"wp","href":"https:\/\/api.w.org\/{rel}","templated":true}]}}