{"id":6079,"date":"2018-02-23T12:10:56","date_gmt":"2018-02-23T12:10:56","guid":{"rendered":"https:\/\/toprisesafety.com\/product\/german-style-welding-mask\/"},"modified":"2025-03-24T04:52:39","modified_gmt":"2025-03-24T04:52:39","slug":"welding-masks","status":"publish","type":"product","link":"https:\/\/toprisesafety.com\/es\/producto\/welding-masks\/","title":{"rendered":"M\u00e1scaras de soldadura"},"content":{"rendered":"<h2>M\u00e1scaras de soldadura<\/h2>\n<p align=\"left\"><strong>Descripci\u00f3n<\/strong>:<\/p>\n<ul>\n<li style=\"list-style-type: none;\">\n<ul>\n<li><span data-spm-anchor-id=\"a2700.details.pronpeci14.i1.11693f93svzaKe\">\u00a0Material: polipropileno (PP) resistente y a prueba de humedad,<\/span><\/li>\n<\/ul>\n<\/li>\n<\/ul>\n<ul>\n<li style=\"list-style-type: none;\">\n<ul>\n<li>Carcasa m\u00e1s gruesa y duradera, el tipo m\u00e1s popular de m\u00e1scara de soldadura personalizada<\/li>\n<\/ul>\n<\/li>\n<\/ul>\n<ul>\n<li style=\"list-style-type: none;\">\n<ul>\n<li data-spm-anchor-id=\"a2700.details.pronpeci14.i0.11693f93svzaKe\">\u00c1rea de visi\u00f3n:108x50mm , tama\u00f1o del arn\u00e9s:53-63cm<\/li>\n<\/ul>\n<\/li>\n<\/ul>\n<ul>\n<li style=\"list-style-type: none;\">\n<ul>\n<li data-spm-anchor-id=\"a2700.details.pronpeci14.i0.11693f93svzaKe\">Ajuste de la espalda con trinquete giratorio para mayor comodidad<\/li>\n<\/ul>\n<\/li>\n<\/ul>\n<ul>\n<li style=\"list-style-type: none;\">\n<ul>\n<li data-spm-anchor-id=\"a2700.details.pronpeci14.i0.11693f93svzaKe\">Cinta para el sudor para mayor comodidad<\/li>\n<\/ul>\n<\/li>\n<\/ul>\n<p><b>Caracter\u00edsticas:<\/b><\/p>\n<ul>\n<li style=\"list-style-type: none;\">\n<ul>\n<li data-spm-anchor-id=\"a2700.details.pronpeci14.i0.1f233fe1eHmcyo\">Protecci\u00f3n ocular: doble filtro de luz, evita la radiaci\u00f3n nociva ultravioleta e infrarroja del arco.<\/li>\n<\/ul>\n<\/li>\n<\/ul>\n<ul>\n<li style=\"list-style-type: none;\">\n<ul>\n<li data-spm-anchor-id=\"a2700.details.pronpeci14.i0.1f233fe1eHmcyo\">Protecci\u00f3n facial: prevenci\u00f3n eficaz de la aparici\u00f3n de salpicaduras y da\u00f1os en el cuerpo durante el funcionamiento, reduce las quemaduras en la piel.<\/li>\n<\/ul>\n<\/li>\n<\/ul>\n<ul>\n<li style=\"list-style-type: none;\">\n<ul>\n<li data-spm-anchor-id=\"a2700.details.pronpeci14.i0.1f233fe1eHmcyo\">Protecci\u00f3n respiratoria: orientaci\u00f3n del flujo de aire, reducci\u00f3n eficaz de los gases y polvos nocivos provocados por la soldadura, etc., pueden causar lesiones en el cuerpo.<\/li>\n<\/ul>\n<\/li>\n<\/ul>\n<table>\n<tbody>\n<tr>\n<td width=\"284\">Art No.<\/td>\n<td width=\"284\">WM02<\/td>\n<\/tr>\n<tr>\n<td width=\"284\">Material<\/td>\n<td width=\"284\">1001TP3Nuevo PP<\/td>\n<\/tr>\n<tr>\n<td width=\"284\">Ver zona<\/td>\n<td width=\"284\">Gafas de soldadura tama\u00f1o 108*50*3mm<\/td>\n<\/tr>\n<tr>\n<td width=\"284\">N\u00ba de tono<\/td>\n<td width=\"284\">#11 negro (#7-#14 a elegir)<\/td>\n<\/tr>\n<tr>\n<td width=\"284\">Estructura<\/td>\n<td width=\"284\">Espalda con trinquete para un c\u00f3modo ajuste<\/td>\n<\/tr>\n<tr>\n<td width=\"284\">Dise\u00f1o<\/td>\n<td width=\"284\">Dise\u00f1o de relleno<\/td>\n<\/tr>\n<tr>\n<td width=\"284\">Embalaje<\/td>\n<td width=\"284\">1PC\/bolsa de polietileno, 25PCS\/CTN<\/td>\n<\/tr>\n<tr>\n<td width=\"284\">Tama\u00f1o de la caja<\/td>\n<td width=\"284\">52*45*52CM<\/td>\n<\/tr>\n<tr>\n<td width=\"284\">N\/G.W<\/td>\n<td width=\"284\">11\/12KGS<\/td>\n<\/tr>\n<\/tbody>\n<\/table>\n<p>TOPRISE admite varios estilos de personalizaci\u00f3n de m\u00e1scaras y cascos de soldadura; haga clic para<a href=\"https:\/\/toprisesafety.com\/es\/categoria-producto\/personal-protective-equipment\/face-protection\/welding-helmet\/\"> ver m\u00e1s estilos de m\u00e1scaras y cascos de soldadura.<\/a><\/p>\n<p>Si no encuentra las m\u00e1scaras y cascos de soldadura que necesita, <a href=\"https:\/\/toprisesafety.com\/es\/contact-us\/\">Contacto<\/a>; apoyamos la personalizaci\u00f3n especial.<\/p>","protected":false},"excerpt":{"rendered":"<p>N\u00ba Referencia: WM02<\/p>\n<p>Material: 100% nuevo PP<\/p>\n<p>Color: Negro<\/p>\n<p>N\u00ba de tono: #11 (#7-#14 a elegir)<\/p>\n<p>MOQ: 500PCS<\/p>","protected":false},"featured_media":9170,"template":"","meta":{"_acf_changed":false},"product_brand":[],"product_cat":[361,362],"product_tag":[297],"class_list":{"0":"post-6079","1":"product","2":"type-product","3":"status-publish","4":"has-post-thumbnail","6":"product_cat-face-protection","7":"product_cat-welding-helmet","8":"product_tag-german-style-welding-mask","10":"first","11":"instock","12":"product-type-simple"},"acf":[],"_links":{"self":[{"href":"https:\/\/toprisesafety.com\/es\/wp-json\/wp\/v2\/product\/6079","targetHints":{"allow":["GET"]}}],"collection":[{"href":"https:\/\/toprisesafety.com\/es\/wp-json\/wp\/v2\/product"}],"about":[{"href":"https:\/\/toprisesafety.com\/es\/wp-json\/wp\/v2\/types\/product"}],"wp:featuredmedia":[{"embeddable":true,"href":"https:\/\/toprisesafety.com\/es\/wp-json\/wp\/v2\/media\/9170"}],"wp:attachment":[{"href":"https:\/\/toprisesafety.com\/es\/wp-json\/wp\/v2\/media?parent=6079"}],"wp:term":[{"taxonomy":"product_brand","embeddable":true,"href":"https:\/\/toprisesafety.com\/es\/wp-json\/wp\/v2\/product_brand?post=6079"},{"taxonomy":"product_cat","embeddable":true,"href":"https:\/\/toprisesafety.com\/es\/wp-json\/wp\/v2\/product_cat?post=6079"},{"taxonomy":"product_tag","embeddable":true,"href":"https:\/\/toprisesafety.com\/es\/wp-json\/wp\/v2\/product_tag?post=6079"}],"curies":[{"name":"wp","href":"https:\/\/api.w.org\/{rel}","templated":true}]}}