{"id":6077,"date":"2018-02-23T12:26:09","date_gmt":"2018-02-23T12:26:09","guid":{"rendered":"https:\/\/toprisesafety.com\/product\/welder-helmet-mask-welding-mask\/"},"modified":"2025-03-24T04:52:18","modified_gmt":"2025-03-24T04:52:18","slug":"welder-mask","status":"publish","type":"product","link":"https:\/\/toprisesafety.com\/es\/producto\/welder-mask\/","title":{"rendered":"M\u00e1scara de soldador"},"content":{"rendered":"<h2>M\u00e1scara de soldador<\/h2>\n<ul>\n<li style=\"list-style-type: none;\">\n<ul>\n<li>\u00a0Carcasa resistente a los golpes, material PP<\/li>\n<\/ul>\n<\/li>\n<\/ul>\n<ul>\n<li style=\"list-style-type: none;\">\n<ul>\n<li><span data-spm-anchor-id=\"a2700.details.pronpeci14.i1.76ef6f9601YwsX\">Tama\u00f1o del \u00e1rea de visi\u00f3n: 108 mm x 50 mm<\/span><\/li>\n<\/ul>\n<\/li>\n<\/ul>\n<ul>\n<li style=\"list-style-type: none;\">\n<ul>\n<li>Arn\u00e9s con trinquete y almohadilla de espuma suave para la cabeza, c\u00f3modo de llevar, protege la cara y la cabeza de las chispas.<\/li>\n<\/ul>\n<\/li>\n<\/ul>\n<ul>\n<li style=\"list-style-type: none;\">\n<ul>\n<li>\u00a0Dise\u00f1o frontal abatible, perfecto en mano de obra .  F\u00e1cil de cambiar el vidrio, la c\u00e1scara se puede repetir a utilizar.<\/li>\n<\/ul>\n<\/li>\n<\/ul>\n<ul>\n<li style=\"list-style-type: none;\">\n<ul>\n<li>\u00a0Adaptable para soldadura, corte, corte con gas, etc.<\/li>\n<\/ul>\n<\/li>\n<\/ul>\n<ul>\n<li style=\"list-style-type: none;\">\n<ul>\n<li>Lente anti-UV e IR adoptada, puede proteger profundamente los ojos del usuario.<\/li>\n<\/ul>\n<\/li>\n<\/ul>\n<ul>\n<li style=\"list-style-type: none;\">\n<ul>\n<li data-spm-anchor-id=\"a2700.details.pronpeci14.i0.76ef6f9601YwsX\">Logotipo del cliente disponible a\u00f1adiendo una pegatina<\/li>\n<\/ul>\n<\/li>\n<\/ul>\n<table>\n<tbody>\n<tr>\n<td width=\"284\">Art No.<\/td>\n<td width=\"284\">WM03<\/td>\n<\/tr>\n<tr>\n<td width=\"284\">Material<\/td>\n<td width=\"284\">\u00a0PP<\/td>\n<\/tr>\n<tr>\n<td width=\"284\">Ver zona<\/td>\n<td width=\"284\">Gafas de soldadura tama\u00f1o 108*50*3mm<\/td>\n<\/tr>\n<tr>\n<td width=\"284\">N\u00ba de tono<\/td>\n<td width=\"284\">#11 negro(#7-#14 a elegir)<\/td>\n<\/tr>\n<tr>\n<td width=\"284\">Estructura<\/td>\n<td width=\"284\">Espalda con trinquete para un c\u00f3modo ajuste<\/td>\n<\/tr>\n<tr>\n<td width=\"284\">Dise\u00f1o<\/td>\n<td width=\"284\">Dise\u00f1o de relleno<\/td>\n<\/tr>\n<tr>\n<td width=\"284\">Embalaje<\/td>\n<td width=\"284\">1PC\/bolsa de polietileno, 25PCS\/CTN<\/td>\n<\/tr>\n<tr>\n<td width=\"284\">Tama\u00f1o de la caja<\/td>\n<td width=\"284\">52*46*55CM<\/td>\n<\/tr>\n<tr>\n<td width=\"284\">N\/G.W<\/td>\n<td width=\"284\">14\/12KGS<\/td>\n<\/tr>\n<\/tbody>\n<\/table>\n<p>TOPRISE admite varios estilos de personalizaci\u00f3n de m\u00e1scaras y cascos de soldadura; haga clic para<a href=\"https:\/\/toprisesafety.com\/es\/categoria-producto\/personal-protective-equipment\/face-protection\/welding-helmet\/\"> ver m\u00e1s estilos de m\u00e1scaras y cascos de soldadura.<\/a><\/p>\n<p>Si no encuentra las m\u00e1scaras y cascos de soldadura que necesita, <a href=\"https:\/\/toprisesafety.com\/es\/contact-us\/\">Contacto<\/a>; apoyamos la personalizaci\u00f3n especial.<\/p>\n<p>&nbsp;<\/p>","protected":false},"excerpt":{"rendered":"<p>N\u00ba Referencia: WM03<\/p>\n<p>Material: PP<\/p>\n<p>Color: Negro<\/p>\n<p>N\u00ba de tono: #11 (#7-#14 a elegir)<\/p>\n<p>MOQ: 500PC<\/p>","protected":false},"featured_media":6078,"template":"","meta":{"_acf_changed":false},"product_brand":[],"product_cat":[361,362],"product_tag":[296],"class_list":{"0":"post-6077","1":"product","2":"type-product","3":"status-publish","4":"has-post-thumbnail","6":"product_cat-face-protection","7":"product_cat-welding-helmet","8":"product_tag-welder-helmet-mask-welding-mask","10":"first","11":"instock","12":"product-type-simple"},"acf":[],"_links":{"self":[{"href":"https:\/\/toprisesafety.com\/es\/wp-json\/wp\/v2\/product\/6077"}],"collection":[{"href":"https:\/\/toprisesafety.com\/es\/wp-json\/wp\/v2\/product"}],"about":[{"href":"https:\/\/toprisesafety.com\/es\/wp-json\/wp\/v2\/types\/product"}],"wp:featuredmedia":[{"embeddable":true,"href":"https:\/\/toprisesafety.com\/es\/wp-json\/wp\/v2\/media\/6078"}],"wp:attachment":[{"href":"https:\/\/toprisesafety.com\/es\/wp-json\/wp\/v2\/media?parent=6077"}],"wp:term":[{"taxonomy":"product_brand","embeddable":true,"href":"https:\/\/toprisesafety.com\/es\/wp-json\/wp\/v2\/product_brand?post=6077"},{"taxonomy":"product_cat","embeddable":true,"href":"https:\/\/toprisesafety.com\/es\/wp-json\/wp\/v2\/product_cat?post=6077"},{"taxonomy":"product_tag","embeddable":true,"href":"https:\/\/toprisesafety.com\/es\/wp-json\/wp\/v2\/product_tag?post=6077"}],"curies":[{"name":"wp","href":"https:\/\/api.w.org\/{rel}","templated":true}]}}