{"id":6072,"date":"2018-02-23T12:45:14","date_gmt":"2018-02-23T12:45:14","guid":{"rendered":"https:\/\/toprisesafety.com\/product\/new-welding-mask\/"},"modified":"2025-03-24T04:49:54","modified_gmt":"2025-03-24T04:49:54","slug":"best-welding-mask","status":"publish","type":"product","link":"https:\/\/toprisesafety.com\/es\/producto\/best-welding-mask\/","title":{"rendered":"La mejor m\u00e1scara de soldadura"},"content":{"rendered":"<h2><strong><span style=\"font-size: 130%;\">La mejor m\u00e1scara de soldadura\u00a0<\/span><\/strong><\/h2>\n<ul>\n<li style=\"list-style-type: none;\">\n<ul>\n<li>Carcasa resistente a los golpes, material PP<\/li>\n<\/ul>\n<\/li>\n<\/ul>\n<ul>\n<li style=\"list-style-type: none;\">\n<ul>\n<li><span data-spm-anchor-id=\"a2700.details.pronpeci14.i1.76ef6f9601YwsX\">Tama\u00f1o del \u00e1rea de visi\u00f3n: 108 mm x 50 mm<\/span><\/li>\n<\/ul>\n<\/li>\n<\/ul>\n<ul>\n<li style=\"list-style-type: none;\">\n<ul>\n<li>La espalda con trinquete giratorio es muy c\u00f3moda y protege la cara y la cabeza de las chispas.<\/li>\n<\/ul>\n<\/li>\n<\/ul>\n<ul>\n<li style=\"list-style-type: none;\">\n<ul>\n<li>\u00a0Adaptable para soldadura, corte, corte con gas, etc.<\/li>\n<\/ul>\n<\/li>\n<\/ul>\n<ul>\n<li style=\"list-style-type: none;\">\n<ul>\n<li>Lente anti-UV e IR adoptada, puede proteger profundamente los ojos del usuario.<\/li>\n<\/ul>\n<\/li>\n<\/ul>\n<ul>\n<li style=\"list-style-type: none;\">\n<ul>\n<li data-spm-anchor-id=\"a2700.details.pronpeci14.i0.76ef6f9601YwsX\">Logotipo del cliente disponible a\u00f1adiendo una pegatina<\/li>\n<\/ul>\n<\/li>\n<\/ul>\n<ul>\n<li style=\"list-style-type: none;\">\n<ul>\n<li data-spm-anchor-id=\"a2700.details.pronpeci14.i0.76ef6f9601YwsX\">Dise\u00f1o de llenado frontal<\/li>\n<\/ul>\n<\/li>\n<\/ul>\n<ul>\n<li style=\"list-style-type: none;\">\n<ul>\n<li data-spm-anchor-id=\"a2700.details.pronpeci14.i0.76ef6f9601YwsX\">Cambio de lentes r\u00e1pido y sencillo:<strong>\u00a0<\/strong>Gracias a su dise\u00f1o patentado, las lentes de los filtros y los cubreobjetos pueden instalarse y retirarse f\u00e1cil y r\u00e1pidamente.<\/li>\n<\/ul>\n<\/li>\n<\/ul>\n<ul>\n<li style=\"list-style-type: none;\">\n<ul>\n<li data-spm-anchor-id=\"a2700.details.pronpeci14.i0.76ef6f9601YwsX\">Incluye resistencia a impactos frontales y laterales.<\/li>\n<\/ul>\n<\/li>\n<\/ul>\n<ul>\n<li style=\"list-style-type: none;\">\n<ul>\n<li data-spm-anchor-id=\"a2700.details.pronpeci14.i0.76ef6f9601YwsX\">Atenuaci\u00f3n de la luz:<strong>\u00a0<\/strong>La carcasa de la careta de soldar puede bloquear la luz nociva durante el proceso de soldadura, y no se ve ninguna luz desatendida en ninguna posici\u00f3n de la careta de soldar.<\/li>\n<\/ul>\n<\/li>\n<\/ul>\n<table>\n<tbody>\n<tr>\n<td width=\"284\">Art No.<\/td>\n<td width=\"284\">WM05<\/td>\n<\/tr>\n<tr>\n<td width=\"284\">Material<\/td>\n<td width=\"284\">1001TP3Nuevo PP<\/td>\n<\/tr>\n<tr>\n<td width=\"284\">Ver zona<\/td>\n<td width=\"284\">Gafas de soldadura tama\u00f1o 108*50*3mm<\/td>\n<\/tr>\n<tr>\n<td width=\"284\">N\u00ba de tono<\/td>\n<td width=\"284\">#11 negro (#7-#14 a elegir)<\/td>\n<\/tr>\n<tr>\n<td width=\"284\">Estructura<\/td>\n<td width=\"284\">Espalda con trinquete para un c\u00f3modo ajuste<\/td>\n<\/tr>\n<tr>\n<td width=\"284\">Dise\u00f1o<\/td>\n<td width=\"284\">Dise\u00f1o de relleno<\/td>\n<\/tr>\n<tr>\n<td width=\"284\">Embalaje<\/td>\n<td width=\"284\">1PC\/bolsa de polietileno, 20PCS\/CTN<\/td>\n<\/tr>\n<tr>\n<td width=\"284\">Tama\u00f1o de la caja<\/td>\n<td width=\"284\">61*51*45CM<\/td>\n<\/tr>\n<tr>\n<td width=\"284\">N\/G.W<\/td>\n<td width=\"284\">9\/10KGS<\/td>\n<\/tr>\n<\/tbody>\n<\/table>\n<p>TOPRISE admite varios estilos de personalizaci\u00f3n de m\u00e1scaras y cascos de soldadura; haga clic para<a href=\"https:\/\/toprisesafety.com\/es\/categoria-producto\/personal-protective-equipment\/face-protection\/welding-helmet\/\"> ver m\u00e1s estilos de m\u00e1scaras y cascos de soldadura.<\/a><\/p>\n<p>Si no encuentra las m\u00e1scaras y cascos de soldadura que necesita, <a href=\"https:\/\/toprisesafety.com\/es\/contact-us\/\">Contacto<\/a>; apoyamos la personalizaci\u00f3n especial.<\/p>\n<figure id=\"attachment_718\" class=\"wp-caption alignnone\" style=\"width: 500px;\" aria-describedby=\"caption-attachment-718\"><figcaption id=\"caption-attachment-718\" class=\"wp-caption-text\"><\/figcaption><\/figure>","protected":false},"excerpt":{"rendered":"<p>N\u00ba Referencia: WM05<\/p>\n<p>Material: PP<\/p>\n<p>Color: Negro<\/p>\n<p>N\u00ba de tono: #11 (#7-#14 a elegir)<\/p>\n<p>MOQ: 500PCS<\/p>","protected":false},"featured_media":6070,"template":"","meta":{"_acf_changed":false},"product_brand":[],"product_cat":[361,364,362],"product_tag":[292],"class_list":{"0":"post-6072","1":"product","2":"type-product","3":"status-publish","4":"has-post-thumbnail","6":"product_cat-face-protection","7":"product_cat-normal-welding-helmet","8":"product_cat-welding-helmet","9":"product_tag-new-welding-mask","11":"first","12":"instock","13":"product-type-simple"},"acf":[],"_links":{"self":[{"href":"https:\/\/toprisesafety.com\/es\/wp-json\/wp\/v2\/product\/6072"}],"collection":[{"href":"https:\/\/toprisesafety.com\/es\/wp-json\/wp\/v2\/product"}],"about":[{"href":"https:\/\/toprisesafety.com\/es\/wp-json\/wp\/v2\/types\/product"}],"wp:featuredmedia":[{"embeddable":true,"href":"https:\/\/toprisesafety.com\/es\/wp-json\/wp\/v2\/media\/6070"}],"wp:attachment":[{"href":"https:\/\/toprisesafety.com\/es\/wp-json\/wp\/v2\/media?parent=6072"}],"wp:term":[{"taxonomy":"product_brand","embeddable":true,"href":"https:\/\/toprisesafety.com\/es\/wp-json\/wp\/v2\/product_brand?post=6072"},{"taxonomy":"product_cat","embeddable":true,"href":"https:\/\/toprisesafety.com\/es\/wp-json\/wp\/v2\/product_cat?post=6072"},{"taxonomy":"product_tag","embeddable":true,"href":"https:\/\/toprisesafety.com\/es\/wp-json\/wp\/v2\/product_tag?post=6072"}],"curies":[{"name":"wp","href":"https:\/\/api.w.org\/{rel}","templated":true}]}}