{"id":6062,"date":"2018-02-24T02:19:12","date_gmt":"2018-02-24T02:19:12","guid":{"rendered":"https:\/\/toprisesafety.com\/product\/new-auto-darkening-welding-mask\/"},"modified":"2025-03-24T04:48:04","modified_gmt":"2025-03-24T04:48:04","slug":"new-auto-darkening-welding-mask","status":"publish","type":"product","link":"https:\/\/toprisesafety.com\/es\/producto\/new-auto-darkening-welding-mask\/","title":{"rendered":"Nueva m\u00e1scara de soldadura autooscurecible"},"content":{"rendered":"<p><strong><span style=\"font-size: 130%;\">Nueva m\u00e1scara de soldadura autooscurecible<\/span><\/strong><\/p>\n<p>Las m\u00e1scaras de soldadura est\u00e1n dise\u00f1adas para proteger los ojos y la cara de chispas, salpicaduras y radiaciones nocivas en condiciones normales de soldadura. El filtro de oscurecimiento autom\u00e1tico cambia autom\u00e1ticamente de un estado claro a un estado oscuro cuando se produce un arco, y vuelve al estado claro cuando se detiene la soldadura. Este casco de soldadura autom\u00e1tico LCD de alta calidad est\u00e1 fabricado con materiales resistentes y duraderos que garantizan su longevidad y durabilidad d\u00eda tras d\u00eda. Con el \u00e1rea de visualizaci\u00f3n masiva, puede permitirle ver su soldadura desde todas las perspectivas, tambi\u00e9n este casco se puede utilizar durante el corte, rango de sombra DIN9-13, Adem\u00e1s, el casco se utiliza como un escudo protector por no oscurecer mientras que la molienda.<\/p>\n<h2><strong>Nueva especificaci\u00f3n de m\u00e1scara de soldadura con oscurecimiento autom\u00e1tico:<\/strong><\/h2>\n<table>\n<tbody>\n<tr>\n<td width=\"284\">Art No.<\/td>\n<td width=\"284\">AMM04<\/td>\n<\/tr>\n<tr>\n<td width=\"284\">Sombra variable<\/td>\n<td width=\"284\">Din9-13<\/td>\n<\/tr>\n<tr>\n<td width=\"284\">Ajuste de la oscuridad<\/td>\n<td width=\"284\">Exterior<\/td>\n<\/tr>\n<tr>\n<td width=\"284\">Zona de visi\u00f3n<\/td>\n<td width=\"284\">98*44CM<\/td>\n<\/tr>\n<tr>\n<td width=\"284\">Tiempo de conmutaci\u00f3n de la pantalla de los cascos de seguridad<\/td>\n<td width=\"284\">a) De claro a oscuro: 1\/25.000s.<\/p>\n<p>b) De oscuro a claro: 0,1~1s.<\/td>\n<\/tr>\n<tr>\n<td width=\"284\">Sensibilidad<\/td>\n<td width=\"284\">Baja y alta, ajustable sin escalonamientos<\/td>\n<\/tr>\n<tr>\n<td width=\"284\">Estado de la luz<\/td>\n<td width=\"284\">Sombra DIN 4<\/td>\n<\/tr>\n<tr>\n<td width=\"284\">Protecci\u00f3n UV\/IR<\/td>\n<td width=\"284\">Hasta sombra DIN 16 en todo momento<\/td>\n<\/tr>\n<tr>\n<td width=\"284\">Encendido\/apagado<\/td>\n<td width=\"284\">Autom\u00e1tico<\/td>\n<\/tr>\n<tr>\n<td width=\"284\">Alimentaci\u00f3n<\/td>\n<td width=\"284\">Grandes c\u00e9lulas solares, dos bater\u00edas de litio<\/td>\n<\/tr>\n<tr>\n<td width=\"284\">Modo<\/td>\n<td width=\"284\">Soldadura<\/td>\n<\/tr>\n<tr>\n<td width=\"284\">Garant\u00eda<\/td>\n<td width=\"284\">2 a\u00f1os<\/td>\n<\/tr>\n<tr>\n<td width=\"284\">Material y peso<\/td>\n<td width=\"284\">PP, 0,48kgs.<\/td>\n<\/tr>\n<tr>\n<td width=\"284\">Resistencia al fuego<\/td>\n<td width=\"284\">S\u00ed<\/td>\n<\/tr>\n<tr>\n<td width=\"284\">Dimensi\u00f3n<\/td>\n<td width=\"284\">360mm*240mm*230mm<\/td>\n<\/tr>\n<tr>\n<td width=\"284\">Temperatura de funcionamiento<\/td>\n<td width=\"284\">-10\u2103~\uff0b55\u2103<\/td>\n<\/tr>\n<tr>\n<td width=\"284\">Temperatura de almacenamiento<\/td>\n<td width=\"284\">-20\u2103~\uff0b70\u2103.<\/td>\n<\/tr>\n<\/tbody>\n<\/table>\n<p>&nbsp;<\/p>\n<div><strong><span style=\"font-size: 200%;\">Taller de f\u00e1brica :<\/span><\/strong><\/div>\n<div><img fetchpriority=\"high\" decoding=\"async\" class=\"alignnone size-full wp-image-737\" src=\"https:\/\/toprisesafety.com\/wp-content\/uploads\/2024\/08\/AUTO-WELDING-HELMET-FACTORY-PHOTOS-.jpg\" alt=\"\" width=\"687\" height=\"687\" \/><\/div>\n<div>\n<p>TOPRISE admite varios estilos de personalizaci\u00f3n de m\u00e1scaras y cascos de soldadura; haga clic para<a href=\"https:\/\/toprisesafety.com\/es\/categoria-producto\/personal-protective-equipment\/face-protection\/welding-helmet\/\"> ver m\u00e1s estilos de m\u00e1scaras y cascos de soldadura.<\/a><\/p>\n<p>Si no encuentra las m\u00e1scaras y cascos de soldadura que necesita, <a href=\"https:\/\/toprisesafety.com\/es\/contact-us\/\">Contacto<\/a>; apoyamos la personalizaci\u00f3n especial.<\/p>\n<\/div>","protected":false},"excerpt":{"rendered":"<p>N\u00ba de art\u00edculo : WMA04<\/p>\n<p>Color: Dorso<\/p>\n<p>\u00c1rea de visi\u00f3n: 98*44CM<\/p>\n<p>Tono variable:  DIN9-13<\/p>\n<p>MOQ: 60PCS<\/p>","protected":false},"featured_media":6064,"template":"","meta":{"_acf_changed":false},"product_brand":[],"product_cat":[363,361,362],"product_tag":[287],"class_list":{"0":"post-6062","1":"product","2":"type-product","3":"status-publish","4":"has-post-thumbnail","6":"product_cat-auto-welding-helmet","7":"product_cat-face-protection","8":"product_cat-welding-helmet","9":"product_tag-new-auto-darkening-welding-mask","11":"first","12":"instock","13":"product-type-simple"},"acf":[],"_links":{"self":[{"href":"https:\/\/toprisesafety.com\/es\/wp-json\/wp\/v2\/product\/6062"}],"collection":[{"href":"https:\/\/toprisesafety.com\/es\/wp-json\/wp\/v2\/product"}],"about":[{"href":"https:\/\/toprisesafety.com\/es\/wp-json\/wp\/v2\/types\/product"}],"wp:featuredmedia":[{"embeddable":true,"href":"https:\/\/toprisesafety.com\/es\/wp-json\/wp\/v2\/media\/6064"}],"wp:attachment":[{"href":"https:\/\/toprisesafety.com\/es\/wp-json\/wp\/v2\/media?parent=6062"}],"wp:term":[{"taxonomy":"product_brand","embeddable":true,"href":"https:\/\/toprisesafety.com\/es\/wp-json\/wp\/v2\/product_brand?post=6062"},{"taxonomy":"product_cat","embeddable":true,"href":"https:\/\/toprisesafety.com\/es\/wp-json\/wp\/v2\/product_cat?post=6062"},{"taxonomy":"product_tag","embeddable":true,"href":"https:\/\/toprisesafety.com\/es\/wp-json\/wp\/v2\/product_tag?post=6062"}],"curies":[{"name":"wp","href":"https:\/\/api.w.org\/{rel}","templated":true}]}}