{"id":6058,"date":"2018-02-24T03:32:56","date_gmt":"2018-02-24T03:32:56","guid":{"rendered":"https:\/\/toprisesafety.com\/product\/safety-glasses-ce-en166-ansi-z87-1\/"},"modified":"2024-11-25T06:03:25","modified_gmt":"2024-11-25T06:03:25","slug":"best-rated-safety-glasses","status":"publish","type":"product","link":"https:\/\/toprisesafety.com\/es\/producto\/best-rated-safety-glasses\/","title":{"rendered":"Gafas de seguridad mejor valoradas"},"content":{"rendered":"<h2>Gafas de seguridad mejor valoradas<\/h2>\n<ul>\n<li style=\"list-style-type: none;\">\n<ul>\n<li data-spm-anchor-id=\"a2700.details.pronpeci14.i1.27d3343eMQ2sgq\">Modelo deportivo, montura de nailon, lentes de PC<\/li>\n<\/ul>\n<\/li>\n<\/ul>\n<ul>\n<li style=\"list-style-type: none;\">\n<ul>\n<li>Lente de una sola pieza, peso ligero<\/li>\n<\/ul>\n<\/li>\n<\/ul>\n<ul>\n<li style=\"list-style-type: none;\">\n<ul>\n<li>Color de la montura: Negro, azul marino, amarillo, rojo, etc. a elegir.<\/li>\n<\/ul>\n<\/li>\n<\/ul>\n<ul>\n<li style=\"list-style-type: none;\">\n<ul>\n<li>Color de la lente: transparente, gris, amarilla, roja, azul, etc., a elegir.<\/li>\n<\/ul>\n<\/li>\n<\/ul>\n<ul>\n<li style=\"list-style-type: none;\">\n<ul>\n<li>Lente de policarbonato resistente a los ara\u00f1azos y a los golpes<\/li>\n<\/ul>\n<\/li>\n<\/ul>\n<ul>\n<li style=\"list-style-type: none;\">\n<ul>\n<li>Lentes con revestimiento antivaho para fines qu\u00edmicos y m\u00e9dicos (opcional)<\/li>\n<\/ul>\n<\/li>\n<\/ul>\n<ul>\n<li style=\"list-style-type: none;\">\n<ul>\n<li>Protecci\u00f3n UV400, cumple las normas CE y ANSI<\/li>\n<\/ul>\n<\/li>\n<\/ul>\n<ul>\n<li style=\"list-style-type: none;\">\n<ul>\n<li>Ajuste c\u00f3modo y seguro de ancho<\/li>\n<\/ul>\n<\/li>\n<\/ul>\n<p align=\"left\"><strong>Lentes de diferentes colores:<\/strong><\/p>\n<ul>\n<li style=\"list-style-type: none;\">\n<ul>\n<li>Gris: Exterior. 100% Protecci\u00f3n UVA&amp;UVB<\/li>\n<\/ul>\n<\/li>\n<\/ul>\n<ul>\n<li style=\"list-style-type: none;\">\n<ul>\n<li>Transparente: fines generales<\/li>\n<\/ul>\n<\/li>\n<\/ul>\n<ul>\n<li style=\"list-style-type: none;\">\n<ul>\n<li>Amarillo: Conducci\u00f3n nocturna y piloto. Absorci\u00f3n de la luz azul en el rango visible proporcionando una mejora del contraste.<\/li>\n<\/ul>\n<\/li>\n<\/ul>\n<ul>\n<li style=\"list-style-type: none;\">\n<ul>\n<li>Rojo: UV especial mezclado. Rayos resistentes al l\u00e1ser<\/li>\n<\/ul>\n<\/li>\n<\/ul>\n<ul>\n<li style=\"list-style-type: none;\">\n<ul>\n<li>Naranja: Vista suave. Longitud de onda el\u00e9ctrica filtrada y rayo infrarrojo.<\/li>\n<\/ul>\n<\/li>\n<\/ul>\n<ul>\n<li style=\"list-style-type: none;\">\n<ul>\n<li>Revestimiento de espejo luminoso: proporciona protecci\u00f3n contra impactos fuertes y rayos UV nocivos para aplicaciones en interiores y exteriores sin necesidad de cambiar la lente.<\/li>\n<\/ul>\n<\/li>\n<\/ul>\n<h2 align=\"left\" data-spm-anchor-id=\"a2700.details.pronpeci14.i0.27d3343eMQ2sgq\">Las gafas de seguridad mejor valoradas Especificaci\u00f3n:<\/h2>\n<table>\n<tbody>\n<tr>\n<td width=\"284\">Art No.<\/td>\n<td width=\"284\">SG01<\/td>\n<\/tr>\n<tr>\n<td width=\"284\">Material<\/td>\n<td width=\"284\">Montura de nailon + lente de PC<\/td>\n<\/tr>\n<tr>\n<td width=\"284\">Norma de calidad<\/td>\n<td width=\"284\">CE EN166&amp; ANSI Z87.1<\/td>\n<\/tr>\n<tr>\n<td width=\"284\">Funci\u00f3n<\/td>\n<td width=\"284\">Anti-UV, Antirayas, Antivaho a elegir<\/td>\n<\/tr>\n<tr>\n<td width=\"284\">Talla<\/td>\n<td width=\"284\">Talla est\u00e1ndar de adulto<\/td>\n<\/tr>\n<tr>\n<td width=\"284\">Color<\/td>\n<td width=\"284\">Negro, gris, amarillo, transparente, azul, etc.<\/td>\n<\/tr>\n<tr>\n<td width=\"284\">Embalaje<\/td>\n<td width=\"284\">Bolsa de polietileno, tarjeta de cabeza, caja bl\u00edster, caja de color, etc.<\/td>\n<\/tr>\n<tr>\n<td width=\"284\">Aplicaci\u00f3n<\/td>\n<td width=\"284\">Construcci\u00f3n, industria, miner\u00eda, agricultura, equitaci\u00f3n, laboratorio, militar, petr\u00f3leo, etc.<\/td>\n<\/tr>\n<\/tbody>\n<\/table>\n<p><img fetchpriority=\"high\" decoding=\"async\" class=\"alignnone wp-image-741\" src=\"https:\/\/toprisesafety.com\/wp-content\/uploads\/2024\/08\/SG01-SAFETGY-GLASSES-STRUCTURE_\u526f\u672c.jpg\" alt=\"\" width=\"467\" height=\"550\" \/><\/p>","protected":false},"excerpt":{"rendered":"<p>N\u00ba Referencia: SG01<\/p>\n<p>Material: Montura de nailon, lente de PC<\/p>\n<p>Color: transparente, gris oscuro, amarillo, azul, etc.<\/p>\n<p>Caracter\u00edstica: Anti-UV, Antirayas, Antivaho a elegir<\/p>\n<p>Norma de calidad: CE EN166, ANSI Z87.1<\/p>\n<p>MOQ: 1200PCS, color especial 3000PCS<\/p>","protected":false},"featured_media":6060,"template":"","meta":{"_acf_changed":false},"product_brand":[],"product_cat":[357,360],"product_tag":[279,280],"class_list":{"0":"post-6058","1":"product","2":"type-product","3":"status-publish","4":"has-post-thumbnail","6":"product_cat-eye-protection","7":"product_cat-safety-glasses","8":"product_tag-ansi-z87-1-safety-glasses","9":"product_tag-safety-glasses-ce-en166","11":"first","12":"instock","13":"product-type-simple"},"acf":[],"_links":{"self":[{"href":"https:\/\/toprisesafety.com\/es\/wp-json\/wp\/v2\/product\/6058"}],"collection":[{"href":"https:\/\/toprisesafety.com\/es\/wp-json\/wp\/v2\/product"}],"about":[{"href":"https:\/\/toprisesafety.com\/es\/wp-json\/wp\/v2\/types\/product"}],"wp:featuredmedia":[{"embeddable":true,"href":"https:\/\/toprisesafety.com\/es\/wp-json\/wp\/v2\/media\/6060"}],"wp:attachment":[{"href":"https:\/\/toprisesafety.com\/es\/wp-json\/wp\/v2\/media?parent=6058"}],"wp:term":[{"taxonomy":"product_brand","embeddable":true,"href":"https:\/\/toprisesafety.com\/es\/wp-json\/wp\/v2\/product_brand?post=6058"},{"taxonomy":"product_cat","embeddable":true,"href":"https:\/\/toprisesafety.com\/es\/wp-json\/wp\/v2\/product_cat?post=6058"},{"taxonomy":"product_tag","embeddable":true,"href":"https:\/\/toprisesafety.com\/es\/wp-json\/wp\/v2\/product_tag?post=6058"}],"curies":[{"name":"wp","href":"https:\/\/api.w.org\/{rel}","templated":true}]}}