{"id":6036,"date":"2018-02-24T05:02:57","date_gmt":"2018-02-24T05:02:57","guid":{"rendered":"https:\/\/toprisesafety.com\/product\/popular-ce-en166-safety-goggles\/"},"modified":"2025-03-17T04:12:17","modified_gmt":"2025-03-17T04:12:17","slug":"popular-ce-en166-safety-goggles","status":"publish","type":"product","link":"https:\/\/toprisesafety.com\/es\/producto\/popular-ce-en166-safety-goggles\/","title":{"rendered":"Populares gafas de seguridad CE EN166"},"content":{"rendered":"<p><strong><span style=\"font-size: 130%;\">Populares gafas de seguridad CE EN166 <\/span><\/strong><\/p>\n<ul>\n<li style=\"list-style-type: none;\">\n<ul>\n<li data-spm-anchor-id=\"a2700.details.pronpeci14.i1.c44c4e73UcTKsG\"><span style=\"font-size: medium;\">Los dise\u00f1os envolventes ofrecen una protecci\u00f3n superior<\/span><\/li>\n<\/ul>\n<\/li>\n<\/ul>\n<ul>\n<li style=\"list-style-type: none;\">\n<ul>\n<li><span style=\"font-size: medium;\">Meets high impact,anti-scratch lens\u00a0<\/span><\/li>\n<\/ul>\n<\/li>\n<\/ul>\n<ul>\n<li style=\"list-style-type: none;\">\n<ul>\n<li><span style=\"font-size: medium;\">C\u00f3modas cintas de nylon ajustables para la cabeza que facilitan un ajuste c\u00f3modo<\/span><\/li>\n<\/ul>\n<\/li>\n<\/ul>\n<ul>\n<li style=\"list-style-type: none;\">\n<ul>\n<li><span style=\"font-size: medium;\">Available high performance anti-fog coatings for choice\u00a0<\/span><\/li>\n<\/ul>\n<\/li>\n<\/ul>\n<ul>\n<li style=\"list-style-type: none;\">\n<ul>\n<li><span style=\"font-size: medium;\">Meet CE EN166 quality standard<\/span><\/li>\n<\/ul>\n<\/li>\n<\/ul>\n<h2><strong>Popular CE EN166 safety goggles specifications:<\/strong><\/h2>\n<table>\n<tbody>\n<tr>\n<td width=\"284\">Art No.<\/td>\n<td width=\"284\">SG08<\/td>\n<\/tr>\n<tr>\n<td width=\"284\">Material<\/td>\n<td width=\"284\">PVC frame PC lens<\/td>\n<\/tr>\n<tr>\n<td width=\"284\">Norma de calidad<\/td>\n<td width=\"284\">CE EN166<\/td>\n<\/tr>\n<tr>\n<td width=\"284\">Funci\u00f3n<\/td>\n<td width=\"284\">Anti-UV, Anti-scratch; Anti-fog for choice<\/td>\n<\/tr>\n<tr>\n<td width=\"284\">Talla<\/td>\n<td width=\"284\">Talla est\u00e1ndar de adulto<\/td>\n<\/tr>\n<tr>\n<td width=\"284\">Color<\/td>\n<td width=\"284\">Clear, coffee etc. color for choice<\/td>\n<\/tr>\n<tr>\n<td width=\"284\">Embalaje<\/td>\n<td width=\"284\">Bolsa de polietileno, tarjeta de cabeza, caja bl\u00edster, caja de color, etc.<\/td>\n<\/tr>\n<tr>\n<td width=\"284\">Aplicaci\u00f3n<\/td>\n<td width=\"284\">Construcci\u00f3n, industria, miner\u00eda, agricultura, equitaci\u00f3n, laboratorio, militar, petr\u00f3leo, etc.<\/td>\n<\/tr>\n<\/tbody>\n<\/table>\n<p>TOPRISE admite varios estilos de personalizaci\u00f3n de gafas de seguridad; haga clic para <a href=\"https:\/\/toprisesafety.com\/es\/categoria-producto\/personal-protective-equipment\/eye-protection\/safety-goggles\/\">ver m\u00e1s modelos de gafas de protecci\u00f3n<\/a>.<\/p>\n<p>Si no encuentra las gafas de protecci\u00f3n necesarias, <a href=\"https:\/\/toprisesafety.com\/es\/contact-us\/\">Contacto<\/a>; apoyamos la personalizaci\u00f3n especial.<\/p>\n<p><strong><span style=\"font-size: 200%;\">More safety goggles models for choice:<\/span><\/strong><\/p>\n<figure id=\"attachment_774\" class=\"wp-caption alignnone\" style=\"width: 720px;\" aria-describedby=\"caption-attachment-774\"><a href=\"https:\/\/toprisesafety.com\/es\/producto\/cheap-safety-goggles\/\"><img fetchpriority=\"high\" decoding=\"async\" class=\"size-full wp-image-774\" src=\"https:\/\/toprisesafety.com\/wp-content\/uploads\/2024\/08\/SG09.jpg\" alt=\"Cheap safety goggles\" width=\"720\" height=\"720\" \/><\/a><figcaption id=\"caption-attachment-774\" class=\"wp-caption-text\">Gafas de protecci\u00f3n baratas<\/figcaption><\/figure>","protected":false},"excerpt":{"rendered":"<p>Art No.: SG08<\/p>\n<p>Material: PVC frame, PC lens<\/p>\n<p>Features: Anti-UV, Anti-scratch; Anti-fog for choice<\/p>\n<p>Norma de calidad: CE EN166<\/p>\n<p>MOQ: 1000PCS<\/p>","protected":false},"featured_media":6035,"template":"","meta":{"_acf_changed":false},"product_brand":[],"product_cat":[357,358],"product_tag":[269],"class_list":{"0":"post-6036","1":"product","2":"type-product","3":"status-publish","4":"has-post-thumbnail","6":"product_cat-eye-protection","7":"product_cat-safety-goggles","8":"product_tag-ce-en166-safety-goggles","10":"first","11":"instock","12":"product-type-simple"},"acf":[],"_links":{"self":[{"href":"https:\/\/toprisesafety.com\/es\/wp-json\/wp\/v2\/product\/6036","targetHints":{"allow":["GET"]}}],"collection":[{"href":"https:\/\/toprisesafety.com\/es\/wp-json\/wp\/v2\/product"}],"about":[{"href":"https:\/\/toprisesafety.com\/es\/wp-json\/wp\/v2\/types\/product"}],"wp:featuredmedia":[{"embeddable":true,"href":"https:\/\/toprisesafety.com\/es\/wp-json\/wp\/v2\/media\/6035"}],"wp:attachment":[{"href":"https:\/\/toprisesafety.com\/es\/wp-json\/wp\/v2\/media?parent=6036"}],"wp:term":[{"taxonomy":"product_brand","embeddable":true,"href":"https:\/\/toprisesafety.com\/es\/wp-json\/wp\/v2\/product_brand?post=6036"},{"taxonomy":"product_cat","embeddable":true,"href":"https:\/\/toprisesafety.com\/es\/wp-json\/wp\/v2\/product_cat?post=6036"},{"taxonomy":"product_tag","embeddable":true,"href":"https:\/\/toprisesafety.com\/es\/wp-json\/wp\/v2\/product_tag?post=6036"}],"curies":[{"name":"wp","href":"https:\/\/api.w.org\/{rel}","templated":true}]}}