{"id":6034,"date":"2018-02-24T05:54:50","date_gmt":"2018-02-24T05:54:50","guid":{"rendered":"https:\/\/toprisesafety.com\/product\/cheap-safety-goggles\/"},"modified":"2025-03-17T04:11:37","modified_gmt":"2025-03-17T04:11:37","slug":"cheap-safety-goggles","status":"publish","type":"product","link":"https:\/\/toprisesafety.com\/es\/producto\/cheap-safety-goggles\/","title":{"rendered":"Gafas de protecci\u00f3n baratas"},"content":{"rendered":"<p><strong><span style=\"font-size: 130%;\">Gafas de protecci\u00f3n baratas <\/span><\/strong><\/p>\n<ul>\n<li style=\"list-style-type: none;\">\n<ul>\n<li data-spm-anchor-id=\"a2700.details.pronpeci14.i1.c44c4e73UcTKsG\">Los dise\u00f1os envolventes ofrecen una protecci\u00f3n superior<\/li>\n<\/ul>\n<\/li>\n<\/ul>\n<ul>\n<li style=\"list-style-type: none;\">\n<ul>\n<li>Modelo econ\u00f3mico de alto impacto y precio econ\u00f3mico<\/li>\n<\/ul>\n<\/li>\n<\/ul>\n<ul>\n<li style=\"list-style-type: none;\">\n<ul>\n<li>C\u00f3modas cintas de nylon ajustables para la cabeza que facilitan un ajuste c\u00f3modo<\/li>\n<\/ul>\n<\/li>\n<\/ul>\n<ul>\n<li style=\"list-style-type: none;\">\n<ul>\n<li>Orificios de ventilaci\u00f3n en ambos lados y en la parte superior<\/li>\n<\/ul>\n<\/li>\n<\/ul>\n<ul>\n<li style=\"list-style-type: none;\">\n<ul>\n<li>Modelo econ\u00f3mico, peso superior a 30g\/pc. La mayor\u00eda del modelo de la econom\u00eda cabe para la construcci\u00f3n, la agricultura, la jardiner\u00eda, la explotaci\u00f3n minera, el etc.<\/li>\n<\/ul>\n<\/li>\n<\/ul>\n<h2><strong>Especificaciones de las gafas de seguridad baratas:<\/strong><\/h2>\n<table>\n<tbody>\n<tr>\n<td width=\"284\">Art No.<\/td>\n<td width=\"284\">SG09<\/td>\n<\/tr>\n<tr>\n<td width=\"284\">Material<\/td>\n<td width=\"284\">Montura y lentes de PVC<\/td>\n<\/tr>\n<tr>\n<td width=\"284\">Funci\u00f3n<\/td>\n<td width=\"284\">Anti-UV, Antirayas, Antivaho a elegir<\/td>\n<\/tr>\n<tr>\n<td width=\"284\">Talla<\/td>\n<td width=\"284\">Talla est\u00e1ndar de adulto<\/td>\n<\/tr>\n<tr>\n<td width=\"284\">Color<\/td>\n<td width=\"284\">Claro<\/td>\n<\/tr>\n<tr>\n<td width=\"284\">Embalaje<\/td>\n<td width=\"284\">Bolsa de polietileno, tarjeta de cabeza, caja bl\u00edster, caja de color, etc.<\/td>\n<\/tr>\n<tr>\n<td width=\"284\">Aplicaci\u00f3n<\/td>\n<td width=\"284\">Construcci\u00f3n, industria, miner\u00eda, agricultura, equitaci\u00f3n, laboratorio, militar, petr\u00f3leo, etc.<\/td>\n<\/tr>\n<\/tbody>\n<\/table>\n<p>TOPRISE admite varios estilos de personalizaci\u00f3n de gafas de seguridad; haga clic para <a href=\"https:\/\/toprisesafety.com\/es\/categoria-producto\/personal-protective-equipment\/eye-protection\/safety-goggles\/\">ver m\u00e1s modelos de gafas de protecci\u00f3n<\/a>.<\/p>\n<p>Si no encuentra las gafas de protecci\u00f3n necesarias, <a href=\"https:\/\/toprisesafety.com\/es\/contact-us\/\">Contacto<\/a>; apoyamos la personalizaci\u00f3n especial.<\/p>\n<p><strong><span style=\"font-size: 200%;\">M\u00e1s gafas de seguridad para elegir:<\/span><\/strong><\/p>\n<figure id=\"attachment_765\" class=\"wp-caption alignnone\" style=\"width: 720px;\" aria-describedby=\"caption-attachment-765\"><a href=\"https:\/\/toprisesafety.com\/es\/producto\/popular-ce-en166-safety-goggles\/\"><img fetchpriority=\"high\" decoding=\"async\" class=\"size-full wp-image-765\" src=\"https:\/\/toprisesafety.com\/wp-content\/uploads\/2024\/08\/SG08-1.jpg\" alt=\"Popular CE EN166 safety goggles\" width=\"720\" height=\"720\" \/><\/a><figcaption id=\"caption-attachment-765\" class=\"wp-caption-text\">Populares gafas de seguridad CE EN166<\/figcaption><\/figure>","protected":false},"excerpt":{"rendered":"<p>N\u00ba Referencia: SG09<\/p>\n<p>Material: Montura de PVC, lente de PVC<\/p>\n<p>Color: Transparente<\/p>\n<p>MOQ: 1000PCS<\/p>","protected":false},"featured_media":6032,"template":"","meta":{"_acf_changed":false},"product_brand":[],"product_cat":[357,358],"product_tag":[268],"class_list":{"0":"post-6034","1":"product","2":"type-product","3":"status-publish","4":"has-post-thumbnail","6":"product_cat-eye-protection","7":"product_cat-safety-goggles","8":"product_tag-cheap-safety-goggles","10":"first","11":"instock","12":"product-type-simple"},"acf":[],"_links":{"self":[{"href":"https:\/\/toprisesafety.com\/es\/wp-json\/wp\/v2\/product\/6034"}],"collection":[{"href":"https:\/\/toprisesafety.com\/es\/wp-json\/wp\/v2\/product"}],"about":[{"href":"https:\/\/toprisesafety.com\/es\/wp-json\/wp\/v2\/types\/product"}],"wp:featuredmedia":[{"embeddable":true,"href":"https:\/\/toprisesafety.com\/es\/wp-json\/wp\/v2\/media\/6032"}],"wp:attachment":[{"href":"https:\/\/toprisesafety.com\/es\/wp-json\/wp\/v2\/media?parent=6034"}],"wp:term":[{"taxonomy":"product_brand","embeddable":true,"href":"https:\/\/toprisesafety.com\/es\/wp-json\/wp\/v2\/product_brand?post=6034"},{"taxonomy":"product_cat","embeddable":true,"href":"https:\/\/toprisesafety.com\/es\/wp-json\/wp\/v2\/product_cat?post=6034"},{"taxonomy":"product_tag","embeddable":true,"href":"https:\/\/toprisesafety.com\/es\/wp-json\/wp\/v2\/product_tag?post=6034"}],"curies":[{"name":"wp","href":"https:\/\/api.w.org\/{rel}","templated":true}]}}