{"id":6020,"date":"2018-02-24T07:57:52","date_gmt":"2018-02-24T07:57:52","guid":{"rendered":"https:\/\/toprisesafety.com\/product\/hot-sale-cheap-earmuff\/"},"modified":"2025-03-24T07:21:56","modified_gmt":"2025-03-24T07:21:56","slug":"hot-sale-cheap-earmuff","status":"publish","type":"product","link":"https:\/\/toprisesafety.com\/es\/producto\/hot-sale-cheap-earmuff\/","title":{"rendered":"Venta caliente orejera barata"},"content":{"rendered":"<p><strong><span style=\"font-size: 140%;\">Venta caliente orejera barata <\/span><\/strong><\/p>\n<ul>\n<li style=\"list-style-type: none;\">\n<ul>\n<li>Laterales de diadema f\u00e1ciles y ajustables para adaptarse a todas las tallas.<\/li>\n<\/ul>\n<\/li>\n<\/ul>\n<ul>\n<li style=\"list-style-type: none;\">\n<ul>\n<li>Suaves almohadillas de PVC para mayor comodidad durante un uso prolongado.<\/li>\n<\/ul>\n<\/li>\n<\/ul>\n<ul>\n<li style=\"list-style-type: none;\">\n<ul>\n<li>\u00a0Ligero y diel\u00e9ctrico.<\/li>\n<\/ul>\n<\/li>\n<\/ul>\n<ul>\n<li style=\"list-style-type: none;\">\n<ul>\n<li>\u00a0Diadema ajustable<\/li>\n<\/ul>\n<\/li>\n<\/ul>\n<ul>\n<li style=\"list-style-type: none;\">\n<ul>\n<li><span data-spm-anchor-id=\"a2700.details.pronpeci14.i1.638d3091mMhoEU\">Noise\u00a0Reduction\u00a0Rating\u00a0of 27 dB<\/span><\/li>\n<\/ul>\n<\/li>\n<\/ul>\n<ul>\n<li style=\"list-style-type: none;\">\n<ul>\n<li>Los amplios cojines de espuma proporcionan una baja presi\u00f3n superficial<\/li>\n<\/ul>\n<\/li>\n<\/ul>\n<ul>\n<li style=\"list-style-type: none;\">\n<ul>\n<li>C\u00f3modo auricular para llevarlo todo el d\u00eda<\/li>\n<\/ul>\n<\/li>\n<\/ul>\n<ul>\n<li style=\"list-style-type: none;\">\n<ul>\n<li>Aplicaciones: Construcci\u00f3n, industria, miner\u00eda, agricultura, jardiner\u00eda, etc.<\/li>\n<\/ul>\n<\/li>\n<\/ul>\n<ul>\n<li style=\"list-style-type: none;\">\n<ul>\n<li>Embalaje: bolsa de polietileno habitual, embalaje especial de apoyo como tarjeta de cabeza, caja bl\u00edster, etc.<\/li>\n<\/ul>\n<\/li>\n<\/ul>\n<h2><strong>Venta caliente orejera barata\u00a0<\/strong><\/h2>\n<table>\n<tbody>\n<tr>\n<td width=\"284\">Art No.<\/td>\n<td width=\"284\">EM01<\/td>\n<\/tr>\n<tr>\n<td width=\"284\">Material<\/td>\n<td width=\"284\">PP\u00a0 cup and headband, black PVC leather with high density foam filter<\/td>\n<\/tr>\n<tr>\n<td width=\"284\">Color<\/td>\n<td width=\"284\">Red\/Black<\/td>\n<\/tr>\n<tr>\n<td width=\"284\">SNR<\/td>\n<td width=\"284\">27 dB<\/td>\n<\/tr>\n<tr>\n<td width=\"284\">\u00c1rea utilizada<\/td>\n<td width=\"284\">Construction, industrial, mining etc.<\/td>\n<\/tr>\n<tr>\n<td width=\"284\">Embalaje<\/td>\n<td width=\"284\">1PC\/opp bag, 50PCS\/CTN<\/td>\n<\/tr>\n<tr>\n<td width=\"284\">Tama\u00f1o de la caja<\/td>\n<td width=\"284\">59*40*39CM<\/td>\n<\/tr>\n<tr>\n<td width=\"284\">N\/G.W<\/td>\n<td width=\"284\">6\/7.5 KGS<\/td>\n<\/tr>\n<tr>\n<td width=\"284\">MOQ<\/td>\n<td width=\"284\">1000PCS<\/td>\n<\/tr>\n<\/tbody>\n<\/table>\n<p>TOPRISE admite varios estilos de personalizaci\u00f3n de orejeras y tapones para los o\u00eddos; haga clic para <a href=\"https:\/\/toprisesafety.com\/es\/categoria-producto\/personal-protective-equipment\/ear-protection\/earmuff-earplug\/\">ver m\u00e1s modelos de orejeras y tapones.<\/a><\/p>\n<p>Si no encuentra las orejeras y tapones que necesita,<a href=\"https:\/\/toprisesafety.com\/es\/contact-us\/\"> Contacto<\/a>; apoyamos la personalizaci\u00f3n especial.<\/p>","protected":false},"excerpt":{"rendered":"<p>Art No. : EM01<\/p>\n<p>Color: Red\/Black<\/p>\n<p>SNR: 27dB<\/p>\n<p>Material:\u00a0PP\u00a0 cup and headband, black PVC leather with high density foam filter<\/p>\n<p>MOQ: 1000 PCS<\/p>","protected":false},"featured_media":6021,"template":"","meta":{"_acf_changed":false},"product_brand":[],"product_cat":[354,355],"product_tag":[259],"class_list":{"0":"post-6020","1":"product","2":"type-product","3":"status-publish","4":"has-post-thumbnail","6":"product_cat-ear-protection","7":"product_cat-earmuff-earplug","8":"product_tag-hot-sale-cheap-earmuff","10":"first","11":"instock","12":"product-type-simple"},"acf":[],"_links":{"self":[{"href":"https:\/\/toprisesafety.com\/es\/wp-json\/wp\/v2\/product\/6020","targetHints":{"allow":["GET"]}}],"collection":[{"href":"https:\/\/toprisesafety.com\/es\/wp-json\/wp\/v2\/product"}],"about":[{"href":"https:\/\/toprisesafety.com\/es\/wp-json\/wp\/v2\/types\/product"}],"wp:featuredmedia":[{"embeddable":true,"href":"https:\/\/toprisesafety.com\/es\/wp-json\/wp\/v2\/media\/6021"}],"wp:attachment":[{"href":"https:\/\/toprisesafety.com\/es\/wp-json\/wp\/v2\/media?parent=6020"}],"wp:term":[{"taxonomy":"product_brand","embeddable":true,"href":"https:\/\/toprisesafety.com\/es\/wp-json\/wp\/v2\/product_brand?post=6020"},{"taxonomy":"product_cat","embeddable":true,"href":"https:\/\/toprisesafety.com\/es\/wp-json\/wp\/v2\/product_cat?post=6020"},{"taxonomy":"product_tag","embeddable":true,"href":"https:\/\/toprisesafety.com\/es\/wp-json\/wp\/v2\/product_tag?post=6020"}],"curies":[{"name":"wp","href":"https:\/\/api.w.org\/{rel}","templated":true}]}}