{"id":6014,"date":"2018-02-24T08:28:08","date_gmt":"2018-02-24T08:28:08","guid":{"rendered":"https:\/\/toprisesafety.com\/product\/hot-sale-ce-standard-safety-earmuff\/"},"modified":"2025-03-24T07:20:47","modified_gmt":"2025-03-24T07:20:47","slug":"hot-sale-ce-standard-safety-earmuff","status":"publish","type":"product","link":"https:\/\/toprisesafety.com\/es\/producto\/hot-sale-ce-standard-safety-earmuff\/","title":{"rendered":"Nueva venta caliente Orejera de seguridad con norma CE"},"content":{"rendered":"<p><strong><span style=\"font-size: 140%;\">Nueva venta caliente Orejera de seguridad con norma CE<\/span><\/strong><\/p>\n<ul>\n<li style=\"list-style-type: none;\">\n<ul>\n<li>Copa y diadema de ABS, interior de esponja de alta densidad, cuero artificial .<\/li>\n<\/ul>\n<\/li>\n<\/ul>\n<ul>\n<li style=\"list-style-type: none;\">\n<ul>\n<li>Dise\u00f1o de doble capa, mayor protecci\u00f3n contra el ruido .<\/li>\n<\/ul>\n<\/li>\n<\/ul>\n<ul>\n<li style=\"list-style-type: none;\">\n<ul>\n<li>Laterales de diadema f\u00e1ciles y ajustables para adaptarse a todas las tallas.<\/li>\n<\/ul>\n<\/li>\n<\/ul>\n<ul>\n<li style=\"list-style-type: none;\">\n<ul>\n<li>\u00a0Ligero y diel\u00e9ctrico.<\/li>\n<\/ul>\n<\/li>\n<\/ul>\n<ul>\n<li style=\"list-style-type: none;\">\n<ul>\n<li>\u00a0Diadema ajustable<\/li>\n<\/ul>\n<\/li>\n<\/ul>\n<ul>\n<li style=\"list-style-type: none;\">\n<ul>\n<li><span data-spm-anchor-id=\"a2700.details.pronpeci14.i1.638d3091mMhoEU\">\u00cdndice de reducci\u00f3n de ruido de 31 dB (SNR)<\/span><\/li>\n<\/ul>\n<\/li>\n<\/ul>\n<ul>\n<li style=\"list-style-type: none;\">\n<ul>\n<li>Los amplios cojines de espuma proporcionan una baja presi\u00f3n superficial<\/li>\n<\/ul>\n<\/li>\n<\/ul>\n<ul>\n<li style=\"list-style-type: none;\">\n<ul>\n<li>C\u00f3modo auricular para llevarlo todo el d\u00eda<\/li>\n<\/ul>\n<\/li>\n<\/ul>\n<ul>\n<li style=\"list-style-type: none;\">\n<ul>\n<li>Aplicaciones: Construcci\u00f3n, industria, miner\u00eda, agricultura, jardiner\u00eda, etc.<\/li>\n<\/ul>\n<\/li>\n<\/ul>\n<ul>\n<li style=\"list-style-type: none;\">\n<ul>\n<li>Embalaje: bolsa de polietileno habitual, embalaje especial de apoyo como tarjeta de cabeza, caja bl\u00edster, etc.<\/li>\n<\/ul>\n<\/li>\n<\/ul>\n<ul>\n<li style=\"list-style-type: none;\">\n<ul>\n<li>Logotipo del cliente disponible<\/li>\n<\/ul>\n<\/li>\n<\/ul>\n<h2><strong>Nueva venta caliente Orejera de seguridad con norma CE\u00a0<\/strong><\/h2>\n<table>\n<tbody>\n<tr>\n<td width=\"284\">Art No.<\/td>\n<td width=\"284\">EM03<\/td>\n<\/tr>\n<tr>\n<td width=\"284\">Material<\/td>\n<td width=\"284\">Copa y diadema de ABS, interior de esponja de alta densidad, cuero artificial<\/td>\n<\/tr>\n<tr>\n<td width=\"284\">Color<\/td>\n<td width=\"284\">Rojo, verde fluorescente, amarillo, etc.<\/td>\n<\/tr>\n<tr>\n<td width=\"284\">SNR<\/td>\n<td width=\"284\">31 dB<\/td>\n<\/tr>\n<tr>\n<td width=\"284\">Norma de calidad<\/td>\n<td width=\"284\">CE EN352-1 (31 dB) , ANSI S3.19 (27 dB) , AS\/NZS clase5 32,2 dB<\/td>\n<\/tr>\n<tr>\n<td width=\"284\">Embalaje<\/td>\n<td width=\"284\">1PC\/opp bolsa, 20PCS\/CTN<\/td>\n<\/tr>\n<tr>\n<td width=\"284\">Tama\u00f1o de la caja<\/td>\n<td width=\"284\">50.5*30*40.5CM<\/td>\n<\/tr>\n<tr>\n<td width=\"284\">N\/G.W<\/td>\n<td width=\"284\">10\/11 KGS<\/td>\n<\/tr>\n<tr>\n<td width=\"284\">MOQ<\/td>\n<td width=\"284\">1000PCS<\/td>\n<\/tr>\n<\/tbody>\n<\/table>\n<p>TOPRISE admite varios estilos de personalizaci\u00f3n de orejeras y tapones para los o\u00eddos; haga clic para <a href=\"https:\/\/toprisesafety.com\/es\/categoria-producto\/personal-protective-equipment\/ear-protection\/earmuff-earplug\/\">ver m\u00e1s modelos de orejeras y tapones.<\/a><\/p>\n<p>Si no encuentra las orejeras y tapones que necesita,<a href=\"https:\/\/toprisesafety.com\/es\/contact-us\/\"> Contacto<\/a>; apoyamos la personalizaci\u00f3n especial.<\/p>","protected":false},"excerpt":{"rendered":"<p>N\u00ba Referencia: EM03<\/p>\n<p>Material: Copa y diadema de ABS, interior de esponja de alta densidad, cuero artificial<\/p>\n<p>Color: rojo, verde fluorescente, amarillo, etc.<\/p>\n<p>SNR: 31 dB<\/p>\n<p>Norma de calidad: CE EN352-1 (28 dB) , ANSI S3.19 (23 dB) , AS\/NZS clase5 29,5 dB<\/p>\n<p>MOQ: 1000PCS<\/p>","protected":false},"featured_media":6015,"template":"","meta":{"_acf_changed":false},"product_brand":[],"product_cat":[354,355],"product_tag":[257],"class_list":{"0":"post-6014","1":"product","2":"type-product","3":"status-publish","4":"has-post-thumbnail","6":"product_cat-ear-protection","7":"product_cat-earmuff-earplug","8":"product_tag-hot-sale-ce-standard-earmuff-ansi-as-nzs","10":"first","11":"instock","12":"product-type-simple"},"acf":[],"_links":{"self":[{"href":"https:\/\/toprisesafety.com\/es\/wp-json\/wp\/v2\/product\/6014","targetHints":{"allow":["GET"]}}],"collection":[{"href":"https:\/\/toprisesafety.com\/es\/wp-json\/wp\/v2\/product"}],"about":[{"href":"https:\/\/toprisesafety.com\/es\/wp-json\/wp\/v2\/types\/product"}],"wp:featuredmedia":[{"embeddable":true,"href":"https:\/\/toprisesafety.com\/es\/wp-json\/wp\/v2\/media\/6015"}],"wp:attachment":[{"href":"https:\/\/toprisesafety.com\/es\/wp-json\/wp\/v2\/media?parent=6014"}],"wp:term":[{"taxonomy":"product_brand","embeddable":true,"href":"https:\/\/toprisesafety.com\/es\/wp-json\/wp\/v2\/product_brand?post=6014"},{"taxonomy":"product_cat","embeddable":true,"href":"https:\/\/toprisesafety.com\/es\/wp-json\/wp\/v2\/product_cat?post=6014"},{"taxonomy":"product_tag","embeddable":true,"href":"https:\/\/toprisesafety.com\/es\/wp-json\/wp\/v2\/product_tag?post=6014"}],"curies":[{"name":"wp","href":"https:\/\/api.w.org\/{rel}","templated":true}]}}