{"id":6013,"date":"2018-02-25T03:41:28","date_gmt":"2018-02-25T03:41:28","guid":{"rendered":"https:\/\/toprisesafety.com\/product\/disposable-respirator-single-layer-respirator-dust-mask\/"},"modified":"2025-04-17T07:46:07","modified_gmt":"2025-04-17T07:46:07","slug":"disposable-respirator-single-layer-respirator-dust-mask","status":"publish","type":"product","link":"https:\/\/toprisesafety.com\/es\/producto\/disposable-respirator-single-layer-respirator-dust-mask\/","title":{"rendered":"Respirador desechable"},"content":{"rendered":"<p><strong><span style=\"font-size: 140%;\">Respirador desechable\u00a0<\/span><\/strong><\/p>\n<ul>\n<li style=\"list-style-type: none;\">\n<ul>\n<li>De polipropileno soplado fundido, de una sola capa<\/li>\n<\/ul>\n<\/li>\n<\/ul>\n<ul>\n<li style=\"list-style-type: none;\">\n<ul>\n<li>Respirador se usa durante el mes y el ruido para proteger contra el polvo utilizado para la construcci\u00f3n, limpieza, fabricaci\u00f3n de alimentos y bebidas, la producci\u00f3n y fabricaci\u00f3n de metales, mantenimiento militar, reparaci\u00f3n y operaci\u00f3n, miner\u00eda, petr\u00f3leo y gas, farmac\u00e9utica, transporte, jardiner\u00eda, etc.  Tambi\u00e9n m\u00e1scara contra el polvo puede proteger bien contra los al\u00e9rgenos.<\/li>\n<\/ul>\n<\/li>\n<\/ul>\n<ul>\n<li style=\"list-style-type: none;\">\n<ul>\n<li>Este respirador tiene dos correas detr\u00e1s de la cabeza (una superior y una inferior) y una tira de aluminio en el exterior a trav\u00e9s del puente de la nariz que puede ser ayuda para el ajuste del usuario.<\/li>\n<\/ul>\n<\/li>\n<\/ul>\n<h2><strong>Especificaci\u00f3n del respirador desechable:\u00a0<\/strong><\/h2>\n<table>\n<tbody>\n<tr>\n<td width=\"284\">Art No.<\/td>\n<td width=\"284\">DM01<\/td>\n<\/tr>\n<tr>\n<td width=\"284\">Material<\/td>\n<td width=\"284\">Polipropileno soplado<\/td>\n<\/tr>\n<tr>\n<td width=\"284\">Capa<\/td>\n<td width=\"284\">Simple<\/td>\n<\/tr>\n<tr>\n<td width=\"284\">Peso<\/td>\n<td width=\"284\">200G\/SQM<\/td>\n<\/tr>\n<tr>\n<td width=\"284\">Embalaje<\/td>\n<td width=\"284\">50PCS\/CAJA, 1000PCS\/CTN<\/td>\n<\/tr>\n<tr>\n<td width=\"284\">Tama\u00f1o de la caja<\/td>\n<td width=\"284\">58.5*24*28CM<\/td>\n<\/tr>\n<tr>\n<td width=\"284\">N\/G.W<\/td>\n<td width=\"284\">4\/5KGS<\/td>\n<\/tr>\n<\/tbody>\n<\/table>","protected":false},"excerpt":{"rendered":"<p>N\u00ba de art\u00edculo :DM01<\/p>\n<p>Material: Polipropileno fundido<\/p>\n<p>Cant: 50PCS\/CAJA<\/p>\n<p>Peso: 200G\/SQM<\/p>\n<p>MOQ: 1000BOX<\/p>","protected":false},"featured_media":5997,"template":"","meta":{"_acf_changed":false},"product_brand":[],"product_cat":[352,351],"product_tag":[253],"class_list":{"0":"post-6013","1":"product","2":"type-product","3":"status-publish","4":"has-post-thumbnail","6":"product_cat-dust-mask-chemical-mask","7":"product_cat-respiratory-protection","8":"product_tag-disposable-respirator-single-layer-respirator","10":"first","11":"instock","12":"product-type-simple"},"acf":[],"_links":{"self":[{"href":"https:\/\/toprisesafety.com\/es\/wp-json\/wp\/v2\/product\/6013","targetHints":{"allow":["GET"]}}],"collection":[{"href":"https:\/\/toprisesafety.com\/es\/wp-json\/wp\/v2\/product"}],"about":[{"href":"https:\/\/toprisesafety.com\/es\/wp-json\/wp\/v2\/types\/product"}],"wp:featuredmedia":[{"embeddable":true,"href":"https:\/\/toprisesafety.com\/es\/wp-json\/wp\/v2\/media\/5997"}],"wp:attachment":[{"href":"https:\/\/toprisesafety.com\/es\/wp-json\/wp\/v2\/media?parent=6013"}],"wp:term":[{"taxonomy":"product_brand","embeddable":true,"href":"https:\/\/toprisesafety.com\/es\/wp-json\/wp\/v2\/product_brand?post=6013"},{"taxonomy":"product_cat","embeddable":true,"href":"https:\/\/toprisesafety.com\/es\/wp-json\/wp\/v2\/product_cat?post=6013"},{"taxonomy":"product_tag","embeddable":true,"href":"https:\/\/toprisesafety.com\/es\/wp-json\/wp\/v2\/product_tag?post=6013"}],"curies":[{"name":"wp","href":"https:\/\/api.w.org\/{rel}","templated":true}]}}