{"id":6008,"date":"2018-02-25T04:09:55","date_gmt":"2018-02-25T04:09:55","guid":{"rendered":"https:\/\/toprisesafety.com\/product\/ce-standard-cup-mask-dust-respirator\/"},"modified":"2025-04-17T07:45:46","modified_gmt":"2025-04-17T07:45:46","slug":"ce-standard-cup-mask-dust-respirator","status":"publish","type":"product","link":"https:\/\/toprisesafety.com\/es\/producto\/ce-standard-cup-mask-dust-respirator\/","title":{"rendered":"Mascarilla de respiraci\u00f3n antipolvo de copa con norma CE"},"content":{"rendered":"<p><strong><span style=\"font-size: 140%;\">Mascarilla de respiraci\u00f3n antipolvo de copa con norma CE<\/span><\/strong><\/p>\n<ul>\n<li style=\"list-style-type: none;\">\n<ul>\n<li>M\u00e1scara antipolvo se usa durante el mes y el ruido para proteger contra el polvo utilizado para la construcci\u00f3n, limpieza, fabricaci\u00f3n de alimentos y bebidas, la producci\u00f3n y fabricaci\u00f3n de metales, mantenimiento militar, reparaci\u00f3n y operaci\u00f3n ,miner\u00eda, petr\u00f3leo y gas, farmac\u00e9utica, transporte, jardiner\u00eda, etc.<\/li>\n<\/ul>\n<\/li>\n<\/ul>\n<ul>\n<li style=\"list-style-type: none;\">\n<ul>\n<li>Protege bien contra los al\u00e9rgenos .<\/li>\n<\/ul>\n<\/li>\n<\/ul>\n<ul>\n<li style=\"list-style-type: none;\">\n<ul>\n<li>Dos correas detr\u00e1s de la cabeza (una superior y otra inferior)<\/li>\n<\/ul>\n<\/li>\n<\/ul>\n<ul>\n<li style=\"list-style-type: none;\">\n<ul>\n<li>Una tira de aluminio en el exterior a trav\u00e9s del puente de la nariz que puede ser ayuda para el ajuste del usuario.<\/li>\n<\/ul>\n<\/li>\n<\/ul>\n<ul>\n<li style=\"list-style-type: none;\">\n<ul>\n<li>Una tira de espuma en el interior a trav\u00e9s del puente de la nariz para asegurar un buen sellado incluso si el aluminio del exterior no encaja.<\/li>\n<\/ul>\n<\/li>\n<\/ul>\n<ul>\n<li style=\"list-style-type: none;\">\n<ul>\n<li>Las m\u00e1scaras antipolvo tienen dos normas de calidad principales: la CE europea y la N95.\/N99\/N100 americana.<\/li>\n<\/ul>\n<\/li>\n<\/ul>\n<ul>\n<li style=\"list-style-type: none;\">\n<ul>\n<li>La norma CE de Europa tambi\u00e9n tiene los estilos FFP1, FFP2, FFP3.<\/li>\n<\/ul>\n<\/li>\n<\/ul>\n<ul>\n<li style=\"list-style-type: none;\">\n<ul>\n<li>\u00a0Diferentes dise\u00f1os con o sin carbono, con o sin v\u00e1lvula.  M\u00e1scara de polvo de carb\u00f3n activo puede proteger bien contra el mal olor durante el trabajo de pintura.<\/li>\n<\/ul>\n<\/li>\n<\/ul>\n<table>\n<tbody>\n<tr>\n<td width=\"118\"><strong><b>Est\u00e1ndar<\/b><\/strong><\/td>\n<td width=\"126\"><strong><b>Penetraci\u00f3n<\/b><\/strong><\/td>\n<td width=\"153\"><strong><b>Tasa de captura<\/b><\/strong><\/td>\n<td width=\"128\"><strong><b>Resistente<\/b><\/strong><\/td>\n<\/tr>\n<tr>\n<td width=\"118\">FFP1<\/td>\n<td width=\"126\">20%<\/td>\n<td width=\"153\">\u226580%<\/td>\n<td width=\"128\">21mm H2O<\/td>\n<\/tr>\n<tr>\n<td width=\"118\">FFP2<\/td>\n<td width=\"126\">6%<\/td>\n<td width=\"153\">\u226594%<\/td>\n<td width=\"128\">24mm H2O<\/td>\n<\/tr>\n<tr>\n<td width=\"118\">FFP3<\/td>\n<td width=\"126\">1%<\/td>\n<td width=\"153\">\u226599%<\/td>\n<td width=\"128\">30 mm H2O<\/td>\n<\/tr>\n<tr>\n<td width=\"118\">N95<\/td>\n<td width=\"126\">5%<\/td>\n<td width=\"153\">\u226595%<\/td>\n<td width=\"128\">35mm H2O<\/td>\n<\/tr>\n<tr>\n<td width=\"118\">N99<\/td>\n<td width=\"126\">1%<\/td>\n<td width=\"153\">\u226599%<\/td>\n<td width=\"128\">35mm H2O<\/td>\n<\/tr>\n<tr>\n<td width=\"118\">N100<\/td>\n<td width=\"126\">0.03%<\/td>\n<td width=\"153\">\u226599.7%<\/td>\n<td width=\"128\">53 mm H2O<\/td>\n<\/tr>\n<\/tbody>\n<\/table>\n<p>&nbsp;<\/p>\n<h2><strong>Especificaciones de la m\u00e1scara de copa seg\u00fan la norma CE<\/strong><\/h2>\n<table>\n<tbody>\n<tr>\n<td width=\"113\">Art No.<\/td>\n<td width=\"113\">DM02<\/td>\n<td width=\"113\">DM02V<\/td>\n<td width=\"113\">DM02-C<\/td>\n<td width=\"113\">DM02V-C<\/td>\n<\/tr>\n<tr>\n<td width=\"113\">Estilo<\/td>\n<td width=\"113\">M\u00e1scara antipolvo<\/td>\n<td width=\"113\">M\u00e1scara antipolvo con v\u00e1lvula<\/td>\n<td width=\"113\">M\u00e1scara antipolvo de carbono activo<\/td>\n<td width=\"113\">Mascarilla antipolvo con v\u00e1lvula de carbono activo<\/td>\n<\/tr>\n<tr>\n<td width=\"113\">Material<\/td>\n<td colspan=\"5\" width=\"454\">Tela no tejida PP<\/td>\n<\/tr>\n<tr>\n<td width=\"113\">Est\u00e1ndar<\/td>\n<td colspan=\"5\" width=\"454\">FFP1, FFP2, FFP3 a elegir<\/td>\n<\/tr>\n<tr>\n<td width=\"113\">Embalaje<\/td>\n<td width=\"113\">20 UNIDADES\/CAJA<\/td>\n<td width=\"113\">15 UNIDADES\/CAJA<\/td>\n<td width=\"113\">20 UNIDADES\/CAJA<\/td>\n<td width=\"113\">15 UNIDADES\/CAJA<\/td>\n<\/tr>\n<tr>\n<td width=\"113\">Logotipo<\/td>\n<td colspan=\"5\" width=\"454\">Posibilidad de imprimir el logotipo del cliente a un color en la m\u00e1scara<\/td>\n<\/tr>\n<tr>\n<td width=\"113\">MOQ<\/td>\n<td width=\"113\">10000PCS<\/td>\n<td width=\"113\">9000PCS<\/td>\n<td width=\"113\">10000PCS<\/td>\n<td width=\"113\">9000PCS<\/td>\n<\/tr>\n<\/tbody>\n<\/table>\n<p><img fetchpriority=\"high\" decoding=\"async\" class=\"size-full wp-image-811\" src=\"https:\/\/toprisesafety.com\/wp-content\/uploads\/2024\/08\/STEP-OF-HOW-TO-WEAR-MASK_\u526f\u672c.jpg\" alt=\"STEP OF HOW TO WEAR MASK\" width=\"600\" height=\"600\" \/><\/p>\n<p><img decoding=\"async\" class=\"size-full wp-image-813\" src=\"https:\/\/toprisesafety.com\/wp-content\/uploads\/2024\/08\/DUST-MASK-PRODUCTION-PROCESS.jpg\" alt=\"DUST MASK PRODUCTION PROCESS\" width=\"748\" height=\"576\" \/><\/p>","protected":false},"excerpt":{"rendered":"<p>N\u00ba Referencia: DM02\/DM02V\/DM02-C\/DM02V-C<\/p>\n<p>Material: Tela no tejida PP<\/p>\n<p>Nivel de calidad : CE FFP1\/FFP2\/FFP3<\/p>\n<p>Embalaje: 15\/20PCS\/BOX<\/p>\n<p>CANTIDAD: 9000\/10000 UNIDADES<\/p>","protected":false},"featured_media":6009,"template":"","meta":{"_acf_changed":false},"product_brand":[],"product_cat":[352,351],"product_tag":[],"class_list":{"0":"post-6008","1":"product","2":"type-product","3":"status-publish","4":"has-post-thumbnail","6":"product_cat-dust-mask-chemical-mask","7":"product_cat-respiratory-protection","9":"first","10":"instock","11":"product-type-simple"},"acf":[],"_links":{"self":[{"href":"https:\/\/toprisesafety.com\/es\/wp-json\/wp\/v2\/product\/6008","targetHints":{"allow":["GET"]}}],"collection":[{"href":"https:\/\/toprisesafety.com\/es\/wp-json\/wp\/v2\/product"}],"about":[{"href":"https:\/\/toprisesafety.com\/es\/wp-json\/wp\/v2\/types\/product"}],"wp:featuredmedia":[{"embeddable":true,"href":"https:\/\/toprisesafety.com\/es\/wp-json\/wp\/v2\/media\/6009"}],"wp:attachment":[{"href":"https:\/\/toprisesafety.com\/es\/wp-json\/wp\/v2\/media?parent=6008"}],"wp:term":[{"taxonomy":"product_brand","embeddable":true,"href":"https:\/\/toprisesafety.com\/es\/wp-json\/wp\/v2\/product_brand?post=6008"},{"taxonomy":"product_cat","embeddable":true,"href":"https:\/\/toprisesafety.com\/es\/wp-json\/wp\/v2\/product_cat?post=6008"},{"taxonomy":"product_tag","embeddable":true,"href":"https:\/\/toprisesafety.com\/es\/wp-json\/wp\/v2\/product_tag?post=6008"}],"curies":[{"name":"wp","href":"https:\/\/api.w.org\/{rel}","templated":true}]}}