{"id":5996,"date":"2018-02-25T04:50:58","date_gmt":"2018-02-25T04:50:58","guid":{"rendered":"https:\/\/toprisesafety.com\/product\/plastic-dust-mask\/"},"modified":"2025-04-17T07:44:20","modified_gmt":"2025-04-17T07:44:20","slug":"plastic-dust-mask","status":"publish","type":"product","link":"https:\/\/toprisesafety.com\/es\/producto\/plastic-dust-mask\/","title":{"rendered":"M\u00e1scara antipolvo de pl\u00e1stico"},"content":{"rendered":"<p><strong><span style=\"font-size: 140%;\">M\u00e1scara antipolvo de pl\u00e1stico<\/span><\/strong><\/p>\n<p>M\u00e1scara antipolvo se usa durante el mes y el ruido para proteger contra el polvo utilizado para la construcci\u00f3n, limpieza, fabricaci\u00f3n de alimentos y bebidas, la producci\u00f3n y fabricaci\u00f3n de metales, mantenimiento militar, reparaci\u00f3n y operaci\u00f3n ,miner\u00eda, petr\u00f3leo y gas, farmac\u00e9utica, transporte, jardiner\u00eda, etc.<\/p>\n<ul>\n<li style=\"list-style-type: none;\">\n<ul>\n<li data-spm-anchor-id=\"a2700.details.pronpeci14.i1.55812793mDQ3y1\"><span data-spm-anchor-id=\"a2700.details.pronpeci14.i3.55812793mDQ3y1\">Material de la carcasa: pl\u00e1stico<\/span><\/li>\n<\/ul>\n<\/li>\n<\/ul>\n<ul>\n<li style=\"list-style-type: none;\">\n<ul>\n<li data-spm-anchor-id=\"a2700.details.pronpeci14.i1.55812793mDQ3y1\"><span data-spm-anchor-id=\"a2700.details.pronpeci14.i3.55812793mDQ3y1\">Color del caparaz\u00f3n: azul, amarillo, etc.\u00a0<\/span><\/li>\n<\/ul>\n<\/li>\n<\/ul>\n<ul>\n<li style=\"list-style-type: none;\">\n<ul>\n<li data-spm-anchor-id=\"a2700.details.pronpeci14.i1.55812793mDQ3y1\"><span data-spm-anchor-id=\"a2700.details.pronpeci14.i3.55812793mDQ3y1\">Filtro: no tejido, se puede repetir su uso cambiando el filtro\u00a0<\/span><\/li>\n<\/ul>\n<\/li>\n<\/ul>\n<ul>\n<li style=\"list-style-type: none;\">\n<ul>\n<li data-spm-anchor-id=\"a2700.details.pronpeci14.i1.55812793mDQ3y1\"><span data-spm-anchor-id=\"a2700.details.pronpeci14.i3.55812793mDQ3y1\">Correa el\u00e1stica, talla \u00fanica\u00a0<\/span><\/li>\n<\/ul>\n<\/li>\n<\/ul>\n<ul>\n<li style=\"list-style-type: none;\">\n<ul>\n<li data-spm-anchor-id=\"a2700.details.pronpeci14.i1.55812793mDQ3y1\"><span data-spm-anchor-id=\"a2700.details.pronpeci14.i3.55812793mDQ3y1\">Embalaje: bolsa de polietileno, tarjeta de cabeza, tarjeta bl\u00edster, etc. <\/span><\/li>\n<\/ul>\n<\/li>\n<\/ul>\n<ul>\n<li style=\"list-style-type: none;\">\n<ul>\n<li data-spm-anchor-id=\"a2700.details.pronpeci14.i1.55812793mDQ3y1\"><span data-spm-anchor-id=\"a2700.details.pronpeci14.i3.55812793mDQ3y1\">Modelo barato\u00a0<\/span><\/li>\n<\/ul>\n<\/li>\n<\/ul>\n<ul>\n<li style=\"list-style-type: none;\">\n<ul>\n<li data-spm-anchor-id=\"a2700.details.pronpeci14.i1.55812793mDQ3y1\">\u00c1rea utilizada para la construcci\u00f3n, producci\u00f3n de metal, fabricaci\u00f3n, reparaci\u00f3n y operaci\u00f3n, jardiner\u00eda, transporte, etc.<\/li>\n<\/ul>\n<\/li>\n<\/ul>\n<ul>\n<li style=\"list-style-type: none;\">\n<ul>\n<li data-spm-anchor-id=\"a2700.details.pronpeci14.i1.55812793mDQ3y1\">Fuction: a prueba de polvo<\/li>\n<\/ul>\n<\/li>\n<\/ul>\n<h2><strong>M\u00e1scara antipolvo de pl\u00e1stico\u00a0<\/strong><\/h2>\n<table>\n<tbody>\n<tr>\n<td width=\"284\">Art No.<\/td>\n<td width=\"284\">DM05<\/td>\n<\/tr>\n<tr>\n<td width=\"284\">Material<\/td>\n<td width=\"284\">Pl\u00e1stico<\/td>\n<\/tr>\n<tr>\n<td width=\"284\">Color<\/td>\n<td width=\"284\">Azul, amarillo, etc.<\/td>\n<\/tr>\n<tr>\n<td width=\"284\">Funci\u00f3n<\/td>\n<td width=\"284\">Antipolvo<\/td>\n<\/tr>\n<tr>\n<td width=\"284\">Embalaje<\/td>\n<td width=\"284\">Bolsa de polietileno, tarjeta de cabeza, bl\u00edster, etc.<\/td>\n<\/tr>\n<tr>\n<td width=\"284\">MOQ<\/td>\n<td width=\"284\">2000PCS<\/td>\n<\/tr>\n<tr>\n<td width=\"284\">Aplicaci\u00f3n<\/td>\n<td width=\"284\">Construcci\u00f3n, producci\u00f3n y fabricaci\u00f3n de metales, reparaci\u00f3n y explotaci\u00f3n, jardiner\u00eda, etc.<\/td>\n<\/tr>\n<\/tbody>\n<\/table>\n<p><strong><span style=\"font-size: 200%;\">Otra m\u00e1scara barata para elegir:<\/span><\/strong><\/p>\n<p><a href=\"https:\/\/toprisesafety.com\/es\/producto\/disposable-respirator-single-layer-respirator-dust-mask\/\"><img fetchpriority=\"high\" decoding=\"async\" class=\"size-full wp-image-804\" src=\"https:\/\/toprisesafety.com\/wp-content\/uploads\/2024\/08\/DM01.jpg\" alt=\"Disposable respirator\" width=\"500\" height=\"500\" \/><\/a><\/p>","protected":false},"excerpt":{"rendered":"<p>N\u00ba de art\u00edculo DM05<\/p>\n<p>Material: Pl\u00e1stico<\/p>\n<p>Color: azul, amarillo, etc.<\/p>\n<p>MOQ: 2000PCS<\/p>","protected":false},"featured_media":5998,"template":"","meta":{"_acf_changed":false},"product_brand":[],"product_cat":[352,351],"product_tag":[250],"class_list":{"0":"post-5996","1":"product","2":"type-product","3":"status-publish","4":"has-post-thumbnail","6":"product_cat-dust-mask-chemical-mask","7":"product_cat-respiratory-protection","8":"product_tag-plastic-dust-mask","10":"first","11":"instock","12":"product-type-simple"},"acf":[],"_links":{"self":[{"href":"https:\/\/toprisesafety.com\/es\/wp-json\/wp\/v2\/product\/5996"}],"collection":[{"href":"https:\/\/toprisesafety.com\/es\/wp-json\/wp\/v2\/product"}],"about":[{"href":"https:\/\/toprisesafety.com\/es\/wp-json\/wp\/v2\/types\/product"}],"wp:featuredmedia":[{"embeddable":true,"href":"https:\/\/toprisesafety.com\/es\/wp-json\/wp\/v2\/media\/5998"}],"wp:attachment":[{"href":"https:\/\/toprisesafety.com\/es\/wp-json\/wp\/v2\/media?parent=5996"}],"wp:term":[{"taxonomy":"product_brand","embeddable":true,"href":"https:\/\/toprisesafety.com\/es\/wp-json\/wp\/v2\/product_brand?post=5996"},{"taxonomy":"product_cat","embeddable":true,"href":"https:\/\/toprisesafety.com\/es\/wp-json\/wp\/v2\/product_cat?post=5996"},{"taxonomy":"product_tag","embeddable":true,"href":"https:\/\/toprisesafety.com\/es\/wp-json\/wp\/v2\/product_tag?post=5996"}],"curies":[{"name":"wp","href":"https:\/\/api.w.org\/{rel}","templated":true}]}}