{"id":5988,"date":"2018-02-25T05:35:38","date_gmt":"2018-02-25T05:35:38","guid":{"rendered":"https:\/\/toprisesafety.com\/product\/half-face-chemical-mask\/"},"modified":"2024-11-11T08:03:37","modified_gmt":"2024-11-11T08:03:37","slug":"half-face-chemical-mask","status":"publish","type":"product","link":"https:\/\/toprisesafety.com\/es\/producto\/half-face-chemical-mask\/","title":{"rendered":"Mascarilla qu\u00edmica de media cara con cartucho reemplazable"},"content":{"rendered":"<p><strong><span style=\"font-size: 140%;\">Mascarilla qu\u00edmica de media cara con cartucho reemplazable<\/span><\/strong><\/p>\n<ul>\n<li style=\"list-style-type: none;\">\n<ul>\n<li data-spm-anchor-id=\"a2700.details.pronpeci14.i1.4a013f8bCLAWS0\">Especial para ergonom\u00eda, inocuidad, aireaci\u00f3n y flexibilidad<\/li>\n<\/ul>\n<\/li>\n<\/ul>\n<ul>\n<li style=\"list-style-type: none;\">\n<ul>\n<li data-spm-anchor-id=\"a2700.details.pronpeci14.i1.4a013f8bCLAWS0\">\u00a0Puede proteger eficazmente a las personas de los da\u00f1os de los metales no ferrosos, metales pesados y amianto cuando se pulverizan humos, pintura, polvo, miner\u00eda y otras excavaciones subterr\u00e1neas para la industria de la construcci\u00f3n, la industria de la fundici\u00f3n, la producci\u00f3n de cultivos de campo, planta de cemento , etc.<\/li>\n<\/ul>\n<\/li>\n<\/ul>\n<ul>\n<li style=\"list-style-type: none;\">\n<ul>\n<li data-spm-anchor-id=\"a2700.details.pronpeci14.i1.4a013f8bCLAWS0\">Protecci\u00f3n sencilla y ligera para la nariz, los senos paranasales y los pulmones.<\/li>\n<\/ul>\n<\/li>\n<\/ul>\n<ul>\n<li style=\"list-style-type: none;\">\n<ul>\n<li data-spm-anchor-id=\"a2700.details.pronpeci14.i1.4a013f8bCLAWS0\">Hecho de PVC de nivel m\u00e9dico se ajusta a la ligera, c\u00f3modo de usar<\/li>\n<\/ul>\n<\/li>\n<\/ul>\n<ul>\n<li style=\"list-style-type: none;\">\n<ul>\n<li data-spm-anchor-id=\"a2700.details.pronpeci14.i1.4a013f8bCLAWS0\">\u00a0Alta eficacia de filtraci\u00f3n y menor resistencia respiratoria<\/li>\n<\/ul>\n<\/li>\n<\/ul>\n<ul>\n<li style=\"list-style-type: none;\">\n<ul>\n<li data-spm-anchor-id=\"a2700.details.pronpeci14.i1.4a013f8bCLAWS0\">Fijaci\u00f3n en espiral para retirar f\u00e1cilmente el filtro viejo. Filtros de cartucho reemplazables, correas ajustables para un ajuste c\u00f3modo.<\/li>\n<\/ul>\n<\/li>\n<\/ul>\n<ul>\n<li style=\"list-style-type: none;\">\n<ul>\n<li data-spm-anchor-id=\"a2700.details.pronpeci14.i1.4a013f8bCLAWS0\">Dos estilos a elegir: cartucho simple o cartucho doble.<\/li>\n<\/ul>\n<\/li>\n<\/ul>\n<ul>\n<li style=\"list-style-type: none;\">\n<ul>\n<li data-spm-anchor-id=\"a2700.details.pronpeci14.i1.4a013f8bCLAWS0\">El cartucho qu\u00edmico es reemplazable<\/li>\n<\/ul>\n<\/li>\n<\/ul>\n<h2><strong>M\u00e1scara qu\u00edmica de media cara con especificaci\u00f3n de cartucho reemplazable:<\/strong><\/h2>\n<table>\n<tbody>\n<tr>\n<td width=\"189\">Art No.<\/td>\n<td width=\"189\">DM07<\/td>\n<td width=\"189\">DM07-2<\/td>\n<\/tr>\n<tr>\n<td width=\"189\">Estilo<\/td>\n<td width=\"189\">Cartucho individual<\/td>\n<td width=\"189\">Cartucho doble<\/td>\n<\/tr>\n<tr>\n<td width=\"189\">Funci\u00f3n<\/td>\n<td width=\"189\">A prueba de gases qu\u00edmicos<\/td>\n<td width=\"189\">A prueba de gases qu\u00edmicos<\/td>\n<\/tr>\n<tr>\n<td width=\"189\">Material<\/td>\n<td width=\"189\">Carcasa de PVC<\/td>\n<td width=\"189\">Carcasa de PVC<\/td>\n<\/tr>\n<tr>\n<td width=\"189\">Cartucho reemplazable<\/td>\n<td width=\"189\">S\u00ed<\/td>\n<td width=\"189\">S\u00ed<\/td>\n<\/tr>\n<tr>\n<td width=\"189\">Embalaje<\/td>\n<td width=\"189\">Caja de color<\/td>\n<td width=\"189\">Caja de color<\/td>\n<\/tr>\n<tr>\n<td width=\"189\">Logotipo<\/td>\n<td colspan=\"2\" width=\"378\">Logotipo del cliente disponible mediante el uso de pegatina o hacer caja de color especialmente dise\u00f1ado<\/td>\n<\/tr>\n<tr>\n<td width=\"189\">MOQ<\/td>\n<td width=\"189\">1000PCS<\/td>\n<td width=\"189\">1000PCS<\/td>\n<\/tr>\n<\/tbody>\n<\/table>\n<p>&nbsp;<\/p>","protected":false},"excerpt":{"rendered":"<p>N\u00ba de art\u00edculo : DM07\/DM07-2<\/p>\n<p>Material: marco de PVC blando<\/p>\n<p>Cartucho: Cartucho qu\u00edmico que incluye<\/p>\n<p>MOQ: 1000PCS<\/p>","protected":false},"featured_media":5989,"template":"","meta":{"_acf_changed":false},"product_brand":[],"product_cat":[352,351],"product_tag":[247],"class_list":{"0":"post-5988","1":"product","2":"type-product","3":"status-publish","4":"has-post-thumbnail","6":"product_cat-dust-mask-chemical-mask","7":"product_cat-respiratory-protection","8":"product_tag-half-face-chemical-mask","10":"first","11":"instock","12":"product-type-simple"},"acf":[],"_links":{"self":[{"href":"https:\/\/toprisesafety.com\/es\/wp-json\/wp\/v2\/product\/5988","targetHints":{"allow":["GET"]}}],"collection":[{"href":"https:\/\/toprisesafety.com\/es\/wp-json\/wp\/v2\/product"}],"about":[{"href":"https:\/\/toprisesafety.com\/es\/wp-json\/wp\/v2\/types\/product"}],"wp:featuredmedia":[{"embeddable":true,"href":"https:\/\/toprisesafety.com\/es\/wp-json\/wp\/v2\/media\/5989"}],"wp:attachment":[{"href":"https:\/\/toprisesafety.com\/es\/wp-json\/wp\/v2\/media?parent=5988"}],"wp:term":[{"taxonomy":"product_brand","embeddable":true,"href":"https:\/\/toprisesafety.com\/es\/wp-json\/wp\/v2\/product_brand?post=5988"},{"taxonomy":"product_cat","embeddable":true,"href":"https:\/\/toprisesafety.com\/es\/wp-json\/wp\/v2\/product_cat?post=5988"},{"taxonomy":"product_tag","embeddable":true,"href":"https:\/\/toprisesafety.com\/es\/wp-json\/wp\/v2\/product_tag?post=5988"}],"curies":[{"name":"wp","href":"https:\/\/api.w.org\/{rel}","templated":true}]}}