{"id":5982,"date":"2018-02-25T06:26:48","date_gmt":"2018-02-25T06:26:48","guid":{"rendered":"https:\/\/toprisesafety.com\/product\/35cm-40cm-45cm-red-pvc-gloves\/"},"modified":"2025-04-14T05:15:14","modified_gmt":"2025-04-14T05:15:14","slug":"35cm-40cm-45cm-red-pvc-gloves","status":"publish","type":"product","link":"https:\/\/toprisesafety.com\/es\/producto\/35cm-40cm-45cm-red-pvc-gloves\/","title":{"rendered":"35CM\/40CM\/45CM Guantes rojos de PVC"},"content":{"rendered":"<p><strong><span style=\"font-size: 140%;\">35CM\/40CM\/45CM Guantes rojos de PVC <\/span><\/strong><\/p>\n<ul>\n<li style=\"list-style-type: none;\">\n<ul>\n<li><span data-spm-anchor-id=\"a2700.details.pronpeci14.i1.4d2174ae8bKvIr\">Caracter\u00edsticas: gran resistencia a los aceites, \u00e1cidos y \u00e1lcalis, resistencia al desgaste, antisepsia y desodorizaci\u00f3n.<\/span><\/li>\n<\/ul>\n<\/li>\n<\/ul>\n<ul>\n<li style=\"list-style-type: none;\">\n<ul>\n<li>\u00a0Aplicaciones: yacimientos petrol\u00edferos, pesca, miner\u00eda y fabricaci\u00f3n de maquinaria.<\/li>\n<\/ul>\n<\/li>\n<\/ul>\n<ul>\n<li style=\"list-style-type: none;\">\n<ul>\n<li>The\u00a0 brand can be printed on according customers\u2019 requested.<\/li>\n<\/ul>\n<\/li>\n<\/ul>\n<ul>\n<li style=\"list-style-type: none;\">\n<ul>\n<li>Norma de calidad : CE EN388<\/li>\n<\/ul>\n<\/li>\n<\/ul>\n<ul>\n<li style=\"list-style-type: none;\">\n<ul>\n<li>Dos forros interiores diferentes: forro interlock o forro de jersey a elegir. El forro de jersey se utiliza para mantener el calor<\/li>\n<\/ul>\n<\/li>\n<\/ul>\n<ul>\n<li style=\"list-style-type: none;\">\n<ul>\n<li>35CM(14&#8243;)\/40CM(16&#8243;)\/45CM(18&#8243;) for choice<\/li>\n<\/ul>\n<\/li>\n<\/ul>\n<ul>\n<li style=\"list-style-type: none;\">\n<ul>\n<li>Logotipo: posibilidad de imprimir el logotipo del cliente en el dorso de los guantes<\/li>\n<\/ul>\n<\/li>\n<\/ul>\n<h2><strong>35CM\/40CM\/45CM Red PVC gloves specification:<\/strong><\/h2>\n<table>\n<tbody>\n<tr>\n<td width=\"189\">Art No.<\/td>\n<td width=\"341\">PVC01-I(Interlock lining) \/ PVC01-J ( Jersey lining)<\/td>\n<\/tr>\n<tr>\n<td width=\"189\">Material<\/td>\n<td width=\"341\">PVC rojo<\/td>\n<\/tr>\n<tr>\n<td width=\"189\">Acabado<\/td>\n<td width=\"341\">Superficie lisa<\/td>\n<\/tr>\n<tr>\n<td width=\"189\">Forro<\/td>\n<td width=\"341\">Interlock o jersey a elegir<\/td>\n<\/tr>\n<tr>\n<td width=\"189\">Longitud<\/td>\n<td width=\"341\">35CM (14&#8243;)\/ 40CM(16&#8243;)\/45CM(18&#8243;)<\/td>\n<\/tr>\n<tr>\n<td width=\"189\">Estilo<\/td>\n<td width=\"341\">Pu\u00f1o abierto<\/td>\n<\/tr>\n<tr>\n<td width=\"189\">Norma de calidad<\/td>\n<td width=\"341\">CE EN388<\/td>\n<\/tr>\n<tr>\n<td width=\"189\">Embalaje<\/td>\n<td width=\"341\">12PR\/DOZ, 5 or 10DOZ\/CTN<\/td>\n<\/tr>\n<\/tbody>\n<\/table>\n<p><img fetchpriority=\"high\" decoding=\"async\" class=\"size-full wp-image-839\" src=\"https:\/\/toprisesafety.com\/wp-content\/uploads\/2024\/08\/pvc01-2.jpg\" alt=\"Red PVC gloves \" width=\"500\" height=\"500\" \/><\/p>\n<p>TOPRISE admite varios estilos de personalizaci\u00f3n de guantes ba\u00f1ados en PVC; haga clic para <a href=\"https:\/\/toprisesafety.com\/es\/categoria-producto\/personal-protective-equipment\/hand-protection\/pvc-gloves\/\">ver m\u00e1s estilos de guantes recubiertos de PVC.<\/a><\/p>\n<p>Si no encuentra los guantes recubiertos de PVC que necesita, <a href=\"https:\/\/toprisesafety.com\/es\/contact-us\/\">Contacto<\/a>; apoyamos la personalizaci\u00f3n especial.<\/p>","protected":false},"excerpt":{"rendered":"<p>Art No.:\u00a0PVC01-I(Interlock lining) \/ PVC01-J ( Jersey lining)<\/p>\n<p>Material: PVC rojo<\/p>\n<p>Size: 35\/40\/45 CM<\/p>\n<p>Norma de calidad: CE EN388<\/p>","protected":false},"featured_media":5984,"template":"","meta":{"_acf_changed":false},"product_brand":[],"product_cat":[345,350],"product_tag":[242],"class_list":{"0":"post-5982","1":"product","2":"type-product","3":"status-publish","4":"has-post-thumbnail","6":"product_cat-hand-protection","7":"product_cat-pvc-gloves","8":"product_tag-35cm-40cm-45cm-red-pvc-gloves","10":"first","11":"instock","12":"product-type-simple"},"acf":[],"_links":{"self":[{"href":"https:\/\/toprisesafety.com\/es\/wp-json\/wp\/v2\/product\/5982"}],"collection":[{"href":"https:\/\/toprisesafety.com\/es\/wp-json\/wp\/v2\/product"}],"about":[{"href":"https:\/\/toprisesafety.com\/es\/wp-json\/wp\/v2\/types\/product"}],"wp:featuredmedia":[{"embeddable":true,"href":"https:\/\/toprisesafety.com\/es\/wp-json\/wp\/v2\/media\/5984"}],"wp:attachment":[{"href":"https:\/\/toprisesafety.com\/es\/wp-json\/wp\/v2\/media?parent=5982"}],"wp:term":[{"taxonomy":"product_brand","embeddable":true,"href":"https:\/\/toprisesafety.com\/es\/wp-json\/wp\/v2\/product_brand?post=5982"},{"taxonomy":"product_cat","embeddable":true,"href":"https:\/\/toprisesafety.com\/es\/wp-json\/wp\/v2\/product_cat?post=5982"},{"taxonomy":"product_tag","embeddable":true,"href":"https:\/\/toprisesafety.com\/es\/wp-json\/wp\/v2\/product_tag?post=5982"}],"curies":[{"name":"wp","href":"https:\/\/api.w.org\/{rel}","templated":true}]}}